{"id":858,"date":"2017-01-18T11:46:53","date_gmt":"2017-01-18T10:46:53","guid":{"rendered":"http:\/\/www.campingchadeyron.com\/camping-ardeche-restauration\/"},"modified":"2024-02-21T14:06:31","modified_gmt":"2024-02-21T13:06:31","slug":"bewirtung-campingplatz-ardeche","status":"publish","type":"page","link":"https:\/\/www.campingchadeyron.com\/de\/bewirtung-campingplatz-ardeche\/","title":{"rendered":"Bewirtung auf dem Campingplatz"},"content":{"rendered":"<p>[vc_row][vc_column width=&#8220;1\/3&#8243; css=&#8220;.vc_custom_1485875185457{padding-right: 4px !important;padding-left: 4px !important;}&#8220;][vc_column_text el_class=&#8220;block-slogan&#8220; css=&#8220;.vc_custom_1504773300332{margin-bottom: 8px !important;}&#8220;]Snack mit lokalen Produkten,<br \/>\nfrischem Brot und Geb\u00e4ck<br \/>\nvor Ort gebacken[\/vc_column_text][vc_column_text el_class=&#8220;bg-txt&#8220; css=&#8220;.vc_custom_1504773314457{margin-bottom: 8px !important;padding-top: 20px !important;padding-right: 20px !important;padding-bottom: 20px !important;padding-left: 20px !important;}&#8220;]<\/p>\n<p style=\"text-align: center;\"><em>(Jeden Morgen auf Bestellung)<\/em><\/p>\n<p>[\/vc_column_text][\/vc_column][vc_column width=&#8220;2\/3&#8243; css=&#8220;.vc_custom_1485875195596{padding-right: 4px !important;padding-left: 4px !important;}&#8220;][vc_single_image image=&#8220;240&#8243; img_size=&#8220;full&#8220; alignment=&#8220;center&#8220; el_class=&#8220;border-img&#8220; css=&#8220;.vc_custom_1486032348847{margin-bottom: 8px !important;}&#8220;][\/vc_column][\/vc_row][vc_row][vc_column width=&#8220;1\/2&#8243; css=&#8220;.vc_custom_1485875207633{padding-right: 4px !important;padding-left: 4px !important;}&#8220;][vc_column_text]\n\t\t<!-- MasterSlider -->\n\t\t<div id=\"P_MS69e0d995553b9\" class=\"master-slider-parent msl ms-parent-id-7\" style=\"max-width:577px;\">\n\n\t\t\t\n\t\t\t<!-- MasterSlider Main -->\n\t\t\t<div id=\"MS69e0d995553b9\" class=\"master-slider ms-skin-default\" >\n\t\t\t\t \t\t\t\t \n\t\t\t\t<div  class=\"ms-slide\" data-delay=\"3\" data-fill-mode=\"fill\"  >\n\t\t\t\t\t<img decoding=\"async\" src=\"https:\/\/www.campingchadeyron.com\/wp-content\/plugins\/master-slider\/public\/assets\/css\/blank.gif\" alt=\"\" title=\"\" data-src=\"https:\/\/www.campingchadeyron.com\/wp-content\/uploads\/2024\/02\/page-restauration-section3-slider-1.jpg\" \/>\n\n\n\t<img decoding=\"async\" class=\"ms-thumb\" src=\"https:\/\/www.campingchadeyron.com\/wp-content\/uploads\/2024\/02\/page-restauration-section3-slider-1-100x80.jpg\" alt=\"\" \/>\n\t<div class=\"ms-thumb\" ><div class=\"ms-tab-context\"><div class=\"&quot;ms-tab-context&quot;\"><\/div><\/div>\n<\/div>\n\t\t\t\t<\/div>\n\t\t\t\t<div  class=\"ms-slide\" data-delay=\"3\" data-fill-mode=\"fill\"  >\n\t\t\t\t\t<img decoding=\"async\" src=\"https:\/\/www.campingchadeyron.com\/wp-content\/plugins\/master-slider\/public\/assets\/css\/blank.gif\" alt=\"\" title=\"\" data-src=\"https:\/\/www.campingchadeyron.com\/wp-content\/uploads\/2024\/02\/page-restauration-section3-slider-4.jpg\" \/>\n\n\n\t<img decoding=\"async\" class=\"ms-thumb\" src=\"https:\/\/www.campingchadeyron.com\/wp-content\/uploads\/2024\/02\/page-restauration-section3-slider-4-100x80.jpg\" alt=\"\" \/>\n\t<div class=\"ms-thumb\" ><div class=\"ms-tab-context\"><div class=\"&quot;ms-tab-context&quot;\"><\/div><\/div>\n<\/div>\n\t\t\t\t<\/div>\n\t\t\t\t<div  class=\"ms-slide\" data-delay=\"3\" data-fill-mode=\"fill\"  >\n\t\t\t\t\t<img decoding=\"async\" src=\"https:\/\/www.campingchadeyron.com\/wp-content\/plugins\/master-slider\/public\/assets\/css\/blank.gif\" alt=\"\" title=\"\" data-src=\"https:\/\/www.campingchadeyron.com\/wp-content\/uploads\/2024\/02\/page-restauration-section3-slider-3.jpg\" \/>\n\n\n\t<img decoding=\"async\" class=\"ms-thumb\" src=\"https:\/\/www.campingchadeyron.com\/wp-content\/uploads\/2024\/02\/page-restauration-section3-slider-3-100x80.jpg\" alt=\"\" \/>\n\t<div class=\"ms-thumb\" ><div class=\"ms-tab-context\"><div class=\"&quot;ms-tab-context&quot;\"><\/div><\/div>\n<\/div>\n\t\t\t\t<\/div>\n\t\t\t\t<div  class=\"ms-slide\" data-delay=\"3\" data-fill-mode=\"fill\"  >\n\t\t\t\t\t<img decoding=\"async\" src=\"https:\/\/www.campingchadeyron.com\/wp-content\/plugins\/master-slider\/public\/assets\/css\/blank.gif\" alt=\"\" title=\"\" data-src=\"https:\/\/www.campingchadeyron.com\/wp-content\/uploads\/2024\/02\/page-restauration-section3-slider-2.jpg\" \/>\n\n\n\t<img decoding=\"async\" class=\"ms-thumb\" src=\"https:\/\/www.campingchadeyron.com\/wp-content\/uploads\/2024\/02\/page-restauration-section3-slider-2-100x80.jpg\" alt=\"\" \/>\n\t<div class=\"ms-thumb\" ><div class=\"ms-tab-context\"><div class=\"&quot;ms-tab-context&quot;\"><\/div><\/div>\n<\/div>\n\t\t\t\t<\/div>\n\n\t\t\t<\/div>\n\t\t\t<!-- END MasterSlider Main -->\n\n\t\t\t \n\t\t<\/div>\n\t\t<!-- END MasterSlider -->\n\n\t\t<script>\n\t\t(function ( $ ) {\n\t\t\t\"use strict\";\n\n\t\t\t$(function () {\n\t\t\t\tvar masterslider_53b9 = new MasterSlider();\n\n\t\t\t\t\/\/ slider controls\n\n\t\t\t\tmasterslider_53b9.control('thumblist'  ,{ autohide:false, overVideo:true, dir:'h', speed:17, inset:false, arrows:false, hover:false, customClass:'', align:'bottom',type:'thumbs', margin:8, width:100, height:80, space:8, fillMode:'fill'  });\n\t\t\t\t\/\/ slider setup\n\t\t\t\tmasterslider_53b9.setup(\"MS69e0d995553b9\", {\n\t\t\t\t\t\twidth           : 577,\n\t\t\t\t\t\theight          : 310,\n\t\t\t\t\t\tminHeight       : 0,\n\t\t\t\t\t\tspace           : 0,\n\t\t\t\t\t\tstart           : 1,\n\t\t\t\t\t\tgrabCursor      : true,\n\t\t\t\t\t\tswipe           : true,\n\t\t\t\t\t\tmouse           : true,\n\t\t\t\t\t\tlayout          : \"boxed\",\n\t\t\t\t\t\twheel           : false,\n\t\t\t\t\t\tautoplay        : false,\n\t\t\t\t\t\tinstantStartLayers:false,\n\t\t\t\t\t\tloop            : false,\n\t\t\t\t\t\tshuffle         : false,\n\t\t\t\t\t\tpreload         : 0,\n\t\t\t\t\t\theightLimit     : true,\n\t\t\t\t\t\tautoHeight      : false,\n\t\t\t\t\t\tsmoothHeight    : true,\n\t\t\t\t\t\tendPause        : false,\n\t\t\t\t\t\toverPause       : true,\n\t\t\t\t\t\tfillMode        : \"fill\",\n\t\t\t\t\t\tcenterControls  : true,\n\t\t\t\t\t\tstartOnAppear   : false,\n\t\t\t\t\t\tlayersMode      : \"center\",\n\t\t\t\t\t\thideLayers      : false,\n\t\t\t\t\t\tfullscreenMargin: 0,\n\t\t\t\t\t\tspeed           : 20,\n\t\t\t\t\t\tdir             : \"h\",\n\t\t\t\t\t\tparallaxMode    : 'swipe',\n\t\t\t\t\t\tview            : \"basic\"\n\t\t\t\t});\n\n\t\t\t\t\n\t\t\t\twindow.masterslider_instances = window.masterslider_instances || [];\n\t\t\t\twindow.masterslider_instances.push( masterslider_53b9 );\n\t\t\t });\n\n\t\t})(jQuery);\n\t\t<\/script>\n\n[\/vc_column_text][\/vc_column][vc_column width=&#8220;1\/2&#8243; css=&#8220;.vc_custom_1485875218605{padding-right: 4px !important;padding-left: 4px !important;}&#8220;][vc_column_text el_class=&#8220;bg-txt&#8220;]<span style=\"font-weight: bold;\">Eine Bar, Eisdiele, Restaurant :<\/span><br \/>\nSalate, Steak Frites, hausgemachte Pizza, gebratenes Huhn vom Bauernhof, etc&#8230;)<\/p>\n<p>Einmal in der Woche Themenabende mit Kinder-Show oder ein Konzert.<\/p>\n<p>M\u00f6glichkeit zum Fr\u00fchst\u00fcck an der Bar des <a href=\"\/de\/\">Campingplatzes Ardeche<\/a>.[\/vc_column_text][\/vc_column][\/vc_row]<\/p>\n","protected":false},"excerpt":{"rendered":"<p>[vc_row][vc_column width=&#8220;1\/3&#8243; css=&#8220;.vc_custom_1485875185457{padding-right: 4px !important;padding-left: 4px !important;}&#8220;][vc_column_text el_class=&#8220;block-slogan&#8220; css=&#8220;.vc_custom_1504773300332{margin-bottom: 8px [&hellip;]<\/p>\n<a href=\"https:\/\/www.campingchadeyron.com\/de\/bewirtung-campingplatz-ardeche\/\">View Post<\/a>","protected":false},"author":1,"featured_media":1712,"parent":0,"menu_order":0,"comment_status":"closed","ping_status":"closed","template":"","meta":{"_acf_changed":false,"footnotes":""},"class_list":["post-858","page","type-page","status-publish","has-post-thumbnail","hentry"],"acf":[],"yoast_head":"<!-- This site is optimized with the Yoast SEO plugin v25.3 - https:\/\/yoast.com\/wordpress\/plugins\/seo\/ -->\n<title>Campingplatz mit Restaurant Ardeche - Camping Vallon Pont d&#039; Arc bar<\/title>\n<meta name=\"robots\" content=\"index, follow, max-snippet:-1, max-image-preview:large, max-video-preview:-1\" \/>\n<link rel=\"canonical\" href=\"https:\/\/www.campingchadeyron.com\/de\/bewirtung-campingplatz-ardeche\/\" \/>\n<meta property=\"og:locale\" content=\"de_DE\" \/>\n<meta property=\"og:type\" content=\"article\" \/>\n<meta property=\"og:title\" content=\"Campingplatz mit Restaurant Ardeche - Camping Vallon Pont d&#039; Arc bar\" \/>\n<meta property=\"og:description\" content=\"[vc_row][vc_column width=&#8220;1\/3&#8243; css=&#8220;.vc_custom_1485875185457{padding-right: 4px !important;padding-left: 4px !important;}&#8220;][vc_column_text el_class=&#8220;block-slogan&#8220; css=&#8220;.vc_custom_1504773300332{margin-bottom: 8px [&hellip;]\" \/>\n<meta property=\"og:url\" content=\"https:\/\/www.campingchadeyron.com\/de\/bewirtung-campingplatz-ardeche\/\" \/>\n<meta property=\"og:site_name\" content=\"Camping Chadeyron\" \/>\n<meta property=\"article:modified_time\" content=\"2024-02-21T13:06:31+00:00\" \/>\n<meta property=\"og:image\" content=\"https:\/\/www.campingchadeyron.com\/wp-content\/uploads\/2024\/02\/page-restauration-banner.jpg\" \/>\n\t<meta property=\"og:image:width\" content=\"1903\" \/>\n\t<meta property=\"og:image:height\" content=\"350\" \/>\n\t<meta property=\"og:image:type\" content=\"image\/jpeg\" \/>\n<meta name=\"twitter:card\" content=\"summary_large_image\" \/>\n<meta name=\"twitter:label1\" content=\"Gesch\u00e4tzte Lesezeit\" \/>\n\t<meta name=\"twitter:data1\" content=\"1\u00a0Minute\" \/>\n<script type=\"application\/ld+json\" class=\"yoast-schema-graph\">{\"@context\":\"https:\/\/schema.org\",\"@graph\":[{\"@type\":\"WebPage\",\"@id\":\"https:\/\/www.campingchadeyron.com\/de\/bewirtung-campingplatz-ardeche\/\",\"url\":\"https:\/\/www.campingchadeyron.com\/de\/bewirtung-campingplatz-ardeche\/\",\"name\":\"Campingplatz mit Restaurant Ardeche - Camping Vallon Pont d' Arc bar\",\"isPartOf\":{\"@id\":\"https:\/\/www.campingchadeyron.com\/#website\"},\"primaryImageOfPage\":{\"@id\":\"https:\/\/www.campingchadeyron.com\/de\/bewirtung-campingplatz-ardeche\/#primaryimage\"},\"image\":{\"@id\":\"https:\/\/www.campingchadeyron.com\/de\/bewirtung-campingplatz-ardeche\/#primaryimage\"},\"thumbnailUrl\":\"https:\/\/www.campingchadeyron.com\/wp-content\/uploads\/2024\/02\/page-restauration-banner.jpg\",\"datePublished\":\"2017-01-18T10:46:53+00:00\",\"dateModified\":\"2024-02-21T13:06:31+00:00\",\"breadcrumb\":{\"@id\":\"https:\/\/www.campingchadeyron.com\/de\/bewirtung-campingplatz-ardeche\/#breadcrumb\"},\"inLanguage\":\"de\",\"potentialAction\":[{\"@type\":\"ReadAction\",\"target\":[\"https:\/\/www.campingchadeyron.com\/de\/bewirtung-campingplatz-ardeche\/\"]}]},{\"@type\":\"ImageObject\",\"inLanguage\":\"de\",\"@id\":\"https:\/\/www.campingchadeyron.com\/de\/bewirtung-campingplatz-ardeche\/#primaryimage\",\"url\":\"https:\/\/www.campingchadeyron.com\/wp-content\/uploads\/2024\/02\/page-restauration-banner.jpg\",\"contentUrl\":\"https:\/\/www.campingchadeyron.com\/wp-content\/uploads\/2024\/02\/page-restauration-banner.jpg\",\"width\":1903,\"height\":350},{\"@type\":\"BreadcrumbList\",\"@id\":\"https:\/\/www.campingchadeyron.com\/de\/bewirtung-campingplatz-ardeche\/#breadcrumb\",\"itemListElement\":[{\"@type\":\"ListItem\",\"position\":1,\"name\":\"Accueil\",\"item\":\"https:\/\/www.campingchadeyron.com\/de\/\"},{\"@type\":\"ListItem\",\"position\":2,\"name\":\"Bewirtung auf dem Campingplatz\"}]},{\"@type\":\"WebSite\",\"@id\":\"https:\/\/www.campingchadeyron.com\/#website\",\"url\":\"https:\/\/www.campingchadeyron.com\/\",\"name\":\"Camping Chadeyron\",\"description\":\"\",\"publisher\":{\"@id\":\"https:\/\/www.campingchadeyron.com\/#organization\"},\"potentialAction\":[{\"@type\":\"SearchAction\",\"target\":{\"@type\":\"EntryPoint\",\"urlTemplate\":\"https:\/\/www.campingchadeyron.com\/?s={search_term_string}\"},\"query-input\":{\"@type\":\"PropertyValueSpecification\",\"valueRequired\":true,\"valueName\":\"search_term_string\"}}],\"inLanguage\":\"de\"},{\"@type\":\"Organization\",\"@id\":\"https:\/\/www.campingchadeyron.com\/#organization\",\"name\":\"Domaine de Chadeyron\",\"url\":\"https:\/\/www.campingchadeyron.com\/\",\"logo\":{\"@type\":\"ImageObject\",\"inLanguage\":\"de\",\"@id\":\"https:\/\/www.campingchadeyron.com\/#\/schema\/logo\/image\/\",\"url\":\"https:\/\/www.campingchadeyron.com\/wp-content\/uploads\/2025\/05\/domaine-de-chadeyron.png\",\"contentUrl\":\"https:\/\/www.campingchadeyron.com\/wp-content\/uploads\/2025\/05\/domaine-de-chadeyron.png\",\"width\":215,\"height\":112,\"caption\":\"Domaine de Chadeyron\"},\"image\":{\"@id\":\"https:\/\/www.campingchadeyron.com\/#\/schema\/logo\/image\/\"}}]}<\/script>\n<!-- \/ Yoast SEO plugin. -->","yoast_head_json":{"title":"Campingplatz mit Restaurant Ardeche - Camping Vallon Pont d' Arc bar","robots":{"index":"index","follow":"follow","max-snippet":"max-snippet:-1","max-image-preview":"max-image-preview:large","max-video-preview":"max-video-preview:-1"},"canonical":"https:\/\/www.campingchadeyron.com\/de\/bewirtung-campingplatz-ardeche\/","og_locale":"de_DE","og_type":"article","og_title":"Campingplatz mit Restaurant Ardeche - Camping Vallon Pont d' Arc bar","og_description":"[vc_row][vc_column width=&#8220;1\/3&#8243; css=&#8220;.vc_custom_1485875185457{padding-right: 4px !important;padding-left: 4px !important;}&#8220;][vc_column_text el_class=&#8220;block-slogan&#8220; css=&#8220;.vc_custom_1504773300332{margin-bottom: 8px [&hellip;]","og_url":"https:\/\/www.campingchadeyron.com\/de\/bewirtung-campingplatz-ardeche\/","og_site_name":"Camping Chadeyron","article_modified_time":"2024-02-21T13:06:31+00:00","og_image":[{"width":1903,"height":350,"url":"https:\/\/www.campingchadeyron.com\/wp-content\/uploads\/2024\/02\/page-restauration-banner.jpg","type":"image\/jpeg"}],"twitter_card":"summary_large_image","twitter_misc":{"Gesch\u00e4tzte Lesezeit":"1\u00a0Minute"},"schema":{"@context":"https:\/\/schema.org","@graph":[{"@type":"WebPage","@id":"https:\/\/www.campingchadeyron.com\/de\/bewirtung-campingplatz-ardeche\/","url":"https:\/\/www.campingchadeyron.com\/de\/bewirtung-campingplatz-ardeche\/","name":"Campingplatz mit Restaurant Ardeche - Camping Vallon Pont d' Arc bar","isPartOf":{"@id":"https:\/\/www.campingchadeyron.com\/#website"},"primaryImageOfPage":{"@id":"https:\/\/www.campingchadeyron.com\/de\/bewirtung-campingplatz-ardeche\/#primaryimage"},"image":{"@id":"https:\/\/www.campingchadeyron.com\/de\/bewirtung-campingplatz-ardeche\/#primaryimage"},"thumbnailUrl":"https:\/\/www.campingchadeyron.com\/wp-content\/uploads\/2024\/02\/page-restauration-banner.jpg","datePublished":"2017-01-18T10:46:53+00:00","dateModified":"2024-02-21T13:06:31+00:00","breadcrumb":{"@id":"https:\/\/www.campingchadeyron.com\/de\/bewirtung-campingplatz-ardeche\/#breadcrumb"},"inLanguage":"de","potentialAction":[{"@type":"ReadAction","target":["https:\/\/www.campingchadeyron.com\/de\/bewirtung-campingplatz-ardeche\/"]}]},{"@type":"ImageObject","inLanguage":"de","@id":"https:\/\/www.campingchadeyron.com\/de\/bewirtung-campingplatz-ardeche\/#primaryimage","url":"https:\/\/www.campingchadeyron.com\/wp-content\/uploads\/2024\/02\/page-restauration-banner.jpg","contentUrl":"https:\/\/www.campingchadeyron.com\/wp-content\/uploads\/2024\/02\/page-restauration-banner.jpg","width":1903,"height":350},{"@type":"BreadcrumbList","@id":"https:\/\/www.campingchadeyron.com\/de\/bewirtung-campingplatz-ardeche\/#breadcrumb","itemListElement":[{"@type":"ListItem","position":1,"name":"Accueil","item":"https:\/\/www.campingchadeyron.com\/de\/"},{"@type":"ListItem","position":2,"name":"Bewirtung auf dem Campingplatz"}]},{"@type":"WebSite","@id":"https:\/\/www.campingchadeyron.com\/#website","url":"https:\/\/www.campingchadeyron.com\/","name":"Camping Chadeyron","description":"","publisher":{"@id":"https:\/\/www.campingchadeyron.com\/#organization"},"potentialAction":[{"@type":"SearchAction","target":{"@type":"EntryPoint","urlTemplate":"https:\/\/www.campingchadeyron.com\/?s={search_term_string}"},"query-input":{"@type":"PropertyValueSpecification","valueRequired":true,"valueName":"search_term_string"}}],"inLanguage":"de"},{"@type":"Organization","@id":"https:\/\/www.campingchadeyron.com\/#organization","name":"Domaine de Chadeyron","url":"https:\/\/www.campingchadeyron.com\/","logo":{"@type":"ImageObject","inLanguage":"de","@id":"https:\/\/www.campingchadeyron.com\/#\/schema\/logo\/image\/","url":"https:\/\/www.campingchadeyron.com\/wp-content\/uploads\/2025\/05\/domaine-de-chadeyron.png","contentUrl":"https:\/\/www.campingchadeyron.com\/wp-content\/uploads\/2025\/05\/domaine-de-chadeyron.png","width":215,"height":112,"caption":"Domaine de Chadeyron"},"image":{"@id":"https:\/\/www.campingchadeyron.com\/#\/schema\/logo\/image\/"}}]}},"_links":{"self":[{"href":"https:\/\/www.campingchadeyron.com\/de\/wp-json\/wp\/v2\/pages\/858"}],"collection":[{"href":"https:\/\/www.campingchadeyron.com\/de\/wp-json\/wp\/v2\/pages"}],"about":[{"href":"https:\/\/www.campingchadeyron.com\/de\/wp-json\/wp\/v2\/types\/page"}],"author":[{"embeddable":true,"href":"https:\/\/www.campingchadeyron.com\/de\/wp-json\/wp\/v2\/users\/1"}],"replies":[{"embeddable":true,"href":"https:\/\/www.campingchadeyron.com\/de\/wp-json\/wp\/v2\/comments?post=858"}],"version-history":[{"count":3,"href":"https:\/\/www.campingchadeyron.com\/de\/wp-json\/wp\/v2\/pages\/858\/revisions"}],"predecessor-version":[{"id":1716,"href":"https:\/\/www.campingchadeyron.com\/de\/wp-json\/wp\/v2\/pages\/858\/revisions\/1716"}],"wp:featuredmedia":[{"embeddable":true,"href":"https:\/\/www.campingchadeyron.com\/de\/wp-json\/wp\/v2\/media\/1712"}],"wp:attachment":[{"href":"https:\/\/www.campingchadeyron.com\/de\/wp-json\/wp\/v2\/media?parent=858"}],"curies":[{"name":"wp","href":"https:\/\/api.w.org\/{rel}","templated":true}]}}