{"id":867,"date":"2017-02-20T10:05:42","date_gmt":"2017-02-20T09:05:42","guid":{"rendered":"http:\/\/www.campingchadeyron.com\/camping-ardeche-ecologie\/"},"modified":"2024-02-21T14:15:17","modified_gmt":"2024-02-21T13:15:17","slug":"camping-ardeche-okologie","status":"publish","type":"page","link":"https:\/\/www.campingchadeyron.com\/de\/camping-ardeche-okologie\/","title":{"rendered":"Camping Ardeche : \u00d6kologie"},"content":{"rendered":"<p>[vc_row][vc_column width=&#8220;1\/3&#8243; css=&#8220;.vc_custom_1485875185457{padding-right: 4px !important;padding-left: 4px !important;}&#8220;][vc_column_text el_class=&#8220;block-slogan&#8220; css=&#8220;.vc_custom_1504774856887{margin-bottom: 8px !important;padding-top: 137px !important;padding-bottom: 138px !important;}&#8220;]Kein Einsatz von Pestiziden<br \/>\nauf Gr\u00fcnfl\u00e4chen[\/vc_column_text][\/vc_column][vc_column width=&#8220;2\/3&#8243; css=&#8220;.vc_custom_1485875195596{padding-right: 4px !important;padding-left: 4px !important;}&#8220;][vc_single_image image=&#8220;424&#8243; img_size=&#8220;full&#8220; alignment=&#8220;center&#8220; el_class=&#8220;border-img&#8220; css=&#8220;.vc_custom_1487581934707{margin-bottom: 8px !important;}&#8220;][\/vc_column][\/vc_row][vc_row][vc_column width=&#8220;1\/2&#8243; css=&#8220;.vc_custom_1485875207633{padding-right: 4px !important;padding-left: 4px !important;}&#8220;][vc_column_text]\n\t\t<!-- MasterSlider -->\n\t\t<div id=\"P_MS69f377a8b3130\" class=\"master-slider-parent msl ms-parent-id-8\" style=\"max-width:577px;\">\n\n\t\t\t\n\t\t\t<!-- MasterSlider Main -->\n\t\t\t<div id=\"MS69f377a8b3130\" class=\"master-slider ms-skin-default\" >\n\t\t\t\t \t\t\t\t \n\t\t\t\t<div  class=\"ms-slide\" data-delay=\"3\" data-fill-mode=\"fill\"  >\n\t\t\t\t\t<img decoding=\"async\" src=\"https:\/\/www.campingchadeyron.com\/wp-content\/plugins\/master-slider\/public\/assets\/css\/blank.gif\" alt=\"\" title=\"\" data-src=\"https:\/\/www.campingchadeyron.com\/wp-content\/uploads\/2024\/02\/page-ecologie-section2-slider-1.jpg\" \/>\n\n\n\t<img decoding=\"async\" class=\"ms-thumb\" src=\"https:\/\/www.campingchadeyron.com\/wp-content\/uploads\/2024\/02\/page-ecologie-section2-slider-1-100x80.jpg\" alt=\"\" \/>\n\t<div class=\"ms-thumb\" ><div class=\"ms-tab-context\"><div class=\"&quot;ms-tab-context&quot;\"><\/div><\/div>\n<\/div>\n\t\t\t\t<\/div>\n\t\t\t\t<div  class=\"ms-slide\" data-delay=\"3\" data-fill-mode=\"fill\"  >\n\t\t\t\t\t<img decoding=\"async\" src=\"https:\/\/www.campingchadeyron.com\/wp-content\/plugins\/master-slider\/public\/assets\/css\/blank.gif\" alt=\"\" title=\"\" data-src=\"https:\/\/www.campingchadeyron.com\/wp-content\/uploads\/2024\/02\/page-ecologie-section2-slider-5.jpg\" \/>\n\n\n\t<img decoding=\"async\" class=\"ms-thumb\" src=\"https:\/\/www.campingchadeyron.com\/wp-content\/uploads\/2024\/02\/page-ecologie-section2-slider-5-100x80.jpg\" alt=\"\" \/>\n\t<div class=\"ms-thumb\" ><div class=\"ms-tab-context\"><div class=\"&quot;ms-tab-context&quot;\"><\/div><\/div>\n<\/div>\n\t\t\t\t<\/div>\n\t\t\t\t<div  class=\"ms-slide\" data-delay=\"3\" data-fill-mode=\"fill\"  >\n\t\t\t\t\t<img decoding=\"async\" src=\"https:\/\/www.campingchadeyron.com\/wp-content\/plugins\/master-slider\/public\/assets\/css\/blank.gif\" alt=\"\" title=\"\" data-src=\"https:\/\/www.campingchadeyron.com\/wp-content\/uploads\/2024\/02\/page-ecologie-section2-slider-3.jpg\" \/>\n\n\n\t<img decoding=\"async\" class=\"ms-thumb\" src=\"https:\/\/www.campingchadeyron.com\/wp-content\/uploads\/2024\/02\/page-ecologie-section2-slider-3-100x80.jpg\" alt=\"\" \/>\n\t<div class=\"ms-thumb\" ><div class=\"ms-tab-context\"><div class=\"&quot;ms-tab-context&quot;\"><\/div><\/div>\n<\/div>\n\t\t\t\t<\/div>\n\t\t\t\t<div  class=\"ms-slide\" data-delay=\"3\" data-fill-mode=\"fill\"  >\n\t\t\t\t\t<img decoding=\"async\" src=\"https:\/\/www.campingchadeyron.com\/wp-content\/plugins\/master-slider\/public\/assets\/css\/blank.gif\" alt=\"\" title=\"\" data-src=\"https:\/\/www.campingchadeyron.com\/wp-content\/uploads\/2024\/02\/page-ecologie-section2-slider-2.jpg\" \/>\n\n\n\t<img decoding=\"async\" class=\"ms-thumb\" src=\"https:\/\/www.campingchadeyron.com\/wp-content\/uploads\/2024\/02\/page-ecologie-section2-slider-2-100x80.jpg\" alt=\"\" \/>\n\t<div class=\"ms-thumb\" ><div class=\"ms-tab-context\"><div class=\"&quot;ms-tab-context&quot;\"><\/div><\/div>\n<\/div>\n\t\t\t\t<\/div>\n\t\t\t\t<div  class=\"ms-slide\" data-delay=\"3\" data-fill-mode=\"fill\"  >\n\t\t\t\t\t<img decoding=\"async\" src=\"https:\/\/www.campingchadeyron.com\/wp-content\/plugins\/master-slider\/public\/assets\/css\/blank.gif\" alt=\"\" title=\"\" data-src=\"https:\/\/www.campingchadeyron.com\/wp-content\/uploads\/2024\/02\/page-ecologie-section2-slider-4.jpg\" \/>\n\n\n\t<img decoding=\"async\" class=\"ms-thumb\" src=\"https:\/\/www.campingchadeyron.com\/wp-content\/uploads\/2024\/02\/page-ecologie-section2-slider-4-100x80.jpg\" alt=\"\" \/>\n\t<div class=\"ms-thumb\" ><div class=\"ms-tab-context\"><div class=\"&quot;ms-tab-context&quot;\"><\/div><\/div>\n<\/div>\n\t\t\t\t<\/div>\n\n\t\t\t<\/div>\n\t\t\t<!-- END MasterSlider Main -->\n\n\t\t\t \n\t\t<\/div>\n\t\t<!-- END MasterSlider -->\n\n\t\t<script>\n\t\t(function ( $ ) {\n\t\t\t\"use strict\";\n\n\t\t\t$(function () {\n\t\t\t\tvar masterslider_3130 = new MasterSlider();\n\n\t\t\t\t\/\/ slider controls\n\n\t\t\t\tmasterslider_3130.control('thumblist'  ,{ autohide:false, overVideo:true, dir:'h', speed:17, inset:false, arrows:false, hover:false, customClass:'', align:'bottom',type:'thumbs', margin:8, width:100, height:80, space:8, fillMode:'fill'  });\n\t\t\t\t\/\/ slider setup\n\t\t\t\tmasterslider_3130.setup(\"MS69f377a8b3130\", {\n\t\t\t\t\t\twidth           : 577,\n\t\t\t\t\t\theight          : 310,\n\t\t\t\t\t\tminHeight       : 0,\n\t\t\t\t\t\tspace           : 0,\n\t\t\t\t\t\tstart           : 1,\n\t\t\t\t\t\tgrabCursor      : true,\n\t\t\t\t\t\tswipe           : true,\n\t\t\t\t\t\tmouse           : true,\n\t\t\t\t\t\tlayout          : \"boxed\",\n\t\t\t\t\t\twheel           : false,\n\t\t\t\t\t\tautoplay        : false,\n\t\t\t\t\t\tinstantStartLayers:false,\n\t\t\t\t\t\tloop            : false,\n\t\t\t\t\t\tshuffle         : false,\n\t\t\t\t\t\tpreload         : 0,\n\t\t\t\t\t\theightLimit     : true,\n\t\t\t\t\t\tautoHeight      : false,\n\t\t\t\t\t\tsmoothHeight    : true,\n\t\t\t\t\t\tendPause        : false,\n\t\t\t\t\t\toverPause       : true,\n\t\t\t\t\t\tfillMode        : \"fill\",\n\t\t\t\t\t\tcenterControls  : true,\n\t\t\t\t\t\tstartOnAppear   : false,\n\t\t\t\t\t\tlayersMode      : \"center\",\n\t\t\t\t\t\thideLayers      : false,\n\t\t\t\t\t\tfullscreenMargin: 0,\n\t\t\t\t\t\tspeed           : 20,\n\t\t\t\t\t\tdir             : \"h\",\n\t\t\t\t\t\tparallaxMode    : 'swipe',\n\t\t\t\t\t\tview            : \"basic\"\n\t\t\t\t});\n\n\t\t\t\t\n\t\t\t\twindow.masterslider_instances = window.masterslider_instances || [];\n\t\t\t\twindow.masterslider_instances.push( masterslider_3130 );\n\t\t\t });\n\n\t\t})(jQuery);\n\t\t<\/script>\n\n[\/vc_column_text][\/vc_column][vc_column width=&#8220;1\/2&#8243; css=&#8220;.vc_custom_1485875218605{padding-right: 4px !important;padding-left: 4px !important;}&#8220;][vc_column_text el_class=&#8220;bg-txt&#8220; css=&#8220;.vc_custom_1504774900001{margin-bottom: 8px !important;}&#8220;]Wir verwenden biologische Produkte f\u00fcr die Reinigung von<br \/>\nToiletten und Unterkunft[\/vc_column_text][vc_column_text el_class=&#8220;bg-txt&#8220; css=&#8220;.vc_custom_1504774978961{margin-bottom: 8px !important;}&#8220;]F\u00fcr die Pflege unserer 40 Hektar Gr\u00fcnfl\u00e4che<br \/>\nverwenden wir leise Rasenm\u00e4her und \u00f6kologisch und nett f\u00fcr alle :<br \/>\nunsere Ziegen, Esel und Pferde[\/vc_column_text][\/vc_column][\/vc_row][vc_row][vc_column width=&#8220;2\/3&#8243; css=&#8220;.vc_custom_1485875185457{padding-right: 4px !important;padding-left: 4px !important;}&#8220;][vc_single_image image=&#8220;425&#8243; img_size=&#8220;full&#8220; alignment=&#8220;center&#8220; el_class=&#8220;border-img&#8220; css=&#8220;.vc_custom_1487581897364{margin-bottom: 8px !important;}&#8220;][\/vc_column][vc_column width=&#8220;1\/3&#8243; css=&#8220;.vc_custom_1485875195596{padding-right: 4px !important;padding-left: 4px !important;}&#8220;][vc_column_text el_class=&#8220;block-slogan&#8220; css=&#8220;.vc_custom_1504775067533{margin-bottom: 8px !important;padding-top: 37px !important;padding-bottom: 38px !important;}&#8220;]Neu in 2017 : Ein Holzhangar f\u00fcr die dauerhafte Unterbringung von Wohnwagen. Das Dach ist mit Solarzellen bedeckt, die einen Drittel des Strombedarfs f\u00fcr den <a href=\"\/de\/\">campingplatz produzieren<\/a>.[\/vc_column_text][\/vc_column][\/vc_row]<\/p>\n","protected":false},"excerpt":{"rendered":"<p>[vc_row][vc_column width=&#8220;1\/3&#8243; css=&#8220;.vc_custom_1485875185457{padding-right: 4px !important;padding-left: 4px !important;}&#8220;][vc_column_text el_class=&#8220;block-slogan&#8220; css=&#8220;.vc_custom_1504774856887{margin-bottom: 8px [&hellip;]<\/p>\n<a href=\"https:\/\/www.campingchadeyron.com\/de\/camping-ardeche-okologie\/\">View Post<\/a>","protected":false},"author":1,"featured_media":869,"parent":0,"menu_order":0,"comment_status":"closed","ping_status":"closed","template":"","meta":{"_acf_changed":false,"footnotes":""},"class_list":["post-867","page","type-page","status-publish","has-post-thumbnail","hentry"],"acf":[],"yoast_head":"<!-- This site is optimized with the Yoast SEO plugin v25.3 - https:\/\/yoast.com\/wordpress\/plugins\/seo\/ -->\n<title>\u00d6kologischer Campingplatz Ardeche - Camping Natur Ardeche<\/title>\n<meta name=\"robots\" content=\"index, follow, max-snippet:-1, max-image-preview:large, max-video-preview:-1\" \/>\n<link rel=\"canonical\" href=\"https:\/\/www.campingchadeyron.com\/de\/camping-ardeche-okologie\/\" \/>\n<meta property=\"og:locale\" content=\"de_DE\" \/>\n<meta property=\"og:type\" content=\"article\" \/>\n<meta property=\"og:title\" content=\"\u00d6kologischer Campingplatz Ardeche - Camping Natur Ardeche\" \/>\n<meta property=\"og:description\" content=\"[vc_row][vc_column width=&#8220;1\/3&#8243; css=&#8220;.vc_custom_1485875185457{padding-right: 4px !important;padding-left: 4px !important;}&#8220;][vc_column_text el_class=&#8220;block-slogan&#8220; css=&#8220;.vc_custom_1504774856887{margin-bottom: 8px [&hellip;]\" \/>\n<meta property=\"og:url\" content=\"https:\/\/www.campingchadeyron.com\/de\/camping-ardeche-okologie\/\" \/>\n<meta property=\"og:site_name\" content=\"Camping Chadeyron\" \/>\n<meta property=\"article:modified_time\" content=\"2024-02-21T13:15:17+00:00\" \/>\n<meta property=\"og:image\" content=\"https:\/\/www.campingchadeyron.com\/wp-content\/uploads\/2017\/02\/camping-ecologique-en-ardeche-1.jpg\" \/>\n\t<meta property=\"og:image:width\" content=\"1900\" \/>\n\t<meta property=\"og:image:height\" content=\"500\" \/>\n\t<meta property=\"og:image:type\" content=\"image\/jpeg\" \/>\n<meta name=\"twitter:card\" content=\"summary_large_image\" \/>\n<meta name=\"twitter:label1\" content=\"Gesch\u00e4tzte Lesezeit\" \/>\n\t<meta name=\"twitter:data1\" content=\"2\u00a0Minuten\" \/>\n<script type=\"application\/ld+json\" class=\"yoast-schema-graph\">{\"@context\":\"https:\/\/schema.org\",\"@graph\":[{\"@type\":\"WebPage\",\"@id\":\"https:\/\/www.campingchadeyron.com\/de\/camping-ardeche-okologie\/\",\"url\":\"https:\/\/www.campingchadeyron.com\/de\/camping-ardeche-okologie\/\",\"name\":\"\u00d6kologischer Campingplatz Ardeche - Camping Natur Ardeche\",\"isPartOf\":{\"@id\":\"https:\/\/www.campingchadeyron.com\/#website\"},\"primaryImageOfPage\":{\"@id\":\"https:\/\/www.campingchadeyron.com\/de\/camping-ardeche-okologie\/#primaryimage\"},\"image\":{\"@id\":\"https:\/\/www.campingchadeyron.com\/de\/camping-ardeche-okologie\/#primaryimage\"},\"thumbnailUrl\":\"https:\/\/www.campingchadeyron.com\/wp-content\/uploads\/2017\/02\/camping-ecologique-en-ardeche-1.jpg\",\"datePublished\":\"2017-02-20T09:05:42+00:00\",\"dateModified\":\"2024-02-21T13:15:17+00:00\",\"breadcrumb\":{\"@id\":\"https:\/\/www.campingchadeyron.com\/de\/camping-ardeche-okologie\/#breadcrumb\"},\"inLanguage\":\"de\",\"potentialAction\":[{\"@type\":\"ReadAction\",\"target\":[\"https:\/\/www.campingchadeyron.com\/de\/camping-ardeche-okologie\/\"]}]},{\"@type\":\"ImageObject\",\"inLanguage\":\"de\",\"@id\":\"https:\/\/www.campingchadeyron.com\/de\/camping-ardeche-okologie\/#primaryimage\",\"url\":\"https:\/\/www.campingchadeyron.com\/wp-content\/uploads\/2017\/02\/camping-ecologique-en-ardeche-1.jpg\",\"contentUrl\":\"https:\/\/www.campingchadeyron.com\/wp-content\/uploads\/2017\/02\/camping-ecologique-en-ardeche-1.jpg\",\"width\":1900,\"height\":500},{\"@type\":\"BreadcrumbList\",\"@id\":\"https:\/\/www.campingchadeyron.com\/de\/camping-ardeche-okologie\/#breadcrumb\",\"itemListElement\":[{\"@type\":\"ListItem\",\"position\":1,\"name\":\"Accueil\",\"item\":\"https:\/\/www.campingchadeyron.com\/de\/\"},{\"@type\":\"ListItem\",\"position\":2,\"name\":\"Camping Ardeche : \u00d6kologie\"}]},{\"@type\":\"WebSite\",\"@id\":\"https:\/\/www.campingchadeyron.com\/#website\",\"url\":\"https:\/\/www.campingchadeyron.com\/\",\"name\":\"Camping Chadeyron\",\"description\":\"\",\"publisher\":{\"@id\":\"https:\/\/www.campingchadeyron.com\/#organization\"},\"potentialAction\":[{\"@type\":\"SearchAction\",\"target\":{\"@type\":\"EntryPoint\",\"urlTemplate\":\"https:\/\/www.campingchadeyron.com\/?s={search_term_string}\"},\"query-input\":{\"@type\":\"PropertyValueSpecification\",\"valueRequired\":true,\"valueName\":\"search_term_string\"}}],\"inLanguage\":\"de\"},{\"@type\":\"Organization\",\"@id\":\"https:\/\/www.campingchadeyron.com\/#organization\",\"name\":\"Domaine de Chadeyron\",\"url\":\"https:\/\/www.campingchadeyron.com\/\",\"logo\":{\"@type\":\"ImageObject\",\"inLanguage\":\"de\",\"@id\":\"https:\/\/www.campingchadeyron.com\/#\/schema\/logo\/image\/\",\"url\":\"https:\/\/www.campingchadeyron.com\/wp-content\/uploads\/2025\/05\/domaine-de-chadeyron.png\",\"contentUrl\":\"https:\/\/www.campingchadeyron.com\/wp-content\/uploads\/2025\/05\/domaine-de-chadeyron.png\",\"width\":215,\"height\":112,\"caption\":\"Domaine de Chadeyron\"},\"image\":{\"@id\":\"https:\/\/www.campingchadeyron.com\/#\/schema\/logo\/image\/\"}}]}<\/script>\n<!-- \/ Yoast SEO plugin. -->","yoast_head_json":{"title":"\u00d6kologischer Campingplatz Ardeche - Camping Natur Ardeche","robots":{"index":"index","follow":"follow","max-snippet":"max-snippet:-1","max-image-preview":"max-image-preview:large","max-video-preview":"max-video-preview:-1"},"canonical":"https:\/\/www.campingchadeyron.com\/de\/camping-ardeche-okologie\/","og_locale":"de_DE","og_type":"article","og_title":"\u00d6kologischer Campingplatz Ardeche - Camping Natur Ardeche","og_description":"[vc_row][vc_column width=&#8220;1\/3&#8243; css=&#8220;.vc_custom_1485875185457{padding-right: 4px !important;padding-left: 4px !important;}&#8220;][vc_column_text el_class=&#8220;block-slogan&#8220; css=&#8220;.vc_custom_1504774856887{margin-bottom: 8px [&hellip;]","og_url":"https:\/\/www.campingchadeyron.com\/de\/camping-ardeche-okologie\/","og_site_name":"Camping Chadeyron","article_modified_time":"2024-02-21T13:15:17+00:00","og_image":[{"width":1900,"height":500,"url":"https:\/\/www.campingchadeyron.com\/wp-content\/uploads\/2017\/02\/camping-ecologique-en-ardeche-1.jpg","type":"image\/jpeg"}],"twitter_card":"summary_large_image","twitter_misc":{"Gesch\u00e4tzte Lesezeit":"2\u00a0Minuten"},"schema":{"@context":"https:\/\/schema.org","@graph":[{"@type":"WebPage","@id":"https:\/\/www.campingchadeyron.com\/de\/camping-ardeche-okologie\/","url":"https:\/\/www.campingchadeyron.com\/de\/camping-ardeche-okologie\/","name":"\u00d6kologischer Campingplatz Ardeche - Camping Natur Ardeche","isPartOf":{"@id":"https:\/\/www.campingchadeyron.com\/#website"},"primaryImageOfPage":{"@id":"https:\/\/www.campingchadeyron.com\/de\/camping-ardeche-okologie\/#primaryimage"},"image":{"@id":"https:\/\/www.campingchadeyron.com\/de\/camping-ardeche-okologie\/#primaryimage"},"thumbnailUrl":"https:\/\/www.campingchadeyron.com\/wp-content\/uploads\/2017\/02\/camping-ecologique-en-ardeche-1.jpg","datePublished":"2017-02-20T09:05:42+00:00","dateModified":"2024-02-21T13:15:17+00:00","breadcrumb":{"@id":"https:\/\/www.campingchadeyron.com\/de\/camping-ardeche-okologie\/#breadcrumb"},"inLanguage":"de","potentialAction":[{"@type":"ReadAction","target":["https:\/\/www.campingchadeyron.com\/de\/camping-ardeche-okologie\/"]}]},{"@type":"ImageObject","inLanguage":"de","@id":"https:\/\/www.campingchadeyron.com\/de\/camping-ardeche-okologie\/#primaryimage","url":"https:\/\/www.campingchadeyron.com\/wp-content\/uploads\/2017\/02\/camping-ecologique-en-ardeche-1.jpg","contentUrl":"https:\/\/www.campingchadeyron.com\/wp-content\/uploads\/2017\/02\/camping-ecologique-en-ardeche-1.jpg","width":1900,"height":500},{"@type":"BreadcrumbList","@id":"https:\/\/www.campingchadeyron.com\/de\/camping-ardeche-okologie\/#breadcrumb","itemListElement":[{"@type":"ListItem","position":1,"name":"Accueil","item":"https:\/\/www.campingchadeyron.com\/de\/"},{"@type":"ListItem","position":2,"name":"Camping Ardeche : \u00d6kologie"}]},{"@type":"WebSite","@id":"https:\/\/www.campingchadeyron.com\/#website","url":"https:\/\/www.campingchadeyron.com\/","name":"Camping Chadeyron","description":"","publisher":{"@id":"https:\/\/www.campingchadeyron.com\/#organization"},"potentialAction":[{"@type":"SearchAction","target":{"@type":"EntryPoint","urlTemplate":"https:\/\/www.campingchadeyron.com\/?s={search_term_string}"},"query-input":{"@type":"PropertyValueSpecification","valueRequired":true,"valueName":"search_term_string"}}],"inLanguage":"de"},{"@type":"Organization","@id":"https:\/\/www.campingchadeyron.com\/#organization","name":"Domaine de Chadeyron","url":"https:\/\/www.campingchadeyron.com\/","logo":{"@type":"ImageObject","inLanguage":"de","@id":"https:\/\/www.campingchadeyron.com\/#\/schema\/logo\/image\/","url":"https:\/\/www.campingchadeyron.com\/wp-content\/uploads\/2025\/05\/domaine-de-chadeyron.png","contentUrl":"https:\/\/www.campingchadeyron.com\/wp-content\/uploads\/2025\/05\/domaine-de-chadeyron.png","width":215,"height":112,"caption":"Domaine de Chadeyron"},"image":{"@id":"https:\/\/www.campingchadeyron.com\/#\/schema\/logo\/image\/"}}]}},"_links":{"self":[{"href":"https:\/\/www.campingchadeyron.com\/de\/wp-json\/wp\/v2\/pages\/867"}],"collection":[{"href":"https:\/\/www.campingchadeyron.com\/de\/wp-json\/wp\/v2\/pages"}],"about":[{"href":"https:\/\/www.campingchadeyron.com\/de\/wp-json\/wp\/v2\/types\/page"}],"author":[{"embeddable":true,"href":"https:\/\/www.campingchadeyron.com\/de\/wp-json\/wp\/v2\/users\/1"}],"replies":[{"embeddable":true,"href":"https:\/\/www.campingchadeyron.com\/de\/wp-json\/wp\/v2\/comments?post=867"}],"version-history":[{"count":3,"href":"https:\/\/www.campingchadeyron.com\/de\/wp-json\/wp\/v2\/pages\/867\/revisions"}],"predecessor-version":[{"id":1740,"href":"https:\/\/www.campingchadeyron.com\/de\/wp-json\/wp\/v2\/pages\/867\/revisions\/1740"}],"wp:featuredmedia":[{"embeddable":true,"href":"https:\/\/www.campingchadeyron.com\/de\/wp-json\/wp\/v2\/media\/869"}],"wp:attachment":[{"href":"https:\/\/www.campingchadeyron.com\/de\/wp-json\/wp\/v2\/media?parent=867"}],"curies":[{"name":"wp","href":"https:\/\/api.w.org\/{rel}","templated":true}]}}