{"id":872,"date":"2017-01-18T11:47:40","date_gmt":"2017-01-18T10:47:40","guid":{"rendered":"http:\/\/www.campingchadeyron.com\/camping-ardeche-infos-pratiques\/"},"modified":"2024-02-21T14:40:27","modified_gmt":"2024-02-21T13:40:27","slug":"camping-ardeche-praktische-informationen","status":"publish","type":"page","link":"https:\/\/www.campingchadeyron.com\/de\/camping-ardeche-praktische-informationen\/","title":{"rendered":"Camping Ard\u00e8che : Praktische Informationen"},"content":{"rendered":"<p>[vc_row][vc_column width=&#8220;1\/3&#8243; css=&#8220;.vc_custom_1487680108936{padding-right: 4px !important;padding-left: 4px !important;}&#8220;][vc_raw_html el_class=&#8220;pdf-block&#8220; css=&#8220;.vc_custom_1701341904589{margin-bottom: 8px !important;}&#8220;]JTNDYSUyMGhyZWYlM0QlMjIlMkZ3cC1jb250ZW50JTJGdXBsb2FkcyUyRjIwMjMlMkYxMSUyRmNoYWRleXJvbi10YXJpZnMtMjAyNC5wZGYlMjIlMjB0YXJnZXQlM0QlMjJfYmxhbmslMjIlM0UlMEElM0NpJTIwY2xhc3MlM0QlMjJmYSUyMGZhLWV1cm8lMjIlM0UlM0MlMkZpJTNFJTBBUHJlaXNlJTBBJTNDJTJGYSUzRQ==[\/vc_raw_html][\/vc_column][vc_column width=&#8220;1\/3&#8243; css=&#8220;.vc_custom_1487680123742{padding-right: 4px !important;padding-left: 4px !important;}&#8220;][vc_raw_html el_class=&#8220;pdf-block&#8220; css=&#8220;.vc_custom_1504775591964{margin-bottom: 8px !important;}&#8220;]JTNDYSUyMGhyZWYlM0QlMjIlMkZwZGYlMkZjb25kaXRpb25zLWdlbmVyYWxlcy1jYW1waW5nLWFyZGVjaGUucGRmJTIyJTIwdGFyZ2V0JTNEJTIyX2JsYW5rJTIyJTNFJTBBJTNDaSUyMGNsYXNzJTNEJTIyZmElMjBmYS1jaGVjayUyMiUzRSUzQyUyRmklM0UlMEFBbGxnZW1laW5lJTBBR2VzY2glQzMlQTRmdHNiZWRpbmd1bmdlbiUwQSUzQyUyRmElM0U=[\/vc_raw_html][\/vc_column][vc_column width=&#8220;1\/3&#8243; css=&#8220;.vc_custom_1487680138034{padding-right: 4px !important;padding-left: 4px !important;}&#8220;][vc_raw_html el_class=&#8220;pdf-block&#8220; css=&#8220;.vc_custom_1504775599927{margin-bottom: 8px !important;}&#8220;]JTNDYSUyMGhyZWYlM0QlMjIlMkZwZGYlMkZwbGFuLWNhbXBpbmctYXJkZWNoZS5qcGVnJTIyJTIwdGFyZ2V0JTNEJTIyX2JsYW5rJTIyJTNFJTBBJTNDaSUyMGNsYXNzJTNEJTIyZmElMjBmYS1tYXAlMjIlM0UlM0MlMkZpJTNFJTBBS2FydGUlMEElM0MlMkZhJTNF[\/vc_raw_html][\/vc_column][\/vc_row][vc_row][vc_column width=&#8220;1\/2&#8243; css=&#8220;.vc_custom_1487680152498{padding-right: 4px !important;padding-left: 4px !important;}&#8220;][vc_raw_html el_class=&#8220;pdf-block&#8220; css=&#8220;.vc_custom_1504775617277{margin-bottom: 8px !important;}&#8220;]JTNDYSUyMGhyZWYlM0QlMjIlMkZwZGYlMkZjb250cmF0LWxvY2F0aW9uLW1vYmlsLWhvbWUtY2FtcGluZy1hcmRlY2hlLnBkZiUyMiUyMHRhcmdldCUzRCUyMl9ibGFuayUyMiUzRSUwQSUzQ2klMjBjbGFzcyUzRCUyMmZhJTIwZmEtZmlsZS10ZXh0JTIyJTNFJTNDJTJGaSUzRSUwQU1pZXR2ZXJ0cmFnJTIwTW9iaWxob21lJTBBJTNDJTJGYSUzRQ==[\/vc_raw_html][\/vc_column][vc_column width=&#8220;1\/2&#8243; css=&#8220;.vc_custom_1487680165242{padding-right: 4px !important;padding-left: 4px !important;}&#8220;][vc_raw_html el_class=&#8220;pdf-block&#8220; css=&#8220;.vc_custom_1504775631966{margin-bottom: 8px !important;}&#8220;]JTNDYSUyMGhyZWYlM0QlMjIlMkZwZGYlMkZjb250cmF0LWxvY2F0aW9uLWVtcGxhY2VtZW50LWNhbXBpbmctYXJkZWNoZS5wZGYlMjIlMjB0YXJnZXQlM0QlMjJfYmxhbmslMjIlM0UlMEElM0NpJTIwY2xhc3MlM0QlMjJmYSUyMGZhLWZpbGUtdGV4dCUyMiUzRSUzQyUyRmklM0UlMEFNaWV0dmVydHJhZyUyMFN0YW5kcGwlQzMlQTR0emUlMEElM0MlMkZhJTNF[\/vc_raw_html][\/vc_column][\/vc_row]<\/p>\n","protected":false},"excerpt":{"rendered":"<p>[vc_row][vc_column width=&#8220;1\/3&#8243; css=&#8220;.vc_custom_1487680108936{padding-right: 4px !important;padding-left: 4px !important;}&#8220;][vc_raw_html el_class=&#8220;pdf-block&#8220; css=&#8220;.vc_custom_1701341904589{margin-bottom: 8px [&hellip;]<\/p>\n<a href=\"https:\/\/www.campingchadeyron.com\/de\/camping-ardeche-praktische-informationen\/\">View Post<\/a>","protected":false},"author":1,"featured_media":1772,"parent":0,"menu_order":0,"comment_status":"closed","ping_status":"closed","template":"","meta":{"_acf_changed":false,"footnotes":""},"class_list":["post-872","page","type-page","status-publish","has-post-thumbnail","hentry"],"acf":[],"yoast_head":"<!-- This site is optimized with the Yoast SEO plugin v25.3 - https:\/\/yoast.com\/wordpress\/plugins\/seo\/ -->\n<title>Informationen \u00fcber den Campingplatz Ardeche : Karte Vallon Pont d&#039; Arc<\/title>\n<meta name=\"description\" content=\"Hier finden Sie alle Dokumente, die Sie f\u00fcr Ihren Aufenthalt auf dem Campingplatz Chadeyron in Ard\u00e8che ben\u00f6tigen: Preise, Allgemeine Gesch\u00e4ftsbedingungen, Campingplatzkarte, Mietvertrag.\" \/>\n<meta name=\"robots\" content=\"index, follow, max-snippet:-1, max-image-preview:large, max-video-preview:-1\" \/>\n<link rel=\"canonical\" href=\"https:\/\/www.campingchadeyron.com\/de\/camping-ardeche-praktische-informationen\/\" \/>\n<meta property=\"og:locale\" content=\"de_DE\" \/>\n<meta property=\"og:type\" content=\"article\" \/>\n<meta property=\"og:title\" content=\"Informationen \u00fcber den Campingplatz Ardeche : Karte Vallon Pont d&#039; Arc\" \/>\n<meta property=\"og:description\" content=\"Hier finden Sie alle Dokumente, die Sie f\u00fcr Ihren Aufenthalt auf dem Campingplatz Chadeyron in Ard\u00e8che ben\u00f6tigen: Preise, Allgemeine Gesch\u00e4ftsbedingungen, Campingplatzkarte, Mietvertrag.\" \/>\n<meta property=\"og:url\" content=\"https:\/\/www.campingchadeyron.com\/de\/camping-ardeche-praktische-informationen\/\" \/>\n<meta property=\"og:site_name\" content=\"Camping Chadeyron\" \/>\n<meta property=\"article:modified_time\" content=\"2024-02-21T13:40:27+00:00\" \/>\n<meta property=\"og:image\" content=\"https:\/\/www.campingchadeyron.com\/wp-content\/uploads\/2024\/02\/banner-page-emplacement.jpg\" \/>\n\t<meta property=\"og:image:width\" content=\"1903\" \/>\n\t<meta property=\"og:image:height\" content=\"350\" \/>\n\t<meta property=\"og:image:type\" content=\"image\/jpeg\" \/>\n<meta name=\"twitter:card\" content=\"summary_large_image\" \/>\n<meta name=\"twitter:label1\" content=\"Gesch\u00e4tzte Lesezeit\" \/>\n\t<meta name=\"twitter:data1\" content=\"1\u00a0Minute\" \/>\n<script type=\"application\/ld+json\" class=\"yoast-schema-graph\">{\"@context\":\"https:\/\/schema.org\",\"@graph\":[{\"@type\":\"WebPage\",\"@id\":\"https:\/\/www.campingchadeyron.com\/de\/camping-ardeche-praktische-informationen\/\",\"url\":\"https:\/\/www.campingchadeyron.com\/de\/camping-ardeche-praktische-informationen\/\",\"name\":\"Informationen \u00fcber den Campingplatz Ardeche : Karte Vallon Pont d' Arc\",\"isPartOf\":{\"@id\":\"https:\/\/www.campingchadeyron.com\/#website\"},\"primaryImageOfPage\":{\"@id\":\"https:\/\/www.campingchadeyron.com\/de\/camping-ardeche-praktische-informationen\/#primaryimage\"},\"image\":{\"@id\":\"https:\/\/www.campingchadeyron.com\/de\/camping-ardeche-praktische-informationen\/#primaryimage\"},\"thumbnailUrl\":\"https:\/\/www.campingchadeyron.com\/wp-content\/uploads\/2024\/02\/banner-page-emplacement.jpg\",\"datePublished\":\"2017-01-18T10:47:40+00:00\",\"dateModified\":\"2024-02-21T13:40:27+00:00\",\"description\":\"Hier finden Sie alle Dokumente, die Sie f\u00fcr Ihren Aufenthalt auf dem Campingplatz Chadeyron in Ard\u00e8che ben\u00f6tigen: Preise, Allgemeine Gesch\u00e4ftsbedingungen, Campingplatzkarte, Mietvertrag.\",\"breadcrumb\":{\"@id\":\"https:\/\/www.campingchadeyron.com\/de\/camping-ardeche-praktische-informationen\/#breadcrumb\"},\"inLanguage\":\"de\",\"potentialAction\":[{\"@type\":\"ReadAction\",\"target\":[\"https:\/\/www.campingchadeyron.com\/de\/camping-ardeche-praktische-informationen\/\"]}]},{\"@type\":\"ImageObject\",\"inLanguage\":\"de\",\"@id\":\"https:\/\/www.campingchadeyron.com\/de\/camping-ardeche-praktische-informationen\/#primaryimage\",\"url\":\"https:\/\/www.campingchadeyron.com\/wp-content\/uploads\/2024\/02\/banner-page-emplacement.jpg\",\"contentUrl\":\"https:\/\/www.campingchadeyron.com\/wp-content\/uploads\/2024\/02\/banner-page-emplacement.jpg\",\"width\":1903,\"height\":350},{\"@type\":\"BreadcrumbList\",\"@id\":\"https:\/\/www.campingchadeyron.com\/de\/camping-ardeche-praktische-informationen\/#breadcrumb\",\"itemListElement\":[{\"@type\":\"ListItem\",\"position\":1,\"name\":\"Accueil\",\"item\":\"https:\/\/www.campingchadeyron.com\/de\/\"},{\"@type\":\"ListItem\",\"position\":2,\"name\":\"Camping Ard\u00e8che : Praktische Informationen\"}]},{\"@type\":\"WebSite\",\"@id\":\"https:\/\/www.campingchadeyron.com\/#website\",\"url\":\"https:\/\/www.campingchadeyron.com\/\",\"name\":\"Camping Chadeyron\",\"description\":\"\",\"publisher\":{\"@id\":\"https:\/\/www.campingchadeyron.com\/#organization\"},\"potentialAction\":[{\"@type\":\"SearchAction\",\"target\":{\"@type\":\"EntryPoint\",\"urlTemplate\":\"https:\/\/www.campingchadeyron.com\/?s={search_term_string}\"},\"query-input\":{\"@type\":\"PropertyValueSpecification\",\"valueRequired\":true,\"valueName\":\"search_term_string\"}}],\"inLanguage\":\"de\"},{\"@type\":\"Organization\",\"@id\":\"https:\/\/www.campingchadeyron.com\/#organization\",\"name\":\"Domaine de Chadeyron\",\"url\":\"https:\/\/www.campingchadeyron.com\/\",\"logo\":{\"@type\":\"ImageObject\",\"inLanguage\":\"de\",\"@id\":\"https:\/\/www.campingchadeyron.com\/#\/schema\/logo\/image\/\",\"url\":\"https:\/\/www.campingchadeyron.com\/wp-content\/uploads\/2025\/05\/domaine-de-chadeyron.png\",\"contentUrl\":\"https:\/\/www.campingchadeyron.com\/wp-content\/uploads\/2025\/05\/domaine-de-chadeyron.png\",\"width\":215,\"height\":112,\"caption\":\"Domaine de Chadeyron\"},\"image\":{\"@id\":\"https:\/\/www.campingchadeyron.com\/#\/schema\/logo\/image\/\"}}]}<\/script>\n<!-- \/ Yoast SEO plugin. -->","yoast_head_json":{"title":"Informationen \u00fcber den Campingplatz Ardeche : Karte Vallon Pont d' Arc","description":"Hier finden Sie alle Dokumente, die Sie f\u00fcr Ihren Aufenthalt auf dem Campingplatz Chadeyron in Ard\u00e8che ben\u00f6tigen: Preise, Allgemeine Gesch\u00e4ftsbedingungen, Campingplatzkarte, Mietvertrag.","robots":{"index":"index","follow":"follow","max-snippet":"max-snippet:-1","max-image-preview":"max-image-preview:large","max-video-preview":"max-video-preview:-1"},"canonical":"https:\/\/www.campingchadeyron.com\/de\/camping-ardeche-praktische-informationen\/","og_locale":"de_DE","og_type":"article","og_title":"Informationen \u00fcber den Campingplatz Ardeche : Karte Vallon Pont d' Arc","og_description":"Hier finden Sie alle Dokumente, die Sie f\u00fcr Ihren Aufenthalt auf dem Campingplatz Chadeyron in Ard\u00e8che ben\u00f6tigen: Preise, Allgemeine Gesch\u00e4ftsbedingungen, Campingplatzkarte, Mietvertrag.","og_url":"https:\/\/www.campingchadeyron.com\/de\/camping-ardeche-praktische-informationen\/","og_site_name":"Camping Chadeyron","article_modified_time":"2024-02-21T13:40:27+00:00","og_image":[{"width":1903,"height":350,"url":"https:\/\/www.campingchadeyron.com\/wp-content\/uploads\/2024\/02\/banner-page-emplacement.jpg","type":"image\/jpeg"}],"twitter_card":"summary_large_image","twitter_misc":{"Gesch\u00e4tzte Lesezeit":"1\u00a0Minute"},"schema":{"@context":"https:\/\/schema.org","@graph":[{"@type":"WebPage","@id":"https:\/\/www.campingchadeyron.com\/de\/camping-ardeche-praktische-informationen\/","url":"https:\/\/www.campingchadeyron.com\/de\/camping-ardeche-praktische-informationen\/","name":"Informationen \u00fcber den Campingplatz Ardeche : Karte Vallon Pont d' Arc","isPartOf":{"@id":"https:\/\/www.campingchadeyron.com\/#website"},"primaryImageOfPage":{"@id":"https:\/\/www.campingchadeyron.com\/de\/camping-ardeche-praktische-informationen\/#primaryimage"},"image":{"@id":"https:\/\/www.campingchadeyron.com\/de\/camping-ardeche-praktische-informationen\/#primaryimage"},"thumbnailUrl":"https:\/\/www.campingchadeyron.com\/wp-content\/uploads\/2024\/02\/banner-page-emplacement.jpg","datePublished":"2017-01-18T10:47:40+00:00","dateModified":"2024-02-21T13:40:27+00:00","description":"Hier finden Sie alle Dokumente, die Sie f\u00fcr Ihren Aufenthalt auf dem Campingplatz Chadeyron in Ard\u00e8che ben\u00f6tigen: Preise, Allgemeine Gesch\u00e4ftsbedingungen, Campingplatzkarte, Mietvertrag.","breadcrumb":{"@id":"https:\/\/www.campingchadeyron.com\/de\/camping-ardeche-praktische-informationen\/#breadcrumb"},"inLanguage":"de","potentialAction":[{"@type":"ReadAction","target":["https:\/\/www.campingchadeyron.com\/de\/camping-ardeche-praktische-informationen\/"]}]},{"@type":"ImageObject","inLanguage":"de","@id":"https:\/\/www.campingchadeyron.com\/de\/camping-ardeche-praktische-informationen\/#primaryimage","url":"https:\/\/www.campingchadeyron.com\/wp-content\/uploads\/2024\/02\/banner-page-emplacement.jpg","contentUrl":"https:\/\/www.campingchadeyron.com\/wp-content\/uploads\/2024\/02\/banner-page-emplacement.jpg","width":1903,"height":350},{"@type":"BreadcrumbList","@id":"https:\/\/www.campingchadeyron.com\/de\/camping-ardeche-praktische-informationen\/#breadcrumb","itemListElement":[{"@type":"ListItem","position":1,"name":"Accueil","item":"https:\/\/www.campingchadeyron.com\/de\/"},{"@type":"ListItem","position":2,"name":"Camping Ard\u00e8che : Praktische Informationen"}]},{"@type":"WebSite","@id":"https:\/\/www.campingchadeyron.com\/#website","url":"https:\/\/www.campingchadeyron.com\/","name":"Camping Chadeyron","description":"","publisher":{"@id":"https:\/\/www.campingchadeyron.com\/#organization"},"potentialAction":[{"@type":"SearchAction","target":{"@type":"EntryPoint","urlTemplate":"https:\/\/www.campingchadeyron.com\/?s={search_term_string}"},"query-input":{"@type":"PropertyValueSpecification","valueRequired":true,"valueName":"search_term_string"}}],"inLanguage":"de"},{"@type":"Organization","@id":"https:\/\/www.campingchadeyron.com\/#organization","name":"Domaine de Chadeyron","url":"https:\/\/www.campingchadeyron.com\/","logo":{"@type":"ImageObject","inLanguage":"de","@id":"https:\/\/www.campingchadeyron.com\/#\/schema\/logo\/image\/","url":"https:\/\/www.campingchadeyron.com\/wp-content\/uploads\/2025\/05\/domaine-de-chadeyron.png","contentUrl":"https:\/\/www.campingchadeyron.com\/wp-content\/uploads\/2025\/05\/domaine-de-chadeyron.png","width":215,"height":112,"caption":"Domaine de Chadeyron"},"image":{"@id":"https:\/\/www.campingchadeyron.com\/#\/schema\/logo\/image\/"}}]}},"_links":{"self":[{"href":"https:\/\/www.campingchadeyron.com\/de\/wp-json\/wp\/v2\/pages\/872"}],"collection":[{"href":"https:\/\/www.campingchadeyron.com\/de\/wp-json\/wp\/v2\/pages"}],"about":[{"href":"https:\/\/www.campingchadeyron.com\/de\/wp-json\/wp\/v2\/types\/page"}],"author":[{"embeddable":true,"href":"https:\/\/www.campingchadeyron.com\/de\/wp-json\/wp\/v2\/users\/1"}],"replies":[{"embeddable":true,"href":"https:\/\/www.campingchadeyron.com\/de\/wp-json\/wp\/v2\/comments?post=872"}],"version-history":[{"count":5,"href":"https:\/\/www.campingchadeyron.com\/de\/wp-json\/wp\/v2\/pages\/872\/revisions"}],"predecessor-version":[{"id":1631,"href":"https:\/\/www.campingchadeyron.com\/de\/wp-json\/wp\/v2\/pages\/872\/revisions\/1631"}],"wp:featuredmedia":[{"embeddable":true,"href":"https:\/\/www.campingchadeyron.com\/de\/wp-json\/wp\/v2\/media\/1772"}],"wp:attachment":[{"href":"https:\/\/www.campingchadeyron.com\/de\/wp-json\/wp\/v2\/media?parent=872"}],"curies":[{"name":"wp","href":"https:\/\/api.w.org\/{rel}","templated":true}]}}