{"id":879,"date":"2017-01-18T11:53:24","date_gmt":"2017-01-18T10:53:24","guid":{"rendered":"http:\/\/www.campingchadeyron.com\/emplacement-camping-ardeche\/"},"modified":"2024-02-21T14:28:44","modified_gmt":"2024-02-21T13:28:44","slug":"stehplaetze-camping-ardeche","status":"publish","type":"page","link":"https:\/\/www.campingchadeyron.com\/de\/stehplaetze-camping-ardeche\/","title":{"rendered":"Stehpl\u00e4tze Camping Ard\u00e8che"},"content":{"rendered":"<p>[vc_row][vc_column css=&#8220;.vc_custom_1486725255810{padding-right: 4px !important;padding-left: 4px !important;}&#8220;][vc_column_text el_class=&#8220;bg-txt&#8220; css=&#8220;.vc_custom_1652878652070{margin-bottom: 8px !important;}&#8220;]<\/p>\n<p style=\"text-align: center;\"><span class=\"texte16\">Stehpl\u00e4tze Zelte und Wohnwagen sind mit Wasser und Strom ausger\u00fcstet. Die Sanit\u00e4ranlagen sind f\u00fcr Menschen mit eingeschr\u00e4nkter Mobilit\u00e4t geeignet.<\/span><\/p>\n<p>[\/vc_column_text][\/vc_column][\/vc_row]<\/p>\n","protected":false},"excerpt":{"rendered":"<p>[vc_row][vc_column css=&#8220;.vc_custom_1486725255810{padding-right: 4px !important;padding-left: 4px !important;}&#8220;][vc_column_text el_class=&#8220;bg-txt&#8220; css=&#8220;.vc_custom_1652878652070{margin-bottom: 8px !important;}&#8220;] [&hellip;]<\/p>\n<a href=\"https:\/\/www.campingchadeyron.com\/de\/stehplaetze-camping-ardeche\/\">View Post<\/a>","protected":false},"author":1,"featured_media":1772,"parent":0,"menu_order":0,"comment_status":"closed","ping_status":"closed","template":"page-templates\/parent-page.php","meta":{"_acf_changed":false,"footnotes":""},"class_list":["post-879","page","type-page","status-publish","has-post-thumbnail","hentry"],"acf":[],"yoast_head":"<!-- This site is optimized with the Yoast SEO plugin v25.3 - https:\/\/yoast.com\/wordpress\/plugins\/seo\/ -->\n<title>Stehpl\u00e4tze Campingplatz Ard\u00e8che - Stellpl\u00e4tze Zelte Ardeche<\/title>\n<meta name=\"robots\" content=\"index, follow, max-snippet:-1, max-image-preview:large, max-video-preview:-1\" \/>\n<link rel=\"canonical\" href=\"https:\/\/www.campingchadeyron.com\/de\/stehplaetze-camping-ardeche\/\" \/>\n<meta property=\"og:locale\" content=\"de_DE\" \/>\n<meta property=\"og:type\" content=\"article\" \/>\n<meta property=\"og:title\" content=\"Stehpl\u00e4tze Campingplatz Ard\u00e8che - Stellpl\u00e4tze Zelte Ardeche\" \/>\n<meta property=\"og:description\" content=\"[vc_row][vc_column css=&#8220;.vc_custom_1486725255810{padding-right: 4px !important;padding-left: 4px !important;}&#8220;][vc_column_text el_class=&#8220;bg-txt&#8220; css=&#8220;.vc_custom_1652878652070{margin-bottom: 8px !important;}&#8220;] [&hellip;]\" \/>\n<meta property=\"og:url\" content=\"https:\/\/www.campingchadeyron.com\/de\/stehplaetze-camping-ardeche\/\" \/>\n<meta property=\"og:site_name\" content=\"Camping Chadeyron\" \/>\n<meta property=\"article:modified_time\" content=\"2024-02-21T13:28:44+00:00\" \/>\n<meta property=\"og:image\" content=\"https:\/\/www.campingchadeyron.com\/wp-content\/uploads\/2024\/02\/banner-page-emplacement.jpg\" \/>\n\t<meta property=\"og:image:width\" content=\"1903\" \/>\n\t<meta property=\"og:image:height\" content=\"350\" \/>\n\t<meta property=\"og:image:type\" content=\"image\/jpeg\" \/>\n<meta name=\"twitter:card\" content=\"summary_large_image\" \/>\n<meta name=\"twitter:label1\" content=\"Gesch\u00e4tzte Lesezeit\" \/>\n\t<meta name=\"twitter:data1\" content=\"1\u00a0Minute\" \/>\n<script type=\"application\/ld+json\" class=\"yoast-schema-graph\">{\"@context\":\"https:\/\/schema.org\",\"@graph\":[{\"@type\":\"WebPage\",\"@id\":\"https:\/\/www.campingchadeyron.com\/de\/stehplaetze-camping-ardeche\/\",\"url\":\"https:\/\/www.campingchadeyron.com\/de\/stehplaetze-camping-ardeche\/\",\"name\":\"Stehpl\u00e4tze Campingplatz Ard\u00e8che - Stellpl\u00e4tze Zelte Ardeche\",\"isPartOf\":{\"@id\":\"https:\/\/www.campingchadeyron.com\/#website\"},\"primaryImageOfPage\":{\"@id\":\"https:\/\/www.campingchadeyron.com\/de\/stehplaetze-camping-ardeche\/#primaryimage\"},\"image\":{\"@id\":\"https:\/\/www.campingchadeyron.com\/de\/stehplaetze-camping-ardeche\/#primaryimage\"},\"thumbnailUrl\":\"https:\/\/www.campingchadeyron.com\/wp-content\/uploads\/2024\/02\/banner-page-emplacement.jpg\",\"datePublished\":\"2017-01-18T10:53:24+00:00\",\"dateModified\":\"2024-02-21T13:28:44+00:00\",\"breadcrumb\":{\"@id\":\"https:\/\/www.campingchadeyron.com\/de\/stehplaetze-camping-ardeche\/#breadcrumb\"},\"inLanguage\":\"de\",\"potentialAction\":[{\"@type\":\"ReadAction\",\"target\":[\"https:\/\/www.campingchadeyron.com\/de\/stehplaetze-camping-ardeche\/\"]}]},{\"@type\":\"ImageObject\",\"inLanguage\":\"de\",\"@id\":\"https:\/\/www.campingchadeyron.com\/de\/stehplaetze-camping-ardeche\/#primaryimage\",\"url\":\"https:\/\/www.campingchadeyron.com\/wp-content\/uploads\/2024\/02\/banner-page-emplacement.jpg\",\"contentUrl\":\"https:\/\/www.campingchadeyron.com\/wp-content\/uploads\/2024\/02\/banner-page-emplacement.jpg\",\"width\":1903,\"height\":350},{\"@type\":\"BreadcrumbList\",\"@id\":\"https:\/\/www.campingchadeyron.com\/de\/stehplaetze-camping-ardeche\/#breadcrumb\",\"itemListElement\":[{\"@type\":\"ListItem\",\"position\":1,\"name\":\"Accueil\",\"item\":\"https:\/\/www.campingchadeyron.com\/de\/\"},{\"@type\":\"ListItem\",\"position\":2,\"name\":\"Stehpl\u00e4tze Camping Ard\u00e8che\"}]},{\"@type\":\"WebSite\",\"@id\":\"https:\/\/www.campingchadeyron.com\/#website\",\"url\":\"https:\/\/www.campingchadeyron.com\/\",\"name\":\"Camping Chadeyron\",\"description\":\"\",\"publisher\":{\"@id\":\"https:\/\/www.campingchadeyron.com\/#organization\"},\"potentialAction\":[{\"@type\":\"SearchAction\",\"target\":{\"@type\":\"EntryPoint\",\"urlTemplate\":\"https:\/\/www.campingchadeyron.com\/?s={search_term_string}\"},\"query-input\":{\"@type\":\"PropertyValueSpecification\",\"valueRequired\":true,\"valueName\":\"search_term_string\"}}],\"inLanguage\":\"de\"},{\"@type\":\"Organization\",\"@id\":\"https:\/\/www.campingchadeyron.com\/#organization\",\"name\":\"Domaine de Chadeyron\",\"url\":\"https:\/\/www.campingchadeyron.com\/\",\"logo\":{\"@type\":\"ImageObject\",\"inLanguage\":\"de\",\"@id\":\"https:\/\/www.campingchadeyron.com\/#\/schema\/logo\/image\/\",\"url\":\"https:\/\/www.campingchadeyron.com\/wp-content\/uploads\/2025\/05\/domaine-de-chadeyron.png\",\"contentUrl\":\"https:\/\/www.campingchadeyron.com\/wp-content\/uploads\/2025\/05\/domaine-de-chadeyron.png\",\"width\":215,\"height\":112,\"caption\":\"Domaine de Chadeyron\"},\"image\":{\"@id\":\"https:\/\/www.campingchadeyron.com\/#\/schema\/logo\/image\/\"}}]}<\/script>\n<!-- \/ Yoast SEO plugin. -->","yoast_head_json":{"title":"Stehpl\u00e4tze Campingplatz Ard\u00e8che - Stellpl\u00e4tze Zelte Ardeche","robots":{"index":"index","follow":"follow","max-snippet":"max-snippet:-1","max-image-preview":"max-image-preview:large","max-video-preview":"max-video-preview:-1"},"canonical":"https:\/\/www.campingchadeyron.com\/de\/stehplaetze-camping-ardeche\/","og_locale":"de_DE","og_type":"article","og_title":"Stehpl\u00e4tze Campingplatz Ard\u00e8che - Stellpl\u00e4tze Zelte Ardeche","og_description":"[vc_row][vc_column css=&#8220;.vc_custom_1486725255810{padding-right: 4px !important;padding-left: 4px !important;}&#8220;][vc_column_text el_class=&#8220;bg-txt&#8220; css=&#8220;.vc_custom_1652878652070{margin-bottom: 8px !important;}&#8220;] [&hellip;]","og_url":"https:\/\/www.campingchadeyron.com\/de\/stehplaetze-camping-ardeche\/","og_site_name":"Camping Chadeyron","article_modified_time":"2024-02-21T13:28:44+00:00","og_image":[{"width":1903,"height":350,"url":"https:\/\/www.campingchadeyron.com\/wp-content\/uploads\/2024\/02\/banner-page-emplacement.jpg","type":"image\/jpeg"}],"twitter_card":"summary_large_image","twitter_misc":{"Gesch\u00e4tzte Lesezeit":"1\u00a0Minute"},"schema":{"@context":"https:\/\/schema.org","@graph":[{"@type":"WebPage","@id":"https:\/\/www.campingchadeyron.com\/de\/stehplaetze-camping-ardeche\/","url":"https:\/\/www.campingchadeyron.com\/de\/stehplaetze-camping-ardeche\/","name":"Stehpl\u00e4tze Campingplatz Ard\u00e8che - Stellpl\u00e4tze Zelte Ardeche","isPartOf":{"@id":"https:\/\/www.campingchadeyron.com\/#website"},"primaryImageOfPage":{"@id":"https:\/\/www.campingchadeyron.com\/de\/stehplaetze-camping-ardeche\/#primaryimage"},"image":{"@id":"https:\/\/www.campingchadeyron.com\/de\/stehplaetze-camping-ardeche\/#primaryimage"},"thumbnailUrl":"https:\/\/www.campingchadeyron.com\/wp-content\/uploads\/2024\/02\/banner-page-emplacement.jpg","datePublished":"2017-01-18T10:53:24+00:00","dateModified":"2024-02-21T13:28:44+00:00","breadcrumb":{"@id":"https:\/\/www.campingchadeyron.com\/de\/stehplaetze-camping-ardeche\/#breadcrumb"},"inLanguage":"de","potentialAction":[{"@type":"ReadAction","target":["https:\/\/www.campingchadeyron.com\/de\/stehplaetze-camping-ardeche\/"]}]},{"@type":"ImageObject","inLanguage":"de","@id":"https:\/\/www.campingchadeyron.com\/de\/stehplaetze-camping-ardeche\/#primaryimage","url":"https:\/\/www.campingchadeyron.com\/wp-content\/uploads\/2024\/02\/banner-page-emplacement.jpg","contentUrl":"https:\/\/www.campingchadeyron.com\/wp-content\/uploads\/2024\/02\/banner-page-emplacement.jpg","width":1903,"height":350},{"@type":"BreadcrumbList","@id":"https:\/\/www.campingchadeyron.com\/de\/stehplaetze-camping-ardeche\/#breadcrumb","itemListElement":[{"@type":"ListItem","position":1,"name":"Accueil","item":"https:\/\/www.campingchadeyron.com\/de\/"},{"@type":"ListItem","position":2,"name":"Stehpl\u00e4tze Camping Ard\u00e8che"}]},{"@type":"WebSite","@id":"https:\/\/www.campingchadeyron.com\/#website","url":"https:\/\/www.campingchadeyron.com\/","name":"Camping Chadeyron","description":"","publisher":{"@id":"https:\/\/www.campingchadeyron.com\/#organization"},"potentialAction":[{"@type":"SearchAction","target":{"@type":"EntryPoint","urlTemplate":"https:\/\/www.campingchadeyron.com\/?s={search_term_string}"},"query-input":{"@type":"PropertyValueSpecification","valueRequired":true,"valueName":"search_term_string"}}],"inLanguage":"de"},{"@type":"Organization","@id":"https:\/\/www.campingchadeyron.com\/#organization","name":"Domaine de Chadeyron","url":"https:\/\/www.campingchadeyron.com\/","logo":{"@type":"ImageObject","inLanguage":"de","@id":"https:\/\/www.campingchadeyron.com\/#\/schema\/logo\/image\/","url":"https:\/\/www.campingchadeyron.com\/wp-content\/uploads\/2025\/05\/domaine-de-chadeyron.png","contentUrl":"https:\/\/www.campingchadeyron.com\/wp-content\/uploads\/2025\/05\/domaine-de-chadeyron.png","width":215,"height":112,"caption":"Domaine de Chadeyron"},"image":{"@id":"https:\/\/www.campingchadeyron.com\/#\/schema\/logo\/image\/"}}]}},"_links":{"self":[{"href":"https:\/\/www.campingchadeyron.com\/de\/wp-json\/wp\/v2\/pages\/879"}],"collection":[{"href":"https:\/\/www.campingchadeyron.com\/de\/wp-json\/wp\/v2\/pages"}],"about":[{"href":"https:\/\/www.campingchadeyron.com\/de\/wp-json\/wp\/v2\/types\/page"}],"author":[{"embeddable":true,"href":"https:\/\/www.campingchadeyron.com\/de\/wp-json\/wp\/v2\/users\/1"}],"replies":[{"embeddable":true,"href":"https:\/\/www.campingchadeyron.com\/de\/wp-json\/wp\/v2\/comments?post=879"}],"version-history":[{"count":3,"href":"https:\/\/www.campingchadeyron.com\/de\/wp-json\/wp\/v2\/pages\/879\/revisions"}],"predecessor-version":[{"id":1422,"href":"https:\/\/www.campingchadeyron.com\/de\/wp-json\/wp\/v2\/pages\/879\/revisions\/1422"}],"wp:featuredmedia":[{"embeddable":true,"href":"https:\/\/www.campingchadeyron.com\/de\/wp-json\/wp\/v2\/media\/1772"}],"wp:attachment":[{"href":"https:\/\/www.campingchadeyron.com\/de\/wp-json\/wp\/v2\/media?parent=879"}],"curies":[{"name":"wp","href":"https:\/\/api.w.org\/{rel}","templated":true}]}}