{"id":929,"date":"2017-01-18T11:53:15","date_gmt":"2017-01-18T10:53:15","guid":{"rendered":"http:\/\/www.campingchadeyron.com\/location-chalet-ardeche\/"},"modified":"2023-03-10T10:49:59","modified_gmt":"2023-03-10T09:49:59","slug":"ardeche-twin-cottage","status":"publish","type":"page","link":"https:\/\/www.campingchadeyron.com\/de\/ardeche-twin-cottage\/","title":{"rendered":"Ard\u00e8che Twin Cottage"},"content":{"rendered":"<p>[vc_row][vc_column width=&#8220;1\/3&#8243; css=&#8220;.vc_custom_1486722989961{padding-right: 4px !important;padding-left: 4px !important;}&#8220;][vc_single_image image=&#8220;930&#8243; img_size=&#8220;full&#8220; css=&#8220;.vc_custom_1487579425780{margin-bottom: 8px !important;}&#8220;][\/vc_column][vc_column width=&#8220;2\/3&#8243; css=&#8220;.vc_custom_1486722995772{padding-right: 4px !important;padding-left: 4px !important;}&#8220;][vc_column_text el_class=&#8220;block-slogan&#8220; css=&#8220;.vc_custom_1678441778324{margin-bottom: 8px !important;}&#8220;]<\/p>\n<p style=\"text-align: center;\">2 holz-Cottages f\u00fcr gro\u00dfe Familien oder gro\u00dfe Gruppen. (Max. 10 Personen)<\/p>\n<p>[\/vc_column_text][vc_column_text el_class=&#8220;bg-txt&#8220; css=&#8220;.vc_custom_1678441785831{margin-bottom: 8px !important;}&#8220;]Das Gro\u00dfe ist 65m\u00b2 und das Kleine 35m\u00b2. Sie sind auf einem gro\u00dfen Grundst\u00fcck installiert. Insgesamt 5 Schlafzimmer und 2 Badezimmer. Gro\u00dfe \u00fcberdachte Terrassen mit Gartenm\u00f6beln f\u00fcr 10 Personen. Klimaanlage, Backofen, Geschirrsp\u00fcler.<\/p>\n<p>&nbsp;<\/p>\n<div class=\"center\"><a id=\"btn-heberg\" class=\"bouton\" href=\"\/wp-content\/uploads\/2022\/05\/Inventaire-mh.pdf\" target=\"_blank\" rel=\"nofollow noopener\">Inventar des chalet<\/a><\/div>\n<p>[\/vc_column_text][\/vc_column][\/vc_row][vc_row][vc_column css=&#8220;.vc_custom_1487257327462{padding-right: 4px !important;padding-left: 4px !important;}&#8220;][vc_raw_html]JTNDY3R2LXByb2R1Y3QlMjBkYXRhLXByb2R1Y3QtaWQlM0QlMjI0NjU2NyUyMiUyMGRhdGEtZnVsbCUzRCUyMnRydWUlMjIlMjAlM0UlM0MlMkZjdHYtcHJvZHVjdCUzRSUwQQ==[\/vc_raw_html][\/vc_column][\/vc_row]<\/p>\n","protected":false},"excerpt":{"rendered":"<p>[vc_row][vc_column width=&#8220;1\/3&#8243; css=&#8220;.vc_custom_1486722989961{padding-right: 4px !important;padding-left: 4px !important;}&#8220;][vc_single_image image=&#8220;930&#8243; img_size=&#8220;full&#8220; css=&#8220;.vc_custom_1487579425780{margin-bottom: [&hellip;]<\/p>\n<a href=\"https:\/\/www.campingchadeyron.com\/de\/ardeche-twin-cottage\/\">View Post<\/a>","protected":false},"author":1,"featured_media":931,"parent":0,"menu_order":0,"comment_status":"closed","ping_status":"closed","template":"","meta":{"_acf_changed":false,"footnotes":""},"class_list":["post-929","page","type-page","status-publish","has-post-thumbnail","hentry"],"acf":[],"yoast_head":"<!-- This site is optimized with the Yoast SEO plugin v25.3 - https:\/\/yoast.com\/wordpress\/plugins\/seo\/ -->\n<title>Chalet mieten Ardeche - Mieten Sie ein Chalet Vallon Pont d&#039; Arc, Ardeche<\/title>\n<meta name=\"robots\" content=\"index, follow, max-snippet:-1, max-image-preview:large, max-video-preview:-1\" \/>\n<link rel=\"canonical\" href=\"https:\/\/www.campingchadeyron.com\/de\/ardeche-twin-cottage\/\" \/>\n<meta property=\"og:locale\" content=\"de_DE\" \/>\n<meta property=\"og:type\" content=\"article\" \/>\n<meta property=\"og:title\" content=\"Chalet mieten Ardeche - Mieten Sie ein Chalet Vallon Pont d&#039; Arc, Ardeche\" \/>\n<meta property=\"og:description\" content=\"[vc_row][vc_column width=&#8220;1\/3&#8243; css=&#8220;.vc_custom_1486722989961{padding-right: 4px !important;padding-left: 4px !important;}&#8220;][vc_single_image image=&#8220;930&#8243; img_size=&#8220;full&#8220; css=&#8220;.vc_custom_1487579425780{margin-bottom: [&hellip;]\" \/>\n<meta property=\"og:url\" content=\"https:\/\/www.campingchadeyron.com\/de\/ardeche-twin-cottage\/\" \/>\n<meta property=\"og:site_name\" content=\"Camping Chadeyron\" \/>\n<meta property=\"article:modified_time\" content=\"2023-03-10T09:49:59+00:00\" \/>\n<meta property=\"og:image\" content=\"https:\/\/www.campingchadeyron.com\/wp-content\/uploads\/2017\/01\/location-chalets-ardeche.jpg\" \/>\n\t<meta property=\"og:image:width\" content=\"1900\" \/>\n\t<meta property=\"og:image:height\" content=\"500\" \/>\n\t<meta property=\"og:image:type\" content=\"image\/jpeg\" \/>\n<meta name=\"twitter:card\" content=\"summary_large_image\" \/>\n<meta name=\"twitter:label1\" content=\"Gesch\u00e4tzte Lesezeit\" \/>\n\t<meta name=\"twitter:data1\" content=\"1\u00a0Minute\" \/>\n<script type=\"application\/ld+json\" class=\"yoast-schema-graph\">{\"@context\":\"https:\/\/schema.org\",\"@graph\":[{\"@type\":\"WebPage\",\"@id\":\"https:\/\/www.campingchadeyron.com\/de\/ardeche-twin-cottage\/\",\"url\":\"https:\/\/www.campingchadeyron.com\/de\/ardeche-twin-cottage\/\",\"name\":\"Chalet mieten Ardeche - Mieten Sie ein Chalet Vallon Pont d' Arc, Ardeche\",\"isPartOf\":{\"@id\":\"https:\/\/www.campingchadeyron.com\/#website\"},\"primaryImageOfPage\":{\"@id\":\"https:\/\/www.campingchadeyron.com\/de\/ardeche-twin-cottage\/#primaryimage\"},\"image\":{\"@id\":\"https:\/\/www.campingchadeyron.com\/de\/ardeche-twin-cottage\/#primaryimage\"},\"thumbnailUrl\":\"https:\/\/www.campingchadeyron.com\/wp-content\/uploads\/2017\/01\/location-chalets-ardeche.jpg\",\"datePublished\":\"2017-01-18T10:53:15+00:00\",\"dateModified\":\"2023-03-10T09:49:59+00:00\",\"breadcrumb\":{\"@id\":\"https:\/\/www.campingchadeyron.com\/de\/ardeche-twin-cottage\/#breadcrumb\"},\"inLanguage\":\"de\",\"potentialAction\":[{\"@type\":\"ReadAction\",\"target\":[\"https:\/\/www.campingchadeyron.com\/de\/ardeche-twin-cottage\/\"]}]},{\"@type\":\"ImageObject\",\"inLanguage\":\"de\",\"@id\":\"https:\/\/www.campingchadeyron.com\/de\/ardeche-twin-cottage\/#primaryimage\",\"url\":\"https:\/\/www.campingchadeyron.com\/wp-content\/uploads\/2017\/01\/location-chalets-ardeche.jpg\",\"contentUrl\":\"https:\/\/www.campingchadeyron.com\/wp-content\/uploads\/2017\/01\/location-chalets-ardeche.jpg\",\"width\":1900,\"height\":500},{\"@type\":\"BreadcrumbList\",\"@id\":\"https:\/\/www.campingchadeyron.com\/de\/ardeche-twin-cottage\/#breadcrumb\",\"itemListElement\":[{\"@type\":\"ListItem\",\"position\":1,\"name\":\"Accueil\",\"item\":\"https:\/\/www.campingchadeyron.com\/de\/\"},{\"@type\":\"ListItem\",\"position\":2,\"name\":\"Ard\u00e8che Twin Cottage\"}]},{\"@type\":\"WebSite\",\"@id\":\"https:\/\/www.campingchadeyron.com\/#website\",\"url\":\"https:\/\/www.campingchadeyron.com\/\",\"name\":\"Camping Chadeyron\",\"description\":\"\",\"publisher\":{\"@id\":\"https:\/\/www.campingchadeyron.com\/#organization\"},\"potentialAction\":[{\"@type\":\"SearchAction\",\"target\":{\"@type\":\"EntryPoint\",\"urlTemplate\":\"https:\/\/www.campingchadeyron.com\/?s={search_term_string}\"},\"query-input\":{\"@type\":\"PropertyValueSpecification\",\"valueRequired\":true,\"valueName\":\"search_term_string\"}}],\"inLanguage\":\"de\"},{\"@type\":\"Organization\",\"@id\":\"https:\/\/www.campingchadeyron.com\/#organization\",\"name\":\"Domaine de Chadeyron\",\"url\":\"https:\/\/www.campingchadeyron.com\/\",\"logo\":{\"@type\":\"ImageObject\",\"inLanguage\":\"de\",\"@id\":\"https:\/\/www.campingchadeyron.com\/#\/schema\/logo\/image\/\",\"url\":\"https:\/\/www.campingchadeyron.com\/wp-content\/uploads\/2025\/05\/domaine-de-chadeyron.png\",\"contentUrl\":\"https:\/\/www.campingchadeyron.com\/wp-content\/uploads\/2025\/05\/domaine-de-chadeyron.png\",\"width\":215,\"height\":112,\"caption\":\"Domaine de Chadeyron\"},\"image\":{\"@id\":\"https:\/\/www.campingchadeyron.com\/#\/schema\/logo\/image\/\"}}]}<\/script>\n<!-- \/ Yoast SEO plugin. -->","yoast_head_json":{"title":"Chalet mieten Ardeche - Mieten Sie ein Chalet Vallon Pont d' Arc, Ardeche","robots":{"index":"index","follow":"follow","max-snippet":"max-snippet:-1","max-image-preview":"max-image-preview:large","max-video-preview":"max-video-preview:-1"},"canonical":"https:\/\/www.campingchadeyron.com\/de\/ardeche-twin-cottage\/","og_locale":"de_DE","og_type":"article","og_title":"Chalet mieten Ardeche - Mieten Sie ein Chalet Vallon Pont d' Arc, Ardeche","og_description":"[vc_row][vc_column width=&#8220;1\/3&#8243; css=&#8220;.vc_custom_1486722989961{padding-right: 4px !important;padding-left: 4px !important;}&#8220;][vc_single_image image=&#8220;930&#8243; img_size=&#8220;full&#8220; css=&#8220;.vc_custom_1487579425780{margin-bottom: [&hellip;]","og_url":"https:\/\/www.campingchadeyron.com\/de\/ardeche-twin-cottage\/","og_site_name":"Camping Chadeyron","article_modified_time":"2023-03-10T09:49:59+00:00","og_image":[{"width":1900,"height":500,"url":"https:\/\/www.campingchadeyron.com\/wp-content\/uploads\/2017\/01\/location-chalets-ardeche.jpg","type":"image\/jpeg"}],"twitter_card":"summary_large_image","twitter_misc":{"Gesch\u00e4tzte Lesezeit":"1\u00a0Minute"},"schema":{"@context":"https:\/\/schema.org","@graph":[{"@type":"WebPage","@id":"https:\/\/www.campingchadeyron.com\/de\/ardeche-twin-cottage\/","url":"https:\/\/www.campingchadeyron.com\/de\/ardeche-twin-cottage\/","name":"Chalet mieten Ardeche - Mieten Sie ein Chalet Vallon Pont d' Arc, Ardeche","isPartOf":{"@id":"https:\/\/www.campingchadeyron.com\/#website"},"primaryImageOfPage":{"@id":"https:\/\/www.campingchadeyron.com\/de\/ardeche-twin-cottage\/#primaryimage"},"image":{"@id":"https:\/\/www.campingchadeyron.com\/de\/ardeche-twin-cottage\/#primaryimage"},"thumbnailUrl":"https:\/\/www.campingchadeyron.com\/wp-content\/uploads\/2017\/01\/location-chalets-ardeche.jpg","datePublished":"2017-01-18T10:53:15+00:00","dateModified":"2023-03-10T09:49:59+00:00","breadcrumb":{"@id":"https:\/\/www.campingchadeyron.com\/de\/ardeche-twin-cottage\/#breadcrumb"},"inLanguage":"de","potentialAction":[{"@type":"ReadAction","target":["https:\/\/www.campingchadeyron.com\/de\/ardeche-twin-cottage\/"]}]},{"@type":"ImageObject","inLanguage":"de","@id":"https:\/\/www.campingchadeyron.com\/de\/ardeche-twin-cottage\/#primaryimage","url":"https:\/\/www.campingchadeyron.com\/wp-content\/uploads\/2017\/01\/location-chalets-ardeche.jpg","contentUrl":"https:\/\/www.campingchadeyron.com\/wp-content\/uploads\/2017\/01\/location-chalets-ardeche.jpg","width":1900,"height":500},{"@type":"BreadcrumbList","@id":"https:\/\/www.campingchadeyron.com\/de\/ardeche-twin-cottage\/#breadcrumb","itemListElement":[{"@type":"ListItem","position":1,"name":"Accueil","item":"https:\/\/www.campingchadeyron.com\/de\/"},{"@type":"ListItem","position":2,"name":"Ard\u00e8che Twin Cottage"}]},{"@type":"WebSite","@id":"https:\/\/www.campingchadeyron.com\/#website","url":"https:\/\/www.campingchadeyron.com\/","name":"Camping Chadeyron","description":"","publisher":{"@id":"https:\/\/www.campingchadeyron.com\/#organization"},"potentialAction":[{"@type":"SearchAction","target":{"@type":"EntryPoint","urlTemplate":"https:\/\/www.campingchadeyron.com\/?s={search_term_string}"},"query-input":{"@type":"PropertyValueSpecification","valueRequired":true,"valueName":"search_term_string"}}],"inLanguage":"de"},{"@type":"Organization","@id":"https:\/\/www.campingchadeyron.com\/#organization","name":"Domaine de Chadeyron","url":"https:\/\/www.campingchadeyron.com\/","logo":{"@type":"ImageObject","inLanguage":"de","@id":"https:\/\/www.campingchadeyron.com\/#\/schema\/logo\/image\/","url":"https:\/\/www.campingchadeyron.com\/wp-content\/uploads\/2025\/05\/domaine-de-chadeyron.png","contentUrl":"https:\/\/www.campingchadeyron.com\/wp-content\/uploads\/2025\/05\/domaine-de-chadeyron.png","width":215,"height":112,"caption":"Domaine de Chadeyron"},"image":{"@id":"https:\/\/www.campingchadeyron.com\/#\/schema\/logo\/image\/"}}]}},"_links":{"self":[{"href":"https:\/\/www.campingchadeyron.com\/de\/wp-json\/wp\/v2\/pages\/929"}],"collection":[{"href":"https:\/\/www.campingchadeyron.com\/de\/wp-json\/wp\/v2\/pages"}],"about":[{"href":"https:\/\/www.campingchadeyron.com\/de\/wp-json\/wp\/v2\/types\/page"}],"author":[{"embeddable":true,"href":"https:\/\/www.campingchadeyron.com\/de\/wp-json\/wp\/v2\/users\/1"}],"replies":[{"embeddable":true,"href":"https:\/\/www.campingchadeyron.com\/de\/wp-json\/wp\/v2\/comments?post=929"}],"version-history":[{"count":10,"href":"https:\/\/www.campingchadeyron.com\/de\/wp-json\/wp\/v2\/pages\/929\/revisions"}],"predecessor-version":[{"id":1600,"href":"https:\/\/www.campingchadeyron.com\/de\/wp-json\/wp\/v2\/pages\/929\/revisions\/1600"}],"wp:featuredmedia":[{"embeddable":true,"href":"https:\/\/www.campingchadeyron.com\/de\/wp-json\/wp\/v2\/media\/931"}],"wp:attachment":[{"href":"https:\/\/www.campingchadeyron.com\/de\/wp-json\/wp\/v2\/media?parent=929"}],"curies":[{"name":"wp","href":"https:\/\/api.w.org\/{rel}","templated":true}]}}