{"id":941,"date":"2017-01-18T11:48:20","date_gmt":"2017-01-18T10:48:20","guid":{"rendered":"http:\/\/www.campingchadeyron.com\/camping-ardeche\/"},"modified":"2017-09-07T15:59:23","modified_gmt":"2017-09-07T13:59:23","slug":"camping-ardeche","status":"publish","type":"page","link":"https:\/\/www.campingchadeyron.com\/de\/camping-ardeche\/","title":{"rendered":"Camping Ard\u00e8che"},"content":{"rendered":"<p>[vc_row][vc_column width=&#8220;1\/3&#8243; css=&#8220;.vc_custom_1485875185457{padding-right: 4px !important;padding-left: 4px !important;}&#8220;][vc_column_text el_class=&#8220;block-slogan&#8220; css=&#8220;.vc_custom_1504788525275{margin-bottom: 8px !important;}&#8220;]Vom Mont Gerbier de Jones bis zur Pont d&#8217;Are, mit seinem Klima und seiner Lebensart,<br \/>\nGastfreundschaft und menschliche W\u00e4rme wird die Ardeche Sie begeistern.[\/vc_column_text][\/vc_column][vc_column width=&#8220;2\/3&#8243; css=&#8220;.vc_custom_1485875195596{padding-right: 4px !important;padding-left: 4px !important;}&#8220;][vc_single_image image=&#8220;388&#8243; img_size=&#8220;full&#8220; alignment=&#8220;center&#8220; el_class=&#8220;border-img&#8220; css=&#8220;.vc_custom_1487154965641{margin-bottom: 8px !important;}&#8220;][\/vc_column][\/vc_row][vc_row][vc_column width=&#8220;1\/2&#8243; css=&#8220;.vc_custom_1485875207633{padding-right: 4px !important;padding-left: 4px !important;}&#8220;][vc_single_image image=&#8220;389&#8243; img_size=&#8220;full&#8220; alignment=&#8220;center&#8220; el_class=&#8220;border-img&#8220; css=&#8220;.vc_custom_1487155057161{margin-bottom: 8px !important;}&#8220;][\/vc_column][vc_column width=&#8220;1\/2&#8243; css=&#8220;.vc_custom_1485875218605{padding-right: 4px !important;padding-left: 4px !important;}&#8220;][vc_column_text el_class=&#8220;bg-txt&#8220; css=&#8220;.vc_custom_1504792751251{margin-bottom: 8px !important;padding-top: 38px !important;padding-bottom: 37px !important;}&#8220;]Dank der Vielfalt seiner Landschaften, die abwechslungsreiche Fauna und Flora, seine leidenschaftliche Bauern, k\u00f6nnen Sie w\u00e4hrend Ihres <a href=\"\/de\/\">Urlaubs in der Ard\u00e8che<\/a> saftige Fr\u00fcchte, leckere Weine, starke<br \/>\nK\u00e4se genie\u00dfen und Ihre Salate mit herrlichem Oliven\u00f6l verfeinern.[\/vc_column_text][vc_column_text el_class=&#8220;bg-txt&#8220; css=&#8220;.vc_custom_1504786092756{margin-bottom: 8px !important;}&#8220;]Die Ardeche wird Liebhaber von historischen Bauten erfreuen.<br \/>\nEs ist ein Land der Burgen , und vor allem unber\u00fchrte D\u00f6rfer, die es geschafft haben, authentisch zu bleiben . Sie k\u00f6nnen nat\u00fcrlich auch die H\u00f6hle des Pont d&#8217;Arc besuchen, Unesco &#8211; Weltkulturerbe, Das R\u00f6mische Museum in Alba la Romaine, das Museum der Ardeche Balazuc, das Museum der Prehistorie in der Aven von Orgnac&#8230;[\/vc_column_text][\/vc_column][\/vc_row][vc_row][vc_column width=&#8220;1\/3&#8243; css=&#8220;.vc_custom_1485875207633{padding-right: 4px !important;padding-left: 4px !important;}&#8220;][vc_column_text el_class=&#8220;bg-txt&#8220; css=&#8220;.vc_custom_1504786137064{margin-bottom: 8px !important;}&#8220;]Die Ardeche ist auch ein gro\u00dfer und sch\u00f6ner Spielplatz f\u00fcr Sport in jeder Jahreszeit: Langlauf auf dem Ardeche- Plateau, in den Schluchten der Ardeche Kanufahren, Radfahren \u00fcberall auf den Strecken der \u201eArdechoise\u201c (das wichtigste Radrennen der Welt nach der Anzahl der Teilnehmer), Wandern, Klettern, H\u00f6hlenforschung, Reiten, Canyoning&#8230;[\/vc_column_text][\/vc_column][vc_column width=&#8220;2\/3&#8243; css=&#8220;.vc_custom_1485875218605{padding-right: 4px !important;padding-left: 4px !important;}&#8220;][vc_single_image image=&#8220;393&#8243; img_size=&#8220;full&#8220; alignment=&#8220;center&#8220; el_class=&#8220;border-img&#8220; css=&#8220;.vc_custom_1487155411808{margin-bottom: 8px !important;}&#8220;][\/vc_column][\/vc_row][vc_row][vc_column css=&#8220;.vc_custom_1487772419793{padding-right: 4px !important;padding-left: 4px !important;}&#8220;][vc_column_text el_class=&#8220;block-slogan center&#8220; css=&#8220;.vc_custom_1504786182603{margin-top: 50px !important;margin-bottom: 8px !important;padding-top: 14px !important;padding-bottom: 8px !important;}&#8220;]<\/p>\n<p class=\"title\">Entdecken Sie Die Ard\u00e8che<\/p>\n<h2 class=\"subtitle\">Ardeche Urlaub<\/h2>\n<p>[\/vc_column_text][\/vc_column][\/vc_row]<\/p>\n","protected":false},"excerpt":{"rendered":"<p>[vc_row][vc_column width=&#8220;1\/3&#8243; css=&#8220;.vc_custom_1485875185457{padding-right: 4px !important;padding-left: 4px !important;}&#8220;][vc_column_text el_class=&#8220;block-slogan&#8220; css=&#8220;.vc_custom_1504788525275{margin-bottom: 8px [&hellip;]<\/p>\n<a href=\"https:\/\/www.campingchadeyron.com\/de\/camping-ardeche\/\">View Post<\/a>","protected":false},"author":1,"featured_media":943,"parent":0,"menu_order":0,"comment_status":"closed","ping_status":"closed","template":"page-templates\/parent-page.php","meta":{"_acf_changed":false,"footnotes":""},"class_list":["post-941","page","type-page","status-publish","has-post-thumbnail","hentry"],"acf":[],"yoast_head":"<!-- This site is optimized with the Yoast SEO plugin v25.3 - https:\/\/yoast.com\/wordpress\/plugins\/seo\/ -->\n<title>Campingplatz Ardeche - Ferienunterk\u00fcnfte in Ardeche<\/title>\n<meta name=\"robots\" content=\"index, follow, max-snippet:-1, max-image-preview:large, max-video-preview:-1\" \/>\n<link rel=\"canonical\" href=\"https:\/\/www.campingchadeyron.com\/de\/camping-ardeche\/\" \/>\n<meta property=\"og:locale\" content=\"de_DE\" \/>\n<meta property=\"og:type\" content=\"article\" \/>\n<meta property=\"og:title\" content=\"Campingplatz Ardeche - Ferienunterk\u00fcnfte in Ardeche\" \/>\n<meta property=\"og:description\" content=\"[vc_row][vc_column width=&#8220;1\/3&#8243; css=&#8220;.vc_custom_1485875185457{padding-right: 4px !important;padding-left: 4px !important;}&#8220;][vc_column_text el_class=&#8220;block-slogan&#8220; css=&#8220;.vc_custom_1504788525275{margin-bottom: 8px [&hellip;]\" \/>\n<meta property=\"og:url\" content=\"https:\/\/www.campingchadeyron.com\/de\/camping-ardeche\/\" \/>\n<meta property=\"og:site_name\" content=\"Camping Chadeyron\" \/>\n<meta property=\"article:modified_time\" content=\"2017-09-07T13:59:23+00:00\" \/>\n<meta property=\"og:image\" content=\"https:\/\/www.campingchadeyron.com\/wp-content\/uploads\/2017\/01\/location-mobil-home-en-ardeche.jpg\" \/>\n\t<meta property=\"og:image:width\" content=\"1900\" \/>\n\t<meta property=\"og:image:height\" content=\"500\" \/>\n\t<meta property=\"og:image:type\" content=\"image\/jpeg\" \/>\n<meta name=\"twitter:card\" content=\"summary_large_image\" \/>\n<meta name=\"twitter:label1\" content=\"Gesch\u00e4tzte Lesezeit\" \/>\n\t<meta name=\"twitter:data1\" content=\"2\u00a0Minuten\" \/>\n<script type=\"application\/ld+json\" class=\"yoast-schema-graph\">{\"@context\":\"https:\/\/schema.org\",\"@graph\":[{\"@type\":\"WebPage\",\"@id\":\"https:\/\/www.campingchadeyron.com\/de\/camping-ardeche\/\",\"url\":\"https:\/\/www.campingchadeyron.com\/de\/camping-ardeche\/\",\"name\":\"Campingplatz Ardeche - Ferienunterk\u00fcnfte in Ardeche\",\"isPartOf\":{\"@id\":\"https:\/\/www.campingchadeyron.com\/#website\"},\"primaryImageOfPage\":{\"@id\":\"https:\/\/www.campingchadeyron.com\/de\/camping-ardeche\/#primaryimage\"},\"image\":{\"@id\":\"https:\/\/www.campingchadeyron.com\/de\/camping-ardeche\/#primaryimage\"},\"thumbnailUrl\":\"https:\/\/www.campingchadeyron.com\/wp-content\/uploads\/2017\/01\/location-mobil-home-en-ardeche.jpg\",\"datePublished\":\"2017-01-18T10:48:20+00:00\",\"dateModified\":\"2017-09-07T13:59:23+00:00\",\"breadcrumb\":{\"@id\":\"https:\/\/www.campingchadeyron.com\/de\/camping-ardeche\/#breadcrumb\"},\"inLanguage\":\"de\",\"potentialAction\":[{\"@type\":\"ReadAction\",\"target\":[\"https:\/\/www.campingchadeyron.com\/de\/camping-ardeche\/\"]}]},{\"@type\":\"ImageObject\",\"inLanguage\":\"de\",\"@id\":\"https:\/\/www.campingchadeyron.com\/de\/camping-ardeche\/#primaryimage\",\"url\":\"https:\/\/www.campingchadeyron.com\/wp-content\/uploads\/2017\/01\/location-mobil-home-en-ardeche.jpg\",\"contentUrl\":\"https:\/\/www.campingchadeyron.com\/wp-content\/uploads\/2017\/01\/location-mobil-home-en-ardeche.jpg\",\"width\":1900,\"height\":500},{\"@type\":\"BreadcrumbList\",\"@id\":\"https:\/\/www.campingchadeyron.com\/de\/camping-ardeche\/#breadcrumb\",\"itemListElement\":[{\"@type\":\"ListItem\",\"position\":1,\"name\":\"Accueil\",\"item\":\"https:\/\/www.campingchadeyron.com\/de\/\"},{\"@type\":\"ListItem\",\"position\":2,\"name\":\"Camping Ard\u00e8che\"}]},{\"@type\":\"WebSite\",\"@id\":\"https:\/\/www.campingchadeyron.com\/#website\",\"url\":\"https:\/\/www.campingchadeyron.com\/\",\"name\":\"Camping Chadeyron\",\"description\":\"\",\"publisher\":{\"@id\":\"https:\/\/www.campingchadeyron.com\/#organization\"},\"potentialAction\":[{\"@type\":\"SearchAction\",\"target\":{\"@type\":\"EntryPoint\",\"urlTemplate\":\"https:\/\/www.campingchadeyron.com\/?s={search_term_string}\"},\"query-input\":{\"@type\":\"PropertyValueSpecification\",\"valueRequired\":true,\"valueName\":\"search_term_string\"}}],\"inLanguage\":\"de\"},{\"@type\":\"Organization\",\"@id\":\"https:\/\/www.campingchadeyron.com\/#organization\",\"name\":\"Domaine de Chadeyron\",\"url\":\"https:\/\/www.campingchadeyron.com\/\",\"logo\":{\"@type\":\"ImageObject\",\"inLanguage\":\"de\",\"@id\":\"https:\/\/www.campingchadeyron.com\/#\/schema\/logo\/image\/\",\"url\":\"https:\/\/www.campingchadeyron.com\/wp-content\/uploads\/2025\/05\/domaine-de-chadeyron.png\",\"contentUrl\":\"https:\/\/www.campingchadeyron.com\/wp-content\/uploads\/2025\/05\/domaine-de-chadeyron.png\",\"width\":215,\"height\":112,\"caption\":\"Domaine de Chadeyron\"},\"image\":{\"@id\":\"https:\/\/www.campingchadeyron.com\/#\/schema\/logo\/image\/\"}}]}<\/script>\n<!-- \/ Yoast SEO plugin. -->","yoast_head_json":{"title":"Campingplatz Ardeche - Ferienunterk\u00fcnfte in Ardeche","robots":{"index":"index","follow":"follow","max-snippet":"max-snippet:-1","max-image-preview":"max-image-preview:large","max-video-preview":"max-video-preview:-1"},"canonical":"https:\/\/www.campingchadeyron.com\/de\/camping-ardeche\/","og_locale":"de_DE","og_type":"article","og_title":"Campingplatz Ardeche - Ferienunterk\u00fcnfte in Ardeche","og_description":"[vc_row][vc_column width=&#8220;1\/3&#8243; css=&#8220;.vc_custom_1485875185457{padding-right: 4px !important;padding-left: 4px !important;}&#8220;][vc_column_text el_class=&#8220;block-slogan&#8220; css=&#8220;.vc_custom_1504788525275{margin-bottom: 8px [&hellip;]","og_url":"https:\/\/www.campingchadeyron.com\/de\/camping-ardeche\/","og_site_name":"Camping Chadeyron","article_modified_time":"2017-09-07T13:59:23+00:00","og_image":[{"width":1900,"height":500,"url":"https:\/\/www.campingchadeyron.com\/wp-content\/uploads\/2017\/01\/location-mobil-home-en-ardeche.jpg","type":"image\/jpeg"}],"twitter_card":"summary_large_image","twitter_misc":{"Gesch\u00e4tzte Lesezeit":"2\u00a0Minuten"},"schema":{"@context":"https:\/\/schema.org","@graph":[{"@type":"WebPage","@id":"https:\/\/www.campingchadeyron.com\/de\/camping-ardeche\/","url":"https:\/\/www.campingchadeyron.com\/de\/camping-ardeche\/","name":"Campingplatz Ardeche - Ferienunterk\u00fcnfte in Ardeche","isPartOf":{"@id":"https:\/\/www.campingchadeyron.com\/#website"},"primaryImageOfPage":{"@id":"https:\/\/www.campingchadeyron.com\/de\/camping-ardeche\/#primaryimage"},"image":{"@id":"https:\/\/www.campingchadeyron.com\/de\/camping-ardeche\/#primaryimage"},"thumbnailUrl":"https:\/\/www.campingchadeyron.com\/wp-content\/uploads\/2017\/01\/location-mobil-home-en-ardeche.jpg","datePublished":"2017-01-18T10:48:20+00:00","dateModified":"2017-09-07T13:59:23+00:00","breadcrumb":{"@id":"https:\/\/www.campingchadeyron.com\/de\/camping-ardeche\/#breadcrumb"},"inLanguage":"de","potentialAction":[{"@type":"ReadAction","target":["https:\/\/www.campingchadeyron.com\/de\/camping-ardeche\/"]}]},{"@type":"ImageObject","inLanguage":"de","@id":"https:\/\/www.campingchadeyron.com\/de\/camping-ardeche\/#primaryimage","url":"https:\/\/www.campingchadeyron.com\/wp-content\/uploads\/2017\/01\/location-mobil-home-en-ardeche.jpg","contentUrl":"https:\/\/www.campingchadeyron.com\/wp-content\/uploads\/2017\/01\/location-mobil-home-en-ardeche.jpg","width":1900,"height":500},{"@type":"BreadcrumbList","@id":"https:\/\/www.campingchadeyron.com\/de\/camping-ardeche\/#breadcrumb","itemListElement":[{"@type":"ListItem","position":1,"name":"Accueil","item":"https:\/\/www.campingchadeyron.com\/de\/"},{"@type":"ListItem","position":2,"name":"Camping Ard\u00e8che"}]},{"@type":"WebSite","@id":"https:\/\/www.campingchadeyron.com\/#website","url":"https:\/\/www.campingchadeyron.com\/","name":"Camping Chadeyron","description":"","publisher":{"@id":"https:\/\/www.campingchadeyron.com\/#organization"},"potentialAction":[{"@type":"SearchAction","target":{"@type":"EntryPoint","urlTemplate":"https:\/\/www.campingchadeyron.com\/?s={search_term_string}"},"query-input":{"@type":"PropertyValueSpecification","valueRequired":true,"valueName":"search_term_string"}}],"inLanguage":"de"},{"@type":"Organization","@id":"https:\/\/www.campingchadeyron.com\/#organization","name":"Domaine de Chadeyron","url":"https:\/\/www.campingchadeyron.com\/","logo":{"@type":"ImageObject","inLanguage":"de","@id":"https:\/\/www.campingchadeyron.com\/#\/schema\/logo\/image\/","url":"https:\/\/www.campingchadeyron.com\/wp-content\/uploads\/2025\/05\/domaine-de-chadeyron.png","contentUrl":"https:\/\/www.campingchadeyron.com\/wp-content\/uploads\/2025\/05\/domaine-de-chadeyron.png","width":215,"height":112,"caption":"Domaine de Chadeyron"},"image":{"@id":"https:\/\/www.campingchadeyron.com\/#\/schema\/logo\/image\/"}}]}},"_links":{"self":[{"href":"https:\/\/www.campingchadeyron.com\/de\/wp-json\/wp\/v2\/pages\/941"}],"collection":[{"href":"https:\/\/www.campingchadeyron.com\/de\/wp-json\/wp\/v2\/pages"}],"about":[{"href":"https:\/\/www.campingchadeyron.com\/de\/wp-json\/wp\/v2\/types\/page"}],"author":[{"embeddable":true,"href":"https:\/\/www.campingchadeyron.com\/de\/wp-json\/wp\/v2\/users\/1"}],"replies":[{"embeddable":true,"href":"https:\/\/www.campingchadeyron.com\/de\/wp-json\/wp\/v2\/comments?post=941"}],"version-history":[{"count":6,"href":"https:\/\/www.campingchadeyron.com\/de\/wp-json\/wp\/v2\/pages\/941\/revisions"}],"predecessor-version":[{"id":1047,"href":"https:\/\/www.campingchadeyron.com\/de\/wp-json\/wp\/v2\/pages\/941\/revisions\/1047"}],"wp:featuredmedia":[{"embeddable":true,"href":"https:\/\/www.campingchadeyron.com\/de\/wp-json\/wp\/v2\/media\/943"}],"wp:attachment":[{"href":"https:\/\/www.campingchadeyron.com\/de\/wp-json\/wp\/v2\/media?parent=941"}],"curies":[{"name":"wp","href":"https:\/\/api.w.org\/{rel}","templated":true}]}}