{"id":961,"date":"2017-02-06T10:11:07","date_gmt":"2017-02-06T09:11:07","guid":{"rendered":"http:\/\/www.campingchadeyron.com\/camping-ardeche\/camping-balazuc\/"},"modified":"2017-09-07T14:54:18","modified_gmt":"2017-09-07T12:54:18","slug":"camping-balazuc","status":"publish","type":"page","link":"https:\/\/www.campingchadeyron.com\/de\/camping-ardeche\/camping-balazuc\/","title":{"rendered":"Camping Balazuc"},"content":{"rendered":"<p>[vc_row][vc_column width=&#8220;1\/3&#8243; css=&#8220;.vc_custom_1485875185457{padding-right: 4px !important;padding-left: 4px !important;}&#8220;][vc_column_text el_class=&#8220;block-slogan&#8220; css=&#8220;.vc_custom_1504788758924{margin-bottom: 8px !important;padding-top: 125px !important;padding-right: 50px !important;padding-bottom: 125px !important;padding-left: 50px !important;}&#8220;]Mit der Auszeichnung &#8222;D\u00f6rfer mit Charakter&#8220;, geh\u00f6rt Balazuc zu den sch\u00f6nsten D\u00f6rfer Frankreichs.[\/vc_column_text][\/vc_column][vc_column width=&#8220;2\/3&#8243; css=&#8220;.vc_custom_1485875195596{padding-right: 4px !important;padding-left: 4px !important;}&#8220;][vc_single_image image=&#8220;383&#8243; img_size=&#8220;full&#8220; alignment=&#8220;center&#8220; el_class=&#8220;border-img&#8220; css=&#8220;.vc_custom_1486992957835{margin-bottom: 8px !important;}&#8220;][\/vc_column][\/vc_row][vc_row][vc_column width=&#8220;1\/4&#8243; css=&#8220;.vc_custom_1486372930859{padding-right: 4px !important;padding-left: 4px !important;}&#8220;][vc_single_image image=&#8220;319&#8243; img_size=&#8220;full&#8220; alignment=&#8220;center&#8220; el_class=&#8220;border-img&#8220; css=&#8220;.vc_custom_1486373200908{margin-bottom: 8px !important;}&#8220;][\/vc_column][vc_column width=&#8220;1\/4&#8243; css=&#8220;.vc_custom_1486373234125{padding-right: 4px !important;padding-left: 4px !important;}&#8220;][vc_single_image image=&#8220;320&#8243; img_size=&#8220;full&#8220; alignment=&#8220;center&#8220; el_class=&#8220;border-img&#8220; css=&#8220;.vc_custom_1486373224236{margin-bottom: 8px !important;}&#8220;][\/vc_column][vc_column width=&#8220;1\/4&#8243; css=&#8220;.vc_custom_1486373294709{padding-right: 4px !important;padding-left: 4px !important;}&#8220;][vc_single_image image=&#8220;321&#8243; img_size=&#8220;full&#8220; alignment=&#8220;center&#8220; el_class=&#8220;border-img&#8220; css=&#8220;.vc_custom_1486373263406{margin-bottom: 8px !important;}&#8220;][\/vc_column][vc_column width=&#8220;1\/4&#8243; css=&#8220;.vc_custom_1486373302212{padding-right: 4px !important;padding-left: 4px !important;}&#8220;][vc_single_image image=&#8220;322&#8243; img_size=&#8220;full&#8220; alignment=&#8220;center&#8220; el_class=&#8220;border-img&#8220; css=&#8220;.vc_custom_1486373283568{margin-bottom: 8px !important;}&#8220;][\/vc_column][\/vc_row][vc_row][vc_column width=&#8220;1\/2&#8243; css=&#8220;.vc_custom_1485875207633{padding-right: 4px !important;padding-left: 4px !important;}&#8220;][vc_column_text el_class=&#8220;bg-txt&#8220; css=&#8220;.vc_custom_1504788778524{margin-bottom: 8px !important;}&#8220;]Das Dorf liegt auf einer Anh\u00f6he mit Blick auf den Fluss Ardeche.<br \/>\nSie k\u00f6nnen die Besichtigung des traumhaften Dorfes mit einem Aufenthalt am Flussufer kombinieren! Vergessen Sie nicht einen Besuch bei &#8222;La maison des artisans&#8220;, wo lokale K\u00fcnstler ihre T\u00f6pferarbeiten ausstellen.[\/vc_column_text][\/vc_column][vc_column width=&#8220;1\/2&#8243; css=&#8220;.vc_custom_1485875218605{padding-right: 4px !important;padding-left: 4px !important;}&#8220;][vc_column_text el_class=&#8220;bg-txt&#8220;]<span style=\"font-weight: bold;\">Neu<\/span><br \/>\nMuseum der <a href=\"\/de\/camping-ardeche\/\">Ard\u00e8che<\/a> : Ein Abenteuer in der spektakul\u00e4ren Welt der Fossilien 500.000.000 Jahre Geschichte.[\/vc_column_text][\/vc_column][\/vc_row]<\/p>\n","protected":false},"excerpt":{"rendered":"<p>[vc_row][vc_column width=&#8220;1\/3&#8243; css=&#8220;.vc_custom_1485875185457{padding-right: 4px !important;padding-left: 4px !important;}&#8220;][vc_column_text el_class=&#8220;block-slogan&#8220; css=&#8220;.vc_custom_1504788758924{margin-bottom: 8px [&hellip;]<\/p>\n<a href=\"https:\/\/www.campingchadeyron.com\/de\/camping-ardeche\/camping-balazuc\/\">View Post<\/a>","protected":false},"author":1,"featured_media":963,"parent":941,"menu_order":0,"comment_status":"closed","ping_status":"closed","template":"","meta":{"_acf_changed":false,"footnotes":""},"class_list":["post-961","page","type-page","status-publish","has-post-thumbnail","hentry"],"acf":[],"yoast_head":"<!-- This site is optimized with the Yoast SEO plugin v25.3 - https:\/\/yoast.com\/wordpress\/plugins\/seo\/ -->\n<title>Campingplatz Balazuc - Ferienunterk\u00fcnfte Balazuc<\/title>\n<meta name=\"robots\" content=\"index, follow, max-snippet:-1, max-image-preview:large, max-video-preview:-1\" \/>\n<link rel=\"canonical\" href=\"https:\/\/www.campingchadeyron.com\/de\/camping-ardeche\/camping-balazuc\/\" \/>\n<meta property=\"og:locale\" content=\"de_DE\" \/>\n<meta property=\"og:type\" content=\"article\" \/>\n<meta property=\"og:title\" content=\"Campingplatz Balazuc - Ferienunterk\u00fcnfte Balazuc\" \/>\n<meta property=\"og:description\" content=\"[vc_row][vc_column width=&#8220;1\/3&#8243; css=&#8220;.vc_custom_1485875185457{padding-right: 4px !important;padding-left: 4px !important;}&#8220;][vc_column_text el_class=&#8220;block-slogan&#8220; css=&#8220;.vc_custom_1504788758924{margin-bottom: 8px [&hellip;]\" \/>\n<meta property=\"og:url\" content=\"https:\/\/www.campingchadeyron.com\/de\/camping-ardeche\/camping-balazuc\/\" \/>\n<meta property=\"og:site_name\" content=\"Camping Chadeyron\" \/>\n<meta property=\"article:modified_time\" content=\"2017-09-07T12:54:18+00:00\" \/>\n<meta property=\"og:image\" content=\"https:\/\/www.campingchadeyron.com\/wp-content\/uploads\/2017\/02\/camping-balazuc-ardeche.jpg\" \/>\n\t<meta property=\"og:image:width\" content=\"1900\" \/>\n\t<meta property=\"og:image:height\" content=\"500\" \/>\n\t<meta property=\"og:image:type\" content=\"image\/jpeg\" \/>\n<meta name=\"twitter:card\" content=\"summary_large_image\" \/>\n<meta name=\"twitter:label1\" content=\"Gesch\u00e4tzte Lesezeit\" \/>\n\t<meta name=\"twitter:data1\" content=\"2\u00a0Minuten\" \/>\n<script type=\"application\/ld+json\" class=\"yoast-schema-graph\">{\"@context\":\"https:\/\/schema.org\",\"@graph\":[{\"@type\":\"WebPage\",\"@id\":\"https:\/\/www.campingchadeyron.com\/de\/camping-ardeche\/camping-balazuc\/\",\"url\":\"https:\/\/www.campingchadeyron.com\/de\/camping-ardeche\/camping-balazuc\/\",\"name\":\"Campingplatz Balazuc - Ferienunterk\u00fcnfte Balazuc\",\"isPartOf\":{\"@id\":\"https:\/\/www.campingchadeyron.com\/#website\"},\"primaryImageOfPage\":{\"@id\":\"https:\/\/www.campingchadeyron.com\/de\/camping-ardeche\/camping-balazuc\/#primaryimage\"},\"image\":{\"@id\":\"https:\/\/www.campingchadeyron.com\/de\/camping-ardeche\/camping-balazuc\/#primaryimage\"},\"thumbnailUrl\":\"https:\/\/www.campingchadeyron.com\/wp-content\/uploads\/2017\/02\/camping-balazuc-ardeche.jpg\",\"datePublished\":\"2017-02-06T09:11:07+00:00\",\"dateModified\":\"2017-09-07T12:54:18+00:00\",\"breadcrumb\":{\"@id\":\"https:\/\/www.campingchadeyron.com\/de\/camping-ardeche\/camping-balazuc\/#breadcrumb\"},\"inLanguage\":\"de\",\"potentialAction\":[{\"@type\":\"ReadAction\",\"target\":[\"https:\/\/www.campingchadeyron.com\/de\/camping-ardeche\/camping-balazuc\/\"]}]},{\"@type\":\"ImageObject\",\"inLanguage\":\"de\",\"@id\":\"https:\/\/www.campingchadeyron.com\/de\/camping-ardeche\/camping-balazuc\/#primaryimage\",\"url\":\"https:\/\/www.campingchadeyron.com\/wp-content\/uploads\/2017\/02\/camping-balazuc-ardeche.jpg\",\"contentUrl\":\"https:\/\/www.campingchadeyron.com\/wp-content\/uploads\/2017\/02\/camping-balazuc-ardeche.jpg\",\"width\":1900,\"height\":500},{\"@type\":\"BreadcrumbList\",\"@id\":\"https:\/\/www.campingchadeyron.com\/de\/camping-ardeche\/camping-balazuc\/#breadcrumb\",\"itemListElement\":[{\"@type\":\"ListItem\",\"position\":1,\"name\":\"Accueil\",\"item\":\"https:\/\/www.campingchadeyron.com\/de\/\"},{\"@type\":\"ListItem\",\"position\":2,\"name\":\"Camping Ard\u00e8che\",\"item\":\"https:\/\/www.campingchadeyron.com\/de\/camping-ardeche\/\"},{\"@type\":\"ListItem\",\"position\":3,\"name\":\"Camping Balazuc\"}]},{\"@type\":\"WebSite\",\"@id\":\"https:\/\/www.campingchadeyron.com\/#website\",\"url\":\"https:\/\/www.campingchadeyron.com\/\",\"name\":\"Camping Chadeyron\",\"description\":\"\",\"publisher\":{\"@id\":\"https:\/\/www.campingchadeyron.com\/#organization\"},\"potentialAction\":[{\"@type\":\"SearchAction\",\"target\":{\"@type\":\"EntryPoint\",\"urlTemplate\":\"https:\/\/www.campingchadeyron.com\/?s={search_term_string}\"},\"query-input\":{\"@type\":\"PropertyValueSpecification\",\"valueRequired\":true,\"valueName\":\"search_term_string\"}}],\"inLanguage\":\"de\"},{\"@type\":\"Organization\",\"@id\":\"https:\/\/www.campingchadeyron.com\/#organization\",\"name\":\"Domaine de Chadeyron\",\"url\":\"https:\/\/www.campingchadeyron.com\/\",\"logo\":{\"@type\":\"ImageObject\",\"inLanguage\":\"de\",\"@id\":\"https:\/\/www.campingchadeyron.com\/#\/schema\/logo\/image\/\",\"url\":\"https:\/\/www.campingchadeyron.com\/wp-content\/uploads\/2025\/05\/domaine-de-chadeyron.png\",\"contentUrl\":\"https:\/\/www.campingchadeyron.com\/wp-content\/uploads\/2025\/05\/domaine-de-chadeyron.png\",\"width\":215,\"height\":112,\"caption\":\"Domaine de Chadeyron\"},\"image\":{\"@id\":\"https:\/\/www.campingchadeyron.com\/#\/schema\/logo\/image\/\"}}]}<\/script>\n<!-- \/ Yoast SEO plugin. -->","yoast_head_json":{"title":"Campingplatz Balazuc - Ferienunterk\u00fcnfte Balazuc","robots":{"index":"index","follow":"follow","max-snippet":"max-snippet:-1","max-image-preview":"max-image-preview:large","max-video-preview":"max-video-preview:-1"},"canonical":"https:\/\/www.campingchadeyron.com\/de\/camping-ardeche\/camping-balazuc\/","og_locale":"de_DE","og_type":"article","og_title":"Campingplatz Balazuc - Ferienunterk\u00fcnfte Balazuc","og_description":"[vc_row][vc_column width=&#8220;1\/3&#8243; css=&#8220;.vc_custom_1485875185457{padding-right: 4px !important;padding-left: 4px !important;}&#8220;][vc_column_text el_class=&#8220;block-slogan&#8220; css=&#8220;.vc_custom_1504788758924{margin-bottom: 8px [&hellip;]","og_url":"https:\/\/www.campingchadeyron.com\/de\/camping-ardeche\/camping-balazuc\/","og_site_name":"Camping Chadeyron","article_modified_time":"2017-09-07T12:54:18+00:00","og_image":[{"width":1900,"height":500,"url":"https:\/\/www.campingchadeyron.com\/wp-content\/uploads\/2017\/02\/camping-balazuc-ardeche.jpg","type":"image\/jpeg"}],"twitter_card":"summary_large_image","twitter_misc":{"Gesch\u00e4tzte Lesezeit":"2\u00a0Minuten"},"schema":{"@context":"https:\/\/schema.org","@graph":[{"@type":"WebPage","@id":"https:\/\/www.campingchadeyron.com\/de\/camping-ardeche\/camping-balazuc\/","url":"https:\/\/www.campingchadeyron.com\/de\/camping-ardeche\/camping-balazuc\/","name":"Campingplatz Balazuc - Ferienunterk\u00fcnfte Balazuc","isPartOf":{"@id":"https:\/\/www.campingchadeyron.com\/#website"},"primaryImageOfPage":{"@id":"https:\/\/www.campingchadeyron.com\/de\/camping-ardeche\/camping-balazuc\/#primaryimage"},"image":{"@id":"https:\/\/www.campingchadeyron.com\/de\/camping-ardeche\/camping-balazuc\/#primaryimage"},"thumbnailUrl":"https:\/\/www.campingchadeyron.com\/wp-content\/uploads\/2017\/02\/camping-balazuc-ardeche.jpg","datePublished":"2017-02-06T09:11:07+00:00","dateModified":"2017-09-07T12:54:18+00:00","breadcrumb":{"@id":"https:\/\/www.campingchadeyron.com\/de\/camping-ardeche\/camping-balazuc\/#breadcrumb"},"inLanguage":"de","potentialAction":[{"@type":"ReadAction","target":["https:\/\/www.campingchadeyron.com\/de\/camping-ardeche\/camping-balazuc\/"]}]},{"@type":"ImageObject","inLanguage":"de","@id":"https:\/\/www.campingchadeyron.com\/de\/camping-ardeche\/camping-balazuc\/#primaryimage","url":"https:\/\/www.campingchadeyron.com\/wp-content\/uploads\/2017\/02\/camping-balazuc-ardeche.jpg","contentUrl":"https:\/\/www.campingchadeyron.com\/wp-content\/uploads\/2017\/02\/camping-balazuc-ardeche.jpg","width":1900,"height":500},{"@type":"BreadcrumbList","@id":"https:\/\/www.campingchadeyron.com\/de\/camping-ardeche\/camping-balazuc\/#breadcrumb","itemListElement":[{"@type":"ListItem","position":1,"name":"Accueil","item":"https:\/\/www.campingchadeyron.com\/de\/"},{"@type":"ListItem","position":2,"name":"Camping Ard\u00e8che","item":"https:\/\/www.campingchadeyron.com\/de\/camping-ardeche\/"},{"@type":"ListItem","position":3,"name":"Camping Balazuc"}]},{"@type":"WebSite","@id":"https:\/\/www.campingchadeyron.com\/#website","url":"https:\/\/www.campingchadeyron.com\/","name":"Camping Chadeyron","description":"","publisher":{"@id":"https:\/\/www.campingchadeyron.com\/#organization"},"potentialAction":[{"@type":"SearchAction","target":{"@type":"EntryPoint","urlTemplate":"https:\/\/www.campingchadeyron.com\/?s={search_term_string}"},"query-input":{"@type":"PropertyValueSpecification","valueRequired":true,"valueName":"search_term_string"}}],"inLanguage":"de"},{"@type":"Organization","@id":"https:\/\/www.campingchadeyron.com\/#organization","name":"Domaine de Chadeyron","url":"https:\/\/www.campingchadeyron.com\/","logo":{"@type":"ImageObject","inLanguage":"de","@id":"https:\/\/www.campingchadeyron.com\/#\/schema\/logo\/image\/","url":"https:\/\/www.campingchadeyron.com\/wp-content\/uploads\/2025\/05\/domaine-de-chadeyron.png","contentUrl":"https:\/\/www.campingchadeyron.com\/wp-content\/uploads\/2025\/05\/domaine-de-chadeyron.png","width":215,"height":112,"caption":"Domaine de Chadeyron"},"image":{"@id":"https:\/\/www.campingchadeyron.com\/#\/schema\/logo\/image\/"}}]}},"_links":{"self":[{"href":"https:\/\/www.campingchadeyron.com\/de\/wp-json\/wp\/v2\/pages\/961"}],"collection":[{"href":"https:\/\/www.campingchadeyron.com\/de\/wp-json\/wp\/v2\/pages"}],"about":[{"href":"https:\/\/www.campingchadeyron.com\/de\/wp-json\/wp\/v2\/types\/page"}],"author":[{"embeddable":true,"href":"https:\/\/www.campingchadeyron.com\/de\/wp-json\/wp\/v2\/users\/1"}],"replies":[{"embeddable":true,"href":"https:\/\/www.campingchadeyron.com\/de\/wp-json\/wp\/v2\/comments?post=961"}],"version-history":[{"count":2,"href":"https:\/\/www.campingchadeyron.com\/de\/wp-json\/wp\/v2\/pages\/961\/revisions"}],"predecessor-version":[{"id":965,"href":"https:\/\/www.campingchadeyron.com\/de\/wp-json\/wp\/v2\/pages\/961\/revisions\/965"}],"up":[{"embeddable":true,"href":"https:\/\/www.campingchadeyron.com\/de\/wp-json\/wp\/v2\/pages\/941"}],"wp:featuredmedia":[{"embeddable":true,"href":"https:\/\/www.campingchadeyron.com\/de\/wp-json\/wp\/v2\/media\/963"}],"wp:attachment":[{"href":"https:\/\/www.campingchadeyron.com\/de\/wp-json\/wp\/v2\/media?parent=961"}],"curies":[{"name":"wp","href":"https:\/\/api.w.org\/{rel}","templated":true}]}}