{"id":970,"date":"2017-02-06T10:47:06","date_gmt":"2017-02-06T09:47:06","guid":{"rendered":"http:\/\/www.campingchadeyron.com\/camping-ardeche\/camping-vogue\/"},"modified":"2017-09-07T15:05:44","modified_gmt":"2017-09-07T13:05:44","slug":"camping-vogue","status":"publish","type":"page","link":"https:\/\/www.campingchadeyron.com\/de\/camping-ardeche\/camping-vogue\/","title":{"rendered":"Camping Vogu\u00eb"},"content":{"rendered":"<p>[vc_row][vc_column width=&#8220;1\/3&#8243; css=&#8220;.vc_custom_1485875185457{padding-right: 4px !important;padding-left: 4px !important;}&#8220;][vc_column_text el_class=&#8220;block-slogan&#8220; css=&#8220;.vc_custom_1504789344172{margin-bottom: 8px !important;padding-top: 150px !important;padding-bottom: 150px !important;}&#8220;]Vogu\u00eb ist eines der sch\u00f6nsten D\u00f6rfer Frankreichs.[\/vc_column_text][\/vc_column][vc_column width=&#8220;2\/3&#8243; css=&#8220;.vc_custom_1485875195596{padding-right: 4px !important;padding-left: 4px !important;}&#8220;][vc_single_image image=&#8220;339&#8243; img_size=&#8220;full&#8220; alignment=&#8220;center&#8220; el_class=&#8220;border-img&#8220; css=&#8220;.vc_custom_1486375393936{margin-bottom: 8px !important;}&#8220;][\/vc_column][\/vc_row][vc_row][vc_column width=&#8220;1\/2&#8243; css=&#8220;.vc_custom_1485875207633{padding-right: 4px !important;padding-left: 4px !important;}&#8220;][vc_single_image image=&#8220;340&#8243; img_size=&#8220;full&#8220; alignment=&#8220;center&#8220; el_class=&#8220;border-img&#8220; css=&#8220;.vc_custom_1486375426889{margin-bottom: 8px !important;}&#8220;][\/vc_column][vc_column width=&#8220;1\/2&#8243; css=&#8220;.vc_custom_1485875218605{padding-right: 4px !important;padding-left: 4px !important;}&#8220;][vc_column_text el_class=&#8220;bg-txt&#8220; css=&#8220;.vc_custom_1504789423272{margin-bottom: 8px !important;}&#8220;]Es wurde auf den Kalksteinfelsen gebaut, mit Blick auf den Fluss <a href=\"\/de\/camping-ardeche\/\">Ard\u00e8che<\/a>.[\/vc_column_text][vc_column_text el_class=&#8220;bg-txt&#8220; css=&#8220;.vc_custom_1504789489248{padding-top: 37px !important;padding-bottom: 36px !important;}&#8220;]Entdecken Sie die kleinen, engen Gassen, die sie zu einer gro\u00dfartigen, mittelalterlichen Burg f\u00fchren werden.[\/vc_column_text][\/vc_column][\/vc_row]<\/p>\n","protected":false},"excerpt":{"rendered":"<p>[vc_row][vc_column width=&#8220;1\/3&#8243; css=&#8220;.vc_custom_1485875185457{padding-right: 4px !important;padding-left: 4px !important;}&#8220;][vc_column_text el_class=&#8220;block-slogan&#8220; css=&#8220;.vc_custom_1504789344172{margin-bottom: 8px [&hellip;]<\/p>\n<a href=\"https:\/\/www.campingchadeyron.com\/de\/camping-ardeche\/camping-vogue\/\">View Post<\/a>","protected":false},"author":1,"featured_media":971,"parent":941,"menu_order":0,"comment_status":"closed","ping_status":"closed","template":"","meta":{"_acf_changed":false,"footnotes":""},"class_list":["post-970","page","type-page","status-publish","has-post-thumbnail","hentry"],"acf":[],"yoast_head":"<!-- This site is optimized with the Yoast SEO plugin v25.3 - https:\/\/yoast.com\/wordpress\/plugins\/seo\/ -->\n<title>Campingplatz Vogu\u00eb - Ferienunterk\u00fcnfte Vogu\u00eb<\/title>\n<meta name=\"robots\" content=\"index, follow, max-snippet:-1, max-image-preview:large, max-video-preview:-1\" \/>\n<link rel=\"canonical\" href=\"https:\/\/www.campingchadeyron.com\/de\/camping-ardeche\/camping-vogue\/\" \/>\n<meta property=\"og:locale\" content=\"de_DE\" \/>\n<meta property=\"og:type\" content=\"article\" \/>\n<meta property=\"og:title\" content=\"Campingplatz Vogu\u00eb - Ferienunterk\u00fcnfte Vogu\u00eb\" \/>\n<meta property=\"og:description\" content=\"[vc_row][vc_column width=&#8220;1\/3&#8243; css=&#8220;.vc_custom_1485875185457{padding-right: 4px !important;padding-left: 4px !important;}&#8220;][vc_column_text el_class=&#8220;block-slogan&#8220; css=&#8220;.vc_custom_1504789344172{margin-bottom: 8px [&hellip;]\" \/>\n<meta property=\"og:url\" content=\"https:\/\/www.campingchadeyron.com\/de\/camping-ardeche\/camping-vogue\/\" \/>\n<meta property=\"og:site_name\" content=\"Camping Chadeyron\" \/>\n<meta property=\"article:modified_time\" content=\"2017-09-07T13:05:44+00:00\" \/>\n<meta property=\"og:image\" content=\"https:\/\/www.campingchadeyron.com\/wp-content\/uploads\/2017\/02\/vogue-camping.jpg\" \/>\n\t<meta property=\"og:image:width\" content=\"1900\" \/>\n\t<meta property=\"og:image:height\" content=\"500\" \/>\n\t<meta property=\"og:image:type\" content=\"image\/jpeg\" \/>\n<meta name=\"twitter:card\" content=\"summary_large_image\" \/>\n<meta name=\"twitter:label1\" content=\"Gesch\u00e4tzte Lesezeit\" \/>\n\t<meta name=\"twitter:data1\" content=\"1\u00a0Minute\" \/>\n<script type=\"application\/ld+json\" class=\"yoast-schema-graph\">{\"@context\":\"https:\/\/schema.org\",\"@graph\":[{\"@type\":\"WebPage\",\"@id\":\"https:\/\/www.campingchadeyron.com\/de\/camping-ardeche\/camping-vogue\/\",\"url\":\"https:\/\/www.campingchadeyron.com\/de\/camping-ardeche\/camping-vogue\/\",\"name\":\"Campingplatz Vogu\u00eb - Ferienunterk\u00fcnfte Vogu\u00eb\",\"isPartOf\":{\"@id\":\"https:\/\/www.campingchadeyron.com\/#website\"},\"primaryImageOfPage\":{\"@id\":\"https:\/\/www.campingchadeyron.com\/de\/camping-ardeche\/camping-vogue\/#primaryimage\"},\"image\":{\"@id\":\"https:\/\/www.campingchadeyron.com\/de\/camping-ardeche\/camping-vogue\/#primaryimage\"},\"thumbnailUrl\":\"https:\/\/www.campingchadeyron.com\/wp-content\/uploads\/2017\/02\/vogue-camping.jpg\",\"datePublished\":\"2017-02-06T09:47:06+00:00\",\"dateModified\":\"2017-09-07T13:05:44+00:00\",\"breadcrumb\":{\"@id\":\"https:\/\/www.campingchadeyron.com\/de\/camping-ardeche\/camping-vogue\/#breadcrumb\"},\"inLanguage\":\"de\",\"potentialAction\":[{\"@type\":\"ReadAction\",\"target\":[\"https:\/\/www.campingchadeyron.com\/de\/camping-ardeche\/camping-vogue\/\"]}]},{\"@type\":\"ImageObject\",\"inLanguage\":\"de\",\"@id\":\"https:\/\/www.campingchadeyron.com\/de\/camping-ardeche\/camping-vogue\/#primaryimage\",\"url\":\"https:\/\/www.campingchadeyron.com\/wp-content\/uploads\/2017\/02\/vogue-camping.jpg\",\"contentUrl\":\"https:\/\/www.campingchadeyron.com\/wp-content\/uploads\/2017\/02\/vogue-camping.jpg\",\"width\":1900,\"height\":500},{\"@type\":\"BreadcrumbList\",\"@id\":\"https:\/\/www.campingchadeyron.com\/de\/camping-ardeche\/camping-vogue\/#breadcrumb\",\"itemListElement\":[{\"@type\":\"ListItem\",\"position\":1,\"name\":\"Accueil\",\"item\":\"https:\/\/www.campingchadeyron.com\/de\/\"},{\"@type\":\"ListItem\",\"position\":2,\"name\":\"Camping Ard\u00e8che\",\"item\":\"https:\/\/www.campingchadeyron.com\/de\/camping-ardeche\/\"},{\"@type\":\"ListItem\",\"position\":3,\"name\":\"Camping Vogu\u00eb\"}]},{\"@type\":\"WebSite\",\"@id\":\"https:\/\/www.campingchadeyron.com\/#website\",\"url\":\"https:\/\/www.campingchadeyron.com\/\",\"name\":\"Camping Chadeyron\",\"description\":\"\",\"publisher\":{\"@id\":\"https:\/\/www.campingchadeyron.com\/#organization\"},\"potentialAction\":[{\"@type\":\"SearchAction\",\"target\":{\"@type\":\"EntryPoint\",\"urlTemplate\":\"https:\/\/www.campingchadeyron.com\/?s={search_term_string}\"},\"query-input\":{\"@type\":\"PropertyValueSpecification\",\"valueRequired\":true,\"valueName\":\"search_term_string\"}}],\"inLanguage\":\"de\"},{\"@type\":\"Organization\",\"@id\":\"https:\/\/www.campingchadeyron.com\/#organization\",\"name\":\"Domaine de Chadeyron\",\"url\":\"https:\/\/www.campingchadeyron.com\/\",\"logo\":{\"@type\":\"ImageObject\",\"inLanguage\":\"de\",\"@id\":\"https:\/\/www.campingchadeyron.com\/#\/schema\/logo\/image\/\",\"url\":\"https:\/\/www.campingchadeyron.com\/wp-content\/uploads\/2025\/05\/domaine-de-chadeyron.png\",\"contentUrl\":\"https:\/\/www.campingchadeyron.com\/wp-content\/uploads\/2025\/05\/domaine-de-chadeyron.png\",\"width\":215,\"height\":112,\"caption\":\"Domaine de Chadeyron\"},\"image\":{\"@id\":\"https:\/\/www.campingchadeyron.com\/#\/schema\/logo\/image\/\"}}]}<\/script>\n<!-- \/ Yoast SEO plugin. -->","yoast_head_json":{"title":"Campingplatz Vogu\u00eb - Ferienunterk\u00fcnfte Vogu\u00eb","robots":{"index":"index","follow":"follow","max-snippet":"max-snippet:-1","max-image-preview":"max-image-preview:large","max-video-preview":"max-video-preview:-1"},"canonical":"https:\/\/www.campingchadeyron.com\/de\/camping-ardeche\/camping-vogue\/","og_locale":"de_DE","og_type":"article","og_title":"Campingplatz Vogu\u00eb - Ferienunterk\u00fcnfte Vogu\u00eb","og_description":"[vc_row][vc_column width=&#8220;1\/3&#8243; css=&#8220;.vc_custom_1485875185457{padding-right: 4px !important;padding-left: 4px !important;}&#8220;][vc_column_text el_class=&#8220;block-slogan&#8220; css=&#8220;.vc_custom_1504789344172{margin-bottom: 8px [&hellip;]","og_url":"https:\/\/www.campingchadeyron.com\/de\/camping-ardeche\/camping-vogue\/","og_site_name":"Camping Chadeyron","article_modified_time":"2017-09-07T13:05:44+00:00","og_image":[{"width":1900,"height":500,"url":"https:\/\/www.campingchadeyron.com\/wp-content\/uploads\/2017\/02\/vogue-camping.jpg","type":"image\/jpeg"}],"twitter_card":"summary_large_image","twitter_misc":{"Gesch\u00e4tzte Lesezeit":"1\u00a0Minute"},"schema":{"@context":"https:\/\/schema.org","@graph":[{"@type":"WebPage","@id":"https:\/\/www.campingchadeyron.com\/de\/camping-ardeche\/camping-vogue\/","url":"https:\/\/www.campingchadeyron.com\/de\/camping-ardeche\/camping-vogue\/","name":"Campingplatz Vogu\u00eb - Ferienunterk\u00fcnfte Vogu\u00eb","isPartOf":{"@id":"https:\/\/www.campingchadeyron.com\/#website"},"primaryImageOfPage":{"@id":"https:\/\/www.campingchadeyron.com\/de\/camping-ardeche\/camping-vogue\/#primaryimage"},"image":{"@id":"https:\/\/www.campingchadeyron.com\/de\/camping-ardeche\/camping-vogue\/#primaryimage"},"thumbnailUrl":"https:\/\/www.campingchadeyron.com\/wp-content\/uploads\/2017\/02\/vogue-camping.jpg","datePublished":"2017-02-06T09:47:06+00:00","dateModified":"2017-09-07T13:05:44+00:00","breadcrumb":{"@id":"https:\/\/www.campingchadeyron.com\/de\/camping-ardeche\/camping-vogue\/#breadcrumb"},"inLanguage":"de","potentialAction":[{"@type":"ReadAction","target":["https:\/\/www.campingchadeyron.com\/de\/camping-ardeche\/camping-vogue\/"]}]},{"@type":"ImageObject","inLanguage":"de","@id":"https:\/\/www.campingchadeyron.com\/de\/camping-ardeche\/camping-vogue\/#primaryimage","url":"https:\/\/www.campingchadeyron.com\/wp-content\/uploads\/2017\/02\/vogue-camping.jpg","contentUrl":"https:\/\/www.campingchadeyron.com\/wp-content\/uploads\/2017\/02\/vogue-camping.jpg","width":1900,"height":500},{"@type":"BreadcrumbList","@id":"https:\/\/www.campingchadeyron.com\/de\/camping-ardeche\/camping-vogue\/#breadcrumb","itemListElement":[{"@type":"ListItem","position":1,"name":"Accueil","item":"https:\/\/www.campingchadeyron.com\/de\/"},{"@type":"ListItem","position":2,"name":"Camping Ard\u00e8che","item":"https:\/\/www.campingchadeyron.com\/de\/camping-ardeche\/"},{"@type":"ListItem","position":3,"name":"Camping Vogu\u00eb"}]},{"@type":"WebSite","@id":"https:\/\/www.campingchadeyron.com\/#website","url":"https:\/\/www.campingchadeyron.com\/","name":"Camping Chadeyron","description":"","publisher":{"@id":"https:\/\/www.campingchadeyron.com\/#organization"},"potentialAction":[{"@type":"SearchAction","target":{"@type":"EntryPoint","urlTemplate":"https:\/\/www.campingchadeyron.com\/?s={search_term_string}"},"query-input":{"@type":"PropertyValueSpecification","valueRequired":true,"valueName":"search_term_string"}}],"inLanguage":"de"},{"@type":"Organization","@id":"https:\/\/www.campingchadeyron.com\/#organization","name":"Domaine de Chadeyron","url":"https:\/\/www.campingchadeyron.com\/","logo":{"@type":"ImageObject","inLanguage":"de","@id":"https:\/\/www.campingchadeyron.com\/#\/schema\/logo\/image\/","url":"https:\/\/www.campingchadeyron.com\/wp-content\/uploads\/2025\/05\/domaine-de-chadeyron.png","contentUrl":"https:\/\/www.campingchadeyron.com\/wp-content\/uploads\/2025\/05\/domaine-de-chadeyron.png","width":215,"height":112,"caption":"Domaine de Chadeyron"},"image":{"@id":"https:\/\/www.campingchadeyron.com\/#\/schema\/logo\/image\/"}}]}},"_links":{"self":[{"href":"https:\/\/www.campingchadeyron.com\/de\/wp-json\/wp\/v2\/pages\/970"}],"collection":[{"href":"https:\/\/www.campingchadeyron.com\/de\/wp-json\/wp\/v2\/pages"}],"about":[{"href":"https:\/\/www.campingchadeyron.com\/de\/wp-json\/wp\/v2\/types\/page"}],"author":[{"embeddable":true,"href":"https:\/\/www.campingchadeyron.com\/de\/wp-json\/wp\/v2\/users\/1"}],"replies":[{"embeddable":true,"href":"https:\/\/www.campingchadeyron.com\/de\/wp-json\/wp\/v2\/comments?post=970"}],"version-history":[{"count":2,"href":"https:\/\/www.campingchadeyron.com\/de\/wp-json\/wp\/v2\/pages\/970\/revisions"}],"predecessor-version":[{"id":973,"href":"https:\/\/www.campingchadeyron.com\/de\/wp-json\/wp\/v2\/pages\/970\/revisions\/973"}],"up":[{"embeddable":true,"href":"https:\/\/www.campingchadeyron.com\/de\/wp-json\/wp\/v2\/pages\/941"}],"wp:featuredmedia":[{"embeddable":true,"href":"https:\/\/www.campingchadeyron.com\/de\/wp-json\/wp\/v2\/media\/971"}],"wp:attachment":[{"href":"https:\/\/www.campingchadeyron.com\/de\/wp-json\/wp\/v2\/media?parent=970"}],"curies":[{"name":"wp","href":"https:\/\/api.w.org\/{rel}","templated":true}]}}