{"id":514,"date":"2017-02-24T12:10:36","date_gmt":"2017-02-24T11:10:36","guid":{"rendered":"http:\/\/www.campingchadeyron.com\/?page_id=514\/"},"modified":"2017-02-28T16:07:33","modified_gmt":"2017-02-28T15:07:33","slug":"camping-vogue","status":"publish","type":"page","link":"https:\/\/www.campingchadeyron.com\/en\/camping-ardeche\/camping-vogue\/","title":{"rendered":"Camping Vogu\u00eb"},"content":{"rendered":"<p>[vc_row][vc_column width=&#8221;1\/3&#8243; css=&#8221;.vc_custom_1485875185457{padding-right: 4px !important;padding-left: 4px !important;}&#8221;][vc_column_text el_class=&#8221;block-slogan&#8221; css=&#8221;.vc_custom_1487934523817{margin-bottom: 8px !important;padding-top: 150px !important;padding-bottom: 150px !important;}&#8221;]Vogue is one of the &#8220;Most Beautifull Villages of France&#8221;[\/vc_column_text][\/vc_column][vc_column width=&#8221;2\/3&#8243; css=&#8221;.vc_custom_1485875195596{padding-right: 4px !important;padding-left: 4px !important;}&#8221;][vc_single_image image=&#8221;339&#8243; img_size=&#8221;full&#8221; alignment=&#8221;center&#8221; el_class=&#8221;border-img&#8221; css=&#8221;.vc_custom_1486375393936{margin-bottom: 8px !important;}&#8221;][\/vc_column][\/vc_row][vc_row][vc_column width=&#8221;1\/2&#8243; css=&#8221;.vc_custom_1485875207633{padding-right: 4px !important;padding-left: 4px !important;}&#8221;][vc_single_image image=&#8221;340&#8243; img_size=&#8221;full&#8221; alignment=&#8221;center&#8221; el_class=&#8221;border-img&#8221; css=&#8221;.vc_custom_1486375426889{margin-bottom: 8px !important;}&#8221;][\/vc_column][vc_column width=&#8221;1\/2&#8243; css=&#8221;.vc_custom_1485875218605{padding-right: 4px !important;padding-left: 4px !important;}&#8221;][vc_column_text el_class=&#8221;bg-txt&#8221; css=&#8221;.vc_custom_1487934534947{margin-bottom: 8px !important;}&#8221;]It is built on rocks against a limestone cliff at the side of the River Ardeche.[\/vc_column_text][vc_column_text el_class=&#8221;bg-txt&#8221; css=&#8221;.vc_custom_1488294447633{padding-top: 37px !important;padding-bottom: 36px !important;}&#8221;]During your <a href=\"\/en\/camping-ardeche\/\">holidays in Ardeche<\/a>, you can go and explore it&#8217;s narrow streets and alleys which lead to a magnificent medieval ch\u00e2teau.[\/vc_column_text][\/vc_column][\/vc_row]<\/p>\n","protected":false},"excerpt":{"rendered":"<p>[vc_row][vc_column width=&#8221;1\/3&#8243; css=&#8221;.vc_custom_1485875185457{padding-right: 4px !important;padding-left: 4px !important;}&#8221;][vc_column_text el_class=&#8221;block-slogan&#8221; css=&#8221;.vc_custom_1487934523817{margin-bottom: 8px [&hellip;]<\/p>\n<a href=\"https:\/\/www.campingchadeyron.com\/en\/camping-ardeche\/camping-vogue\/\">View Post<\/a>","protected":false},"author":1,"featured_media":338,"parent":502,"menu_order":0,"comment_status":"closed","ping_status":"closed","template":"","meta":{"_acf_changed":false,"footnotes":""},"class_list":["post-514","page","type-page","status-publish","has-post-thumbnail","hentry"],"acf":[],"yoast_head":"<!-- This site is optimized with the Yoast SEO plugin v25.3 - https:\/\/yoast.com\/wordpress\/plugins\/seo\/ -->\n<title>Camping Vogu\u00eb - Vacances camping Vogu\u00eb - Location vacances Vogu\u00eb<\/title>\n<meta name=\"robots\" content=\"index, follow, max-snippet:-1, max-image-preview:large, max-video-preview:-1\" \/>\n<link rel=\"canonical\" href=\"https:\/\/www.campingchadeyron.com\/en\/camping-ardeche\/camping-vogue\/\" \/>\n<meta property=\"og:locale\" content=\"en_US\" \/>\n<meta property=\"og:type\" content=\"article\" \/>\n<meta property=\"og:title\" content=\"Camping Vogu\u00eb - Vacances camping Vogu\u00eb - Location vacances Vogu\u00eb\" \/>\n<meta property=\"og:description\" content=\"[vc_row][vc_column width=&#8221;1\/3&#8243; css=&#8221;.vc_custom_1485875185457{padding-right: 4px !important;padding-left: 4px !important;}&#8221;][vc_column_text el_class=&#8221;block-slogan&#8221; css=&#8221;.vc_custom_1487934523817{margin-bottom: 8px [&hellip;]\" \/>\n<meta property=\"og:url\" content=\"https:\/\/www.campingchadeyron.com\/en\/camping-ardeche\/camping-vogue\/\" \/>\n<meta property=\"og:site_name\" content=\"Camping Chadeyron\" \/>\n<meta property=\"article:modified_time\" content=\"2017-02-28T15:07:33+00:00\" \/>\n<meta property=\"og:image\" content=\"https:\/\/www.campingchadeyron.com\/wp-content\/uploads\/2017\/02\/vogue-camping.jpg\" \/>\n\t<meta property=\"og:image:width\" content=\"1900\" \/>\n\t<meta property=\"og:image:height\" content=\"500\" \/>\n\t<meta property=\"og:image:type\" content=\"image\/jpeg\" \/>\n<meta name=\"twitter:card\" content=\"summary_large_image\" \/>\n<meta name=\"twitter:label1\" content=\"Est. reading time\" \/>\n\t<meta name=\"twitter:data1\" content=\"1 minute\" \/>\n<script type=\"application\/ld+json\" class=\"yoast-schema-graph\">{\"@context\":\"https:\/\/schema.org\",\"@graph\":[{\"@type\":\"WebPage\",\"@id\":\"https:\/\/www.campingchadeyron.com\/en\/camping-ardeche\/camping-vogue\/\",\"url\":\"https:\/\/www.campingchadeyron.com\/en\/camping-ardeche\/camping-vogue\/\",\"name\":\"Camping Vogu\u00eb - Vacances camping Vogu\u00eb - Location vacances Vogu\u00eb\",\"isPartOf\":{\"@id\":\"https:\/\/www.campingchadeyron.com\/#website\"},\"primaryImageOfPage\":{\"@id\":\"https:\/\/www.campingchadeyron.com\/en\/camping-ardeche\/camping-vogue\/#primaryimage\"},\"image\":{\"@id\":\"https:\/\/www.campingchadeyron.com\/en\/camping-ardeche\/camping-vogue\/#primaryimage\"},\"thumbnailUrl\":\"https:\/\/www.campingchadeyron.com\/wp-content\/uploads\/2017\/02\/vogue-camping.jpg\",\"datePublished\":\"2017-02-24T11:10:36+00:00\",\"dateModified\":\"2017-02-28T15:07:33+00:00\",\"breadcrumb\":{\"@id\":\"https:\/\/www.campingchadeyron.com\/en\/camping-ardeche\/camping-vogue\/#breadcrumb\"},\"inLanguage\":\"en-US\",\"potentialAction\":[{\"@type\":\"ReadAction\",\"target\":[\"https:\/\/www.campingchadeyron.com\/en\/camping-ardeche\/camping-vogue\/\"]}]},{\"@type\":\"ImageObject\",\"inLanguage\":\"en-US\",\"@id\":\"https:\/\/www.campingchadeyron.com\/en\/camping-ardeche\/camping-vogue\/#primaryimage\",\"url\":\"https:\/\/www.campingchadeyron.com\/wp-content\/uploads\/2017\/02\/vogue-camping.jpg\",\"contentUrl\":\"https:\/\/www.campingchadeyron.com\/wp-content\/uploads\/2017\/02\/vogue-camping.jpg\",\"width\":1900,\"height\":500,\"caption\":\"Camping Vogu\u00eb\"},{\"@type\":\"BreadcrumbList\",\"@id\":\"https:\/\/www.campingchadeyron.com\/en\/camping-ardeche\/camping-vogue\/#breadcrumb\",\"itemListElement\":[{\"@type\":\"ListItem\",\"position\":1,\"name\":\"Accueil\",\"item\":\"https:\/\/www.campingchadeyron.com\/en\/\"},{\"@type\":\"ListItem\",\"position\":2,\"name\":\"Camping Ard\u00e8che\",\"item\":\"https:\/\/www.campingchadeyron.com\/en\/camping-ardeche\/\"},{\"@type\":\"ListItem\",\"position\":3,\"name\":\"Camping Vogu\u00eb\"}]},{\"@type\":\"WebSite\",\"@id\":\"https:\/\/www.campingchadeyron.com\/#website\",\"url\":\"https:\/\/www.campingchadeyron.com\/\",\"name\":\"Camping Chadeyron\",\"description\":\"\",\"publisher\":{\"@id\":\"https:\/\/www.campingchadeyron.com\/#organization\"},\"potentialAction\":[{\"@type\":\"SearchAction\",\"target\":{\"@type\":\"EntryPoint\",\"urlTemplate\":\"https:\/\/www.campingchadeyron.com\/?s={search_term_string}\"},\"query-input\":{\"@type\":\"PropertyValueSpecification\",\"valueRequired\":true,\"valueName\":\"search_term_string\"}}],\"inLanguage\":\"en-US\"},{\"@type\":\"Organization\",\"@id\":\"https:\/\/www.campingchadeyron.com\/#organization\",\"name\":\"Domaine de Chadeyron\",\"url\":\"https:\/\/www.campingchadeyron.com\/\",\"logo\":{\"@type\":\"ImageObject\",\"inLanguage\":\"en-US\",\"@id\":\"https:\/\/www.campingchadeyron.com\/#\/schema\/logo\/image\/\",\"url\":\"https:\/\/www.campingchadeyron.com\/wp-content\/uploads\/2025\/05\/domaine-de-chadeyron.png\",\"contentUrl\":\"https:\/\/www.campingchadeyron.com\/wp-content\/uploads\/2025\/05\/domaine-de-chadeyron.png\",\"width\":215,\"height\":112,\"caption\":\"Domaine de Chadeyron\"},\"image\":{\"@id\":\"https:\/\/www.campingchadeyron.com\/#\/schema\/logo\/image\/\"}}]}<\/script>\n<!-- \/ Yoast SEO plugin. -->","yoast_head_json":{"title":"Camping Vogu\u00eb - Vacances camping Vogu\u00eb - Location vacances Vogu\u00eb","robots":{"index":"index","follow":"follow","max-snippet":"max-snippet:-1","max-image-preview":"max-image-preview:large","max-video-preview":"max-video-preview:-1"},"canonical":"https:\/\/www.campingchadeyron.com\/en\/camping-ardeche\/camping-vogue\/","og_locale":"en_US","og_type":"article","og_title":"Camping Vogu\u00eb - Vacances camping Vogu\u00eb - Location vacances Vogu\u00eb","og_description":"[vc_row][vc_column width=&#8221;1\/3&#8243; css=&#8221;.vc_custom_1485875185457{padding-right: 4px !important;padding-left: 4px !important;}&#8221;][vc_column_text el_class=&#8221;block-slogan&#8221; css=&#8221;.vc_custom_1487934523817{margin-bottom: 8px [&hellip;]","og_url":"https:\/\/www.campingchadeyron.com\/en\/camping-ardeche\/camping-vogue\/","og_site_name":"Camping Chadeyron","article_modified_time":"2017-02-28T15:07:33+00:00","og_image":[{"width":1900,"height":500,"url":"https:\/\/www.campingchadeyron.com\/wp-content\/uploads\/2017\/02\/vogue-camping.jpg","type":"image\/jpeg"}],"twitter_card":"summary_large_image","twitter_misc":{"Est. reading time":"1 minute"},"schema":{"@context":"https:\/\/schema.org","@graph":[{"@type":"WebPage","@id":"https:\/\/www.campingchadeyron.com\/en\/camping-ardeche\/camping-vogue\/","url":"https:\/\/www.campingchadeyron.com\/en\/camping-ardeche\/camping-vogue\/","name":"Camping Vogu\u00eb - Vacances camping Vogu\u00eb - Location vacances Vogu\u00eb","isPartOf":{"@id":"https:\/\/www.campingchadeyron.com\/#website"},"primaryImageOfPage":{"@id":"https:\/\/www.campingchadeyron.com\/en\/camping-ardeche\/camping-vogue\/#primaryimage"},"image":{"@id":"https:\/\/www.campingchadeyron.com\/en\/camping-ardeche\/camping-vogue\/#primaryimage"},"thumbnailUrl":"https:\/\/www.campingchadeyron.com\/wp-content\/uploads\/2017\/02\/vogue-camping.jpg","datePublished":"2017-02-24T11:10:36+00:00","dateModified":"2017-02-28T15:07:33+00:00","breadcrumb":{"@id":"https:\/\/www.campingchadeyron.com\/en\/camping-ardeche\/camping-vogue\/#breadcrumb"},"inLanguage":"en-US","potentialAction":[{"@type":"ReadAction","target":["https:\/\/www.campingchadeyron.com\/en\/camping-ardeche\/camping-vogue\/"]}]},{"@type":"ImageObject","inLanguage":"en-US","@id":"https:\/\/www.campingchadeyron.com\/en\/camping-ardeche\/camping-vogue\/#primaryimage","url":"https:\/\/www.campingchadeyron.com\/wp-content\/uploads\/2017\/02\/vogue-camping.jpg","contentUrl":"https:\/\/www.campingchadeyron.com\/wp-content\/uploads\/2017\/02\/vogue-camping.jpg","width":1900,"height":500,"caption":"Camping Vogu\u00eb"},{"@type":"BreadcrumbList","@id":"https:\/\/www.campingchadeyron.com\/en\/camping-ardeche\/camping-vogue\/#breadcrumb","itemListElement":[{"@type":"ListItem","position":1,"name":"Accueil","item":"https:\/\/www.campingchadeyron.com\/en\/"},{"@type":"ListItem","position":2,"name":"Camping Ard\u00e8che","item":"https:\/\/www.campingchadeyron.com\/en\/camping-ardeche\/"},{"@type":"ListItem","position":3,"name":"Camping Vogu\u00eb"}]},{"@type":"WebSite","@id":"https:\/\/www.campingchadeyron.com\/#website","url":"https:\/\/www.campingchadeyron.com\/","name":"Camping Chadeyron","description":"","publisher":{"@id":"https:\/\/www.campingchadeyron.com\/#organization"},"potentialAction":[{"@type":"SearchAction","target":{"@type":"EntryPoint","urlTemplate":"https:\/\/www.campingchadeyron.com\/?s={search_term_string}"},"query-input":{"@type":"PropertyValueSpecification","valueRequired":true,"valueName":"search_term_string"}}],"inLanguage":"en-US"},{"@type":"Organization","@id":"https:\/\/www.campingchadeyron.com\/#organization","name":"Domaine de Chadeyron","url":"https:\/\/www.campingchadeyron.com\/","logo":{"@type":"ImageObject","inLanguage":"en-US","@id":"https:\/\/www.campingchadeyron.com\/#\/schema\/logo\/image\/","url":"https:\/\/www.campingchadeyron.com\/wp-content\/uploads\/2025\/05\/domaine-de-chadeyron.png","contentUrl":"https:\/\/www.campingchadeyron.com\/wp-content\/uploads\/2025\/05\/domaine-de-chadeyron.png","width":215,"height":112,"caption":"Domaine de Chadeyron"},"image":{"@id":"https:\/\/www.campingchadeyron.com\/#\/schema\/logo\/image\/"}}]}},"_links":{"self":[{"href":"https:\/\/www.campingchadeyron.com\/en\/wp-json\/wp\/v2\/pages\/514"}],"collection":[{"href":"https:\/\/www.campingchadeyron.com\/en\/wp-json\/wp\/v2\/pages"}],"about":[{"href":"https:\/\/www.campingchadeyron.com\/en\/wp-json\/wp\/v2\/types\/page"}],"author":[{"embeddable":true,"href":"https:\/\/www.campingchadeyron.com\/en\/wp-json\/wp\/v2\/users\/1"}],"replies":[{"embeddable":true,"href":"https:\/\/www.campingchadeyron.com\/en\/wp-json\/wp\/v2\/comments?post=514"}],"version-history":[{"count":3,"href":"https:\/\/www.campingchadeyron.com\/en\/wp-json\/wp\/v2\/pages\/514\/revisions"}],"predecessor-version":[{"id":753,"href":"https:\/\/www.campingchadeyron.com\/en\/wp-json\/wp\/v2\/pages\/514\/revisions\/753"}],"up":[{"embeddable":true,"href":"https:\/\/www.campingchadeyron.com\/en\/wp-json\/wp\/v2\/pages\/502"}],"wp:featuredmedia":[{"embeddable":true,"href":"https:\/\/www.campingchadeyron.com\/en\/wp-json\/wp\/v2\/media\/338"}],"wp:attachment":[{"href":"https:\/\/www.campingchadeyron.com\/en\/wp-json\/wp\/v2\/media?parent=514"}],"curies":[{"name":"wp","href":"https:\/\/api.w.org\/{rel}","templated":true}]}}