{"id":583,"date":"2017-02-06T10:47:06","date_gmt":"2017-02-06T09:47:06","guid":{"rendered":"http:\/\/www.campingchadeyron.com\/camping-vogue\/"},"modified":"2017-02-27T14:13:12","modified_gmt":"2017-02-27T13:13:12","slug":"camping-vogue","status":"publish","type":"page","link":"https:\/\/www.campingchadeyron.com\/nl\/camping-ardeche\/camping-vogue\/","title":{"rendered":"Camping Vogu\u00eb"},"content":{"rendered":"<p>[vc_row][vc_column width=&#8221;1\/3&#8243; css=&#8221;.vc_custom_1485875185457{padding-right: 4px !important;padding-left: 4px !important;}&#8221;][vc_column_text el_class=&#8221;block-slogan&#8221; css=&#8221;.vc_custom_1488184272418{margin-bottom: 8px !important;padding-top: 150px !important;padding-bottom: 150px !important;}&#8221;]Vog\u00fc\u00e9 is \u00e9\u00e9n van Frankrijks mooiste dorpjes.[\/vc_column_text][\/vc_column][vc_column width=&#8221;2\/3&#8243; css=&#8221;.vc_custom_1485875195596{padding-right: 4px !important;padding-left: 4px !important;}&#8221;][vc_single_image image=&#8221;339&#8243; img_size=&#8221;full&#8221; alignment=&#8221;center&#8221; el_class=&#8221;border-img&#8221; css=&#8221;.vc_custom_1486375393936{margin-bottom: 8px !important;}&#8221;][\/vc_column][\/vc_row][vc_row][vc_column width=&#8221;1\/2&#8243; css=&#8221;.vc_custom_1485875207633{padding-right: 4px !important;padding-left: 4px !important;}&#8221;][vc_single_image image=&#8221;340&#8243; img_size=&#8221;full&#8221; alignment=&#8221;center&#8221; el_class=&#8221;border-img&#8221; css=&#8221;.vc_custom_1486375426889{margin-bottom: 8px !important;}&#8221;][\/vc_column][vc_column width=&#8221;1\/2&#8243; css=&#8221;.vc_custom_1485875218605{padding-right: 4px !important;padding-left: 4px !important;}&#8221;][vc_column_text el_class=&#8221;bg-txt&#8221; css=&#8221;.vc_custom_1488184261747{margin-bottom: 8px !important;}&#8221;]Het is gebouwd tegen de kalkrotswand en kijkt uit over de Ard\u00e8che.[\/vc_column_text][vc_column_text el_class=&#8221;bg-txt&#8221; css=&#8221;.vc_custom_1488184280411{padding-top: 37px !important;padding-bottom: 36px !important;}&#8221;]De kleine smalle straatjes zijn het ontdekken waard en leiden naar een prachtig middeleeuws kasteel, dat te bezichtigen is.[\/vc_column_text][\/vc_column][\/vc_row]<\/p>\n","protected":false},"excerpt":{"rendered":"<p>[vc_row][vc_column width=&#8221;1\/3&#8243; css=&#8221;.vc_custom_1485875185457{padding-right: 4px !important;padding-left: 4px !important;}&#8221;][vc_column_text el_class=&#8221;block-slogan&#8221; css=&#8221;.vc_custom_1488184272418{margin-bottom: 8px [&hellip;]<\/p>\n<a href=\"https:\/\/www.campingchadeyron.com\/nl\/camping-ardeche\/camping-vogue\/\">View Post<\/a>","protected":false},"author":1,"featured_media":338,"parent":589,"menu_order":0,"comment_status":"closed","ping_status":"closed","template":"","meta":{"_acf_changed":false,"footnotes":""},"class_list":["post-583","page","type-page","status-publish","has-post-thumbnail","hentry"],"acf":[],"yoast_head":"<!-- This site is optimized with the Yoast SEO plugin v25.3 - https:\/\/yoast.com\/wordpress\/plugins\/seo\/ -->\n<title>Vogu\u00eb Camping - Campingurlaub Vogu\u00eb - Urlaub Vogu\u00eb<\/title>\n<meta name=\"robots\" content=\"index, follow, max-snippet:-1, max-image-preview:large, max-video-preview:-1\" \/>\n<link rel=\"canonical\" href=\"https:\/\/www.campingchadeyron.com\/nl\/camping-ardeche\/camping-vogue\/\" \/>\n<meta property=\"og:locale\" content=\"nl_NL\" \/>\n<meta property=\"og:type\" content=\"article\" \/>\n<meta property=\"og:title\" content=\"Vogu\u00eb Camping - Campingurlaub Vogu\u00eb - Urlaub Vogu\u00eb\" \/>\n<meta property=\"og:description\" content=\"[vc_row][vc_column width=&#8221;1\/3&#8243; css=&#8221;.vc_custom_1485875185457{padding-right: 4px !important;padding-left: 4px !important;}&#8221;][vc_column_text el_class=&#8221;block-slogan&#8221; css=&#8221;.vc_custom_1488184272418{margin-bottom: 8px [&hellip;]\" \/>\n<meta property=\"og:url\" content=\"https:\/\/www.campingchadeyron.com\/nl\/camping-ardeche\/camping-vogue\/\" \/>\n<meta property=\"og:site_name\" content=\"Camping Chadeyron\" \/>\n<meta property=\"article:modified_time\" content=\"2017-02-27T13:13:12+00:00\" \/>\n<meta property=\"og:image\" content=\"https:\/\/www.campingchadeyron.com\/wp-content\/uploads\/2017\/02\/vogue-camping.jpg\" \/>\n\t<meta property=\"og:image:width\" content=\"1900\" \/>\n\t<meta property=\"og:image:height\" content=\"500\" \/>\n\t<meta property=\"og:image:type\" content=\"image\/jpeg\" \/>\n<meta name=\"twitter:card\" content=\"summary_large_image\" \/>\n<meta name=\"twitter:label1\" content=\"Geschatte leestijd\" \/>\n\t<meta name=\"twitter:data1\" content=\"1 minuut\" \/>\n<script type=\"application\/ld+json\" class=\"yoast-schema-graph\">{\"@context\":\"https:\/\/schema.org\",\"@graph\":[{\"@type\":\"WebPage\",\"@id\":\"https:\/\/www.campingchadeyron.com\/nl\/camping-ardeche\/camping-vogue\/\",\"url\":\"https:\/\/www.campingchadeyron.com\/nl\/camping-ardeche\/camping-vogue\/\",\"name\":\"Vogu\u00eb Camping - Campingurlaub Vogu\u00eb - Urlaub Vogu\u00eb\",\"isPartOf\":{\"@id\":\"https:\/\/www.campingchadeyron.com\/#website\"},\"primaryImageOfPage\":{\"@id\":\"https:\/\/www.campingchadeyron.com\/nl\/camping-ardeche\/camping-vogue\/#primaryimage\"},\"image\":{\"@id\":\"https:\/\/www.campingchadeyron.com\/nl\/camping-ardeche\/camping-vogue\/#primaryimage\"},\"thumbnailUrl\":\"https:\/\/www.campingchadeyron.com\/wp-content\/uploads\/2017\/02\/vogue-camping.jpg\",\"datePublished\":\"2017-02-06T09:47:06+00:00\",\"dateModified\":\"2017-02-27T13:13:12+00:00\",\"breadcrumb\":{\"@id\":\"https:\/\/www.campingchadeyron.com\/nl\/camping-ardeche\/camping-vogue\/#breadcrumb\"},\"inLanguage\":\"nl-NL\",\"potentialAction\":[{\"@type\":\"ReadAction\",\"target\":[\"https:\/\/www.campingchadeyron.com\/nl\/camping-ardeche\/camping-vogue\/\"]}]},{\"@type\":\"ImageObject\",\"inLanguage\":\"nl-NL\",\"@id\":\"https:\/\/www.campingchadeyron.com\/nl\/camping-ardeche\/camping-vogue\/#primaryimage\",\"url\":\"https:\/\/www.campingchadeyron.com\/wp-content\/uploads\/2017\/02\/vogue-camping.jpg\",\"contentUrl\":\"https:\/\/www.campingchadeyron.com\/wp-content\/uploads\/2017\/02\/vogue-camping.jpg\",\"width\":1900,\"height\":500,\"caption\":\"Camping Vogu\u00eb\"},{\"@type\":\"BreadcrumbList\",\"@id\":\"https:\/\/www.campingchadeyron.com\/nl\/camping-ardeche\/camping-vogue\/#breadcrumb\",\"itemListElement\":[{\"@type\":\"ListItem\",\"position\":1,\"name\":\"Accueil\",\"item\":\"https:\/\/www.campingchadeyron.com\/nl\/\"},{\"@type\":\"ListItem\",\"position\":2,\"name\":\"Camping Ard\u00e8che\",\"item\":\"https:\/\/www.campingchadeyron.com\/nl\/camping-ardeche\/\"},{\"@type\":\"ListItem\",\"position\":3,\"name\":\"Camping Vogu\u00eb\"}]},{\"@type\":\"WebSite\",\"@id\":\"https:\/\/www.campingchadeyron.com\/#website\",\"url\":\"https:\/\/www.campingchadeyron.com\/\",\"name\":\"Camping Chadeyron\",\"description\":\"\",\"publisher\":{\"@id\":\"https:\/\/www.campingchadeyron.com\/#organization\"},\"potentialAction\":[{\"@type\":\"SearchAction\",\"target\":{\"@type\":\"EntryPoint\",\"urlTemplate\":\"https:\/\/www.campingchadeyron.com\/?s={search_term_string}\"},\"query-input\":{\"@type\":\"PropertyValueSpecification\",\"valueRequired\":true,\"valueName\":\"search_term_string\"}}],\"inLanguage\":\"nl-NL\"},{\"@type\":\"Organization\",\"@id\":\"https:\/\/www.campingchadeyron.com\/#organization\",\"name\":\"Domaine de Chadeyron\",\"url\":\"https:\/\/www.campingchadeyron.com\/\",\"logo\":{\"@type\":\"ImageObject\",\"inLanguage\":\"nl-NL\",\"@id\":\"https:\/\/www.campingchadeyron.com\/#\/schema\/logo\/image\/\",\"url\":\"https:\/\/www.campingchadeyron.com\/wp-content\/uploads\/2025\/05\/domaine-de-chadeyron.png\",\"contentUrl\":\"https:\/\/www.campingchadeyron.com\/wp-content\/uploads\/2025\/05\/domaine-de-chadeyron.png\",\"width\":215,\"height\":112,\"caption\":\"Domaine de Chadeyron\"},\"image\":{\"@id\":\"https:\/\/www.campingchadeyron.com\/#\/schema\/logo\/image\/\"}}]}<\/script>\n<!-- \/ Yoast SEO plugin. -->","yoast_head_json":{"title":"Vogu\u00eb Camping - Campingurlaub Vogu\u00eb - Urlaub Vogu\u00eb","robots":{"index":"index","follow":"follow","max-snippet":"max-snippet:-1","max-image-preview":"max-image-preview:large","max-video-preview":"max-video-preview:-1"},"canonical":"https:\/\/www.campingchadeyron.com\/nl\/camping-ardeche\/camping-vogue\/","og_locale":"nl_NL","og_type":"article","og_title":"Vogu\u00eb Camping - Campingurlaub Vogu\u00eb - Urlaub Vogu\u00eb","og_description":"[vc_row][vc_column width=&#8221;1\/3&#8243; css=&#8221;.vc_custom_1485875185457{padding-right: 4px !important;padding-left: 4px !important;}&#8221;][vc_column_text el_class=&#8221;block-slogan&#8221; css=&#8221;.vc_custom_1488184272418{margin-bottom: 8px [&hellip;]","og_url":"https:\/\/www.campingchadeyron.com\/nl\/camping-ardeche\/camping-vogue\/","og_site_name":"Camping Chadeyron","article_modified_time":"2017-02-27T13:13:12+00:00","og_image":[{"width":1900,"height":500,"url":"https:\/\/www.campingchadeyron.com\/wp-content\/uploads\/2017\/02\/vogue-camping.jpg","type":"image\/jpeg"}],"twitter_card":"summary_large_image","twitter_misc":{"Geschatte leestijd":"1 minuut"},"schema":{"@context":"https:\/\/schema.org","@graph":[{"@type":"WebPage","@id":"https:\/\/www.campingchadeyron.com\/nl\/camping-ardeche\/camping-vogue\/","url":"https:\/\/www.campingchadeyron.com\/nl\/camping-ardeche\/camping-vogue\/","name":"Vogu\u00eb Camping - Campingurlaub Vogu\u00eb - Urlaub Vogu\u00eb","isPartOf":{"@id":"https:\/\/www.campingchadeyron.com\/#website"},"primaryImageOfPage":{"@id":"https:\/\/www.campingchadeyron.com\/nl\/camping-ardeche\/camping-vogue\/#primaryimage"},"image":{"@id":"https:\/\/www.campingchadeyron.com\/nl\/camping-ardeche\/camping-vogue\/#primaryimage"},"thumbnailUrl":"https:\/\/www.campingchadeyron.com\/wp-content\/uploads\/2017\/02\/vogue-camping.jpg","datePublished":"2017-02-06T09:47:06+00:00","dateModified":"2017-02-27T13:13:12+00:00","breadcrumb":{"@id":"https:\/\/www.campingchadeyron.com\/nl\/camping-ardeche\/camping-vogue\/#breadcrumb"},"inLanguage":"nl-NL","potentialAction":[{"@type":"ReadAction","target":["https:\/\/www.campingchadeyron.com\/nl\/camping-ardeche\/camping-vogue\/"]}]},{"@type":"ImageObject","inLanguage":"nl-NL","@id":"https:\/\/www.campingchadeyron.com\/nl\/camping-ardeche\/camping-vogue\/#primaryimage","url":"https:\/\/www.campingchadeyron.com\/wp-content\/uploads\/2017\/02\/vogue-camping.jpg","contentUrl":"https:\/\/www.campingchadeyron.com\/wp-content\/uploads\/2017\/02\/vogue-camping.jpg","width":1900,"height":500,"caption":"Camping Vogu\u00eb"},{"@type":"BreadcrumbList","@id":"https:\/\/www.campingchadeyron.com\/nl\/camping-ardeche\/camping-vogue\/#breadcrumb","itemListElement":[{"@type":"ListItem","position":1,"name":"Accueil","item":"https:\/\/www.campingchadeyron.com\/nl\/"},{"@type":"ListItem","position":2,"name":"Camping Ard\u00e8che","item":"https:\/\/www.campingchadeyron.com\/nl\/camping-ardeche\/"},{"@type":"ListItem","position":3,"name":"Camping Vogu\u00eb"}]},{"@type":"WebSite","@id":"https:\/\/www.campingchadeyron.com\/#website","url":"https:\/\/www.campingchadeyron.com\/","name":"Camping Chadeyron","description":"","publisher":{"@id":"https:\/\/www.campingchadeyron.com\/#organization"},"potentialAction":[{"@type":"SearchAction","target":{"@type":"EntryPoint","urlTemplate":"https:\/\/www.campingchadeyron.com\/?s={search_term_string}"},"query-input":{"@type":"PropertyValueSpecification","valueRequired":true,"valueName":"search_term_string"}}],"inLanguage":"nl-NL"},{"@type":"Organization","@id":"https:\/\/www.campingchadeyron.com\/#organization","name":"Domaine de Chadeyron","url":"https:\/\/www.campingchadeyron.com\/","logo":{"@type":"ImageObject","inLanguage":"nl-NL","@id":"https:\/\/www.campingchadeyron.com\/#\/schema\/logo\/image\/","url":"https:\/\/www.campingchadeyron.com\/wp-content\/uploads\/2025\/05\/domaine-de-chadeyron.png","contentUrl":"https:\/\/www.campingchadeyron.com\/wp-content\/uploads\/2025\/05\/domaine-de-chadeyron.png","width":215,"height":112,"caption":"Domaine de Chadeyron"},"image":{"@id":"https:\/\/www.campingchadeyron.com\/#\/schema\/logo\/image\/"}}]}},"_links":{"self":[{"href":"https:\/\/www.campingchadeyron.com\/nl\/wp-json\/wp\/v2\/pages\/583"}],"collection":[{"href":"https:\/\/www.campingchadeyron.com\/nl\/wp-json\/wp\/v2\/pages"}],"about":[{"href":"https:\/\/www.campingchadeyron.com\/nl\/wp-json\/wp\/v2\/types\/page"}],"author":[{"embeddable":true,"href":"https:\/\/www.campingchadeyron.com\/nl\/wp-json\/wp\/v2\/users\/1"}],"replies":[{"embeddable":true,"href":"https:\/\/www.campingchadeyron.com\/nl\/wp-json\/wp\/v2\/comments?post=583"}],"version-history":[{"count":1,"href":"https:\/\/www.campingchadeyron.com\/nl\/wp-json\/wp\/v2\/pages\/583\/revisions"}],"predecessor-version":[{"id":588,"href":"https:\/\/www.campingchadeyron.com\/nl\/wp-json\/wp\/v2\/pages\/583\/revisions\/588"}],"up":[{"embeddable":true,"href":"https:\/\/www.campingchadeyron.com\/nl\/wp-json\/wp\/v2\/pages\/589"}],"wp:featuredmedia":[{"embeddable":true,"href":"https:\/\/www.campingchadeyron.com\/nl\/wp-json\/wp\/v2\/media\/338"}],"wp:attachment":[{"href":"https:\/\/www.campingchadeyron.com\/nl\/wp-json\/wp\/v2\/media?parent=583"}],"curies":[{"name":"wp","href":"https:\/\/api.w.org\/{rel}","templated":true}]}}