{"id":589,"date":"2017-01-18T11:48:20","date_gmt":"2017-01-18T10:48:20","guid":{"rendered":"http:\/\/www.campingchadeyron.com\/camping-ardeche\/"},"modified":"2017-02-27T14:03:21","modified_gmt":"2017-02-27T13:03:21","slug":"camping-ardeche","status":"publish","type":"page","link":"https:\/\/www.campingchadeyron.com\/nl\/camping-ardeche\/","title":{"rendered":"Camping Ard\u00e8che"},"content":{"rendered":"<p>[vc_row][vc_column width=&#8221;1\/3&#8243; css=&#8221;.vc_custom_1485875185457{padding-right: 4px !important;padding-left: 4px !important;}&#8221;][vc_column_text el_class=&#8221;block-slogan&#8221; css=&#8221;.vc_custom_1488184395001{margin-bottom: 8px !important;}&#8221;]Van de Mont Gerbier des Joncs tot de Pont d\u2019Arc, met zijn klimaat en zijn levenskunst, zijn gastvrijheid en menselijke warmte zal de Ard\u00e8che u totaal in verrukking brengen.[\/vc_column_text][\/vc_column][vc_column width=&#8221;2\/3&#8243; css=&#8221;.vc_custom_1485875195596{padding-right: 4px !important;padding-left: 4px !important;}&#8221;][vc_single_image image=&#8221;388&#8243; img_size=&#8221;full&#8221; alignment=&#8221;center&#8221; el_class=&#8221;border-img&#8221; css=&#8221;.vc_custom_1487154965641{margin-bottom: 8px !important;}&#8221;][\/vc_column][\/vc_row][vc_row][vc_column width=&#8221;1\/2&#8243; css=&#8221;.vc_custom_1485875207633{padding-right: 4px !important;padding-left: 4px !important;}&#8221;][vc_single_image image=&#8221;389&#8243; img_size=&#8221;full&#8221; alignment=&#8221;center&#8221; el_class=&#8221;border-img&#8221; css=&#8221;.vc_custom_1487155057161{margin-bottom: 8px !important;}&#8221;][\/vc_column][vc_column width=&#8221;1\/2&#8243; css=&#8221;.vc_custom_1485875218605{padding-right: 4px !important;padding-left: 4px !important;}&#8221;][vc_column_text el_class=&#8221;bg-txt&#8221; css=&#8221;.vc_custom_1488184412177{margin-bottom: 8px !important;padding-top: 38px !important;padding-bottom: 37px !important;}&#8221;]Dankzij de grote verscheidenheid aan landschappen, de uiteenlopende fauna en flora, de gepassioneerde landbouwers, zult u het genoegen smaken lekker sappig fruit de proeven, overheerlijke wijnen, pittige kaassoorten, olijfolie die uw salades voortreffelijk zal maken\u2026 [\/vc_column_text][vc_column_text el_class=&#8221;bg-txt&#8221; css=&#8221;.vc_custom_1488184426627{margin-bottom: 8px !important;}&#8221;]De liefhebbers van historische bouwwerken kunnen ook hun hart ophalen in de Ard\u00e8che. Het is een land van kastelen, maar vooral van prachtig behouden dorpjes die hun authenticiteit hebben weten te bewaren. U kunt natuurlijk de grot van de Pont d\u2019Arc bezichtigen, bij de UNESCO als erfgoed geclassificeerd, het museum van de Romeinse wereld in Alba la Romaine, het Ard\u00e8che museum in Balazuc, het museum van de prehistorie bij de Aven (grot) d\u2019Orgnac\u2026[\/vc_column_text][\/vc_column][\/vc_row][vc_row][vc_column width=&#8221;1\/3&#8243; css=&#8221;.vc_custom_1485875207633{padding-right: 4px !important;padding-left: 4px !important;}&#8221;][vc_column_text el_class=&#8221;bg-txt&#8221; css=&#8221;.vc_custom_1488184438555{margin-bottom: 8px !important;}&#8221;]De Ard\u00e8che is eveneens un levensgroot en prachtig speelterrein voor sportievelingen in ieder jaargetijde : Langlaufen op de Ard\u00e9cher hoogvlakte, kano-kayak in de Ard\u00e9cher bergengten, overal wielrennen via de routes van de \u2018Ard\u00e9choise\u2019 (\u2018s werelds belangrijkste wielertocht qua aantal deelnemers), wandeltochten, bergbeklimmen, speleologie, paardrijden, canyoning\u2026 [\/vc_column_text][\/vc_column][vc_column width=&#8221;2\/3&#8243; css=&#8221;.vc_custom_1485875218605{padding-right: 4px !important;padding-left: 4px !important;}&#8221;][vc_single_image image=&#8221;393&#8243; img_size=&#8221;full&#8221; alignment=&#8221;center&#8221; el_class=&#8221;border-img&#8221; css=&#8221;.vc_custom_1487155411808{margin-bottom: 8px !important;}&#8221;][\/vc_column][\/vc_row][vc_row][vc_column css=&#8221;.vc_custom_1487772419793{padding-right: 4px !important;padding-left: 4px !important;}&#8221;][vc_column_text el_class=&#8221;block-slogan center&#8221; css=&#8221;.vc_custom_1488184807069{margin-top: 50px !important;margin-bottom: 8px !important;padding-top: 14px !important;padding-bottom: 8px !important;}&#8221;]<\/p>\n<p class=\"title\">Ontdek de Ard\u00e8che<\/p>\n<h2 class=\"subtitle\">Ard\u00e8che vakantie<\/h2>\n<p>[\/vc_column_text][\/vc_column][\/vc_row]<\/p>\n","protected":false},"excerpt":{"rendered":"<p>[vc_row][vc_column width=&#8221;1\/3&#8243; css=&#8221;.vc_custom_1485875185457{padding-right: 4px !important;padding-left: 4px !important;}&#8221;][vc_column_text el_class=&#8221;block-slogan&#8221; css=&#8221;.vc_custom_1488184395001{margin-bottom: 8px [&hellip;]<\/p>\n<a href=\"https:\/\/www.campingchadeyron.com\/nl\/camping-ardeche\/\">View Post<\/a>","protected":false},"author":1,"featured_media":391,"parent":0,"menu_order":0,"comment_status":"closed","ping_status":"closed","template":"page-templates\/parent-page.php","meta":{"_acf_changed":false,"footnotes":""},"class_list":["post-589","page","type-page","status-publish","has-post-thumbnail","hentry"],"acf":[],"yoast_head":"<!-- This site is optimized with the Yoast SEO plugin v25.3 - https:\/\/yoast.com\/wordpress\/plugins\/seo\/ -->\n<title>Urlaub Ard\u00e8che Camping - Camping Ard\u00e8che - Vermietung Ardeche<\/title>\n<meta name=\"robots\" content=\"index, follow, max-snippet:-1, max-image-preview:large, max-video-preview:-1\" \/>\n<link rel=\"canonical\" href=\"https:\/\/www.campingchadeyron.com\/nl\/camping-ardeche\/\" \/>\n<meta property=\"og:locale\" content=\"nl_NL\" \/>\n<meta property=\"og:type\" content=\"article\" \/>\n<meta property=\"og:title\" content=\"Urlaub Ard\u00e8che Camping - Camping Ard\u00e8che - Vermietung Ardeche\" \/>\n<meta property=\"og:description\" content=\"[vc_row][vc_column width=&#8221;1\/3&#8243; css=&#8221;.vc_custom_1485875185457{padding-right: 4px !important;padding-left: 4px !important;}&#8221;][vc_column_text el_class=&#8221;block-slogan&#8221; css=&#8221;.vc_custom_1488184395001{margin-bottom: 8px [&hellip;]\" \/>\n<meta property=\"og:url\" content=\"https:\/\/www.campingchadeyron.com\/nl\/camping-ardeche\/\" \/>\n<meta property=\"og:site_name\" content=\"Camping Chadeyron\" \/>\n<meta property=\"article:modified_time\" content=\"2017-02-27T13:03:21+00:00\" \/>\n<meta property=\"og:image\" content=\"https:\/\/www.campingchadeyron.com\/wp-content\/uploads\/2017\/01\/location-mobil-home-en-ardeche.jpg\" \/>\n\t<meta property=\"og:image:width\" content=\"1900\" \/>\n\t<meta property=\"og:image:height\" content=\"500\" \/>\n\t<meta property=\"og:image:type\" content=\"image\/jpeg\" \/>\n<meta name=\"twitter:card\" content=\"summary_large_image\" \/>\n<meta name=\"twitter:label1\" content=\"Geschatte leestijd\" \/>\n\t<meta name=\"twitter:data1\" content=\"2 minuten\" \/>\n<script type=\"application\/ld+json\" class=\"yoast-schema-graph\">{\"@context\":\"https:\/\/schema.org\",\"@graph\":[{\"@type\":\"WebPage\",\"@id\":\"https:\/\/www.campingchadeyron.com\/nl\/camping-ardeche\/\",\"url\":\"https:\/\/www.campingchadeyron.com\/nl\/camping-ardeche\/\",\"name\":\"Urlaub Ard\u00e8che Camping - Camping Ard\u00e8che - Vermietung Ardeche\",\"isPartOf\":{\"@id\":\"https:\/\/www.campingchadeyron.com\/#website\"},\"primaryImageOfPage\":{\"@id\":\"https:\/\/www.campingchadeyron.com\/nl\/camping-ardeche\/#primaryimage\"},\"image\":{\"@id\":\"https:\/\/www.campingchadeyron.com\/nl\/camping-ardeche\/#primaryimage\"},\"thumbnailUrl\":\"https:\/\/www.campingchadeyron.com\/wp-content\/uploads\/2017\/01\/location-mobil-home-en-ardeche.jpg\",\"datePublished\":\"2017-01-18T10:48:20+00:00\",\"dateModified\":\"2017-02-27T13:03:21+00:00\",\"breadcrumb\":{\"@id\":\"https:\/\/www.campingchadeyron.com\/nl\/camping-ardeche\/#breadcrumb\"},\"inLanguage\":\"nl-NL\",\"potentialAction\":[{\"@type\":\"ReadAction\",\"target\":[\"https:\/\/www.campingchadeyron.com\/nl\/camping-ardeche\/\"]}]},{\"@type\":\"ImageObject\",\"inLanguage\":\"nl-NL\",\"@id\":\"https:\/\/www.campingchadeyron.com\/nl\/camping-ardeche\/#primaryimage\",\"url\":\"https:\/\/www.campingchadeyron.com\/wp-content\/uploads\/2017\/01\/location-mobil-home-en-ardeche.jpg\",\"contentUrl\":\"https:\/\/www.campingchadeyron.com\/wp-content\/uploads\/2017\/01\/location-mobil-home-en-ardeche.jpg\",\"width\":1900,\"height\":500,\"caption\":\"Location mobil-home en Ard\u00e8che\"},{\"@type\":\"BreadcrumbList\",\"@id\":\"https:\/\/www.campingchadeyron.com\/nl\/camping-ardeche\/#breadcrumb\",\"itemListElement\":[{\"@type\":\"ListItem\",\"position\":1,\"name\":\"Accueil\",\"item\":\"https:\/\/www.campingchadeyron.com\/nl\/\"},{\"@type\":\"ListItem\",\"position\":2,\"name\":\"Camping Ard\u00e8che\"}]},{\"@type\":\"WebSite\",\"@id\":\"https:\/\/www.campingchadeyron.com\/#website\",\"url\":\"https:\/\/www.campingchadeyron.com\/\",\"name\":\"Camping Chadeyron\",\"description\":\"\",\"publisher\":{\"@id\":\"https:\/\/www.campingchadeyron.com\/#organization\"},\"potentialAction\":[{\"@type\":\"SearchAction\",\"target\":{\"@type\":\"EntryPoint\",\"urlTemplate\":\"https:\/\/www.campingchadeyron.com\/?s={search_term_string}\"},\"query-input\":{\"@type\":\"PropertyValueSpecification\",\"valueRequired\":true,\"valueName\":\"search_term_string\"}}],\"inLanguage\":\"nl-NL\"},{\"@type\":\"Organization\",\"@id\":\"https:\/\/www.campingchadeyron.com\/#organization\",\"name\":\"Domaine de Chadeyron\",\"url\":\"https:\/\/www.campingchadeyron.com\/\",\"logo\":{\"@type\":\"ImageObject\",\"inLanguage\":\"nl-NL\",\"@id\":\"https:\/\/www.campingchadeyron.com\/#\/schema\/logo\/image\/\",\"url\":\"https:\/\/www.campingchadeyron.com\/wp-content\/uploads\/2025\/05\/domaine-de-chadeyron.png\",\"contentUrl\":\"https:\/\/www.campingchadeyron.com\/wp-content\/uploads\/2025\/05\/domaine-de-chadeyron.png\",\"width\":215,\"height\":112,\"caption\":\"Domaine de Chadeyron\"},\"image\":{\"@id\":\"https:\/\/www.campingchadeyron.com\/#\/schema\/logo\/image\/\"}}]}<\/script>\n<!-- \/ Yoast SEO plugin. -->","yoast_head_json":{"title":"Urlaub Ard\u00e8che Camping - Camping Ard\u00e8che - Vermietung Ardeche","robots":{"index":"index","follow":"follow","max-snippet":"max-snippet:-1","max-image-preview":"max-image-preview:large","max-video-preview":"max-video-preview:-1"},"canonical":"https:\/\/www.campingchadeyron.com\/nl\/camping-ardeche\/","og_locale":"nl_NL","og_type":"article","og_title":"Urlaub Ard\u00e8che Camping - Camping Ard\u00e8che - Vermietung Ardeche","og_description":"[vc_row][vc_column width=&#8221;1\/3&#8243; css=&#8221;.vc_custom_1485875185457{padding-right: 4px !important;padding-left: 4px !important;}&#8221;][vc_column_text el_class=&#8221;block-slogan&#8221; css=&#8221;.vc_custom_1488184395001{margin-bottom: 8px [&hellip;]","og_url":"https:\/\/www.campingchadeyron.com\/nl\/camping-ardeche\/","og_site_name":"Camping Chadeyron","article_modified_time":"2017-02-27T13:03:21+00:00","og_image":[{"width":1900,"height":500,"url":"https:\/\/www.campingchadeyron.com\/wp-content\/uploads\/2017\/01\/location-mobil-home-en-ardeche.jpg","type":"image\/jpeg"}],"twitter_card":"summary_large_image","twitter_misc":{"Geschatte leestijd":"2 minuten"},"schema":{"@context":"https:\/\/schema.org","@graph":[{"@type":"WebPage","@id":"https:\/\/www.campingchadeyron.com\/nl\/camping-ardeche\/","url":"https:\/\/www.campingchadeyron.com\/nl\/camping-ardeche\/","name":"Urlaub Ard\u00e8che Camping - Camping Ard\u00e8che - Vermietung Ardeche","isPartOf":{"@id":"https:\/\/www.campingchadeyron.com\/#website"},"primaryImageOfPage":{"@id":"https:\/\/www.campingchadeyron.com\/nl\/camping-ardeche\/#primaryimage"},"image":{"@id":"https:\/\/www.campingchadeyron.com\/nl\/camping-ardeche\/#primaryimage"},"thumbnailUrl":"https:\/\/www.campingchadeyron.com\/wp-content\/uploads\/2017\/01\/location-mobil-home-en-ardeche.jpg","datePublished":"2017-01-18T10:48:20+00:00","dateModified":"2017-02-27T13:03:21+00:00","breadcrumb":{"@id":"https:\/\/www.campingchadeyron.com\/nl\/camping-ardeche\/#breadcrumb"},"inLanguage":"nl-NL","potentialAction":[{"@type":"ReadAction","target":["https:\/\/www.campingchadeyron.com\/nl\/camping-ardeche\/"]}]},{"@type":"ImageObject","inLanguage":"nl-NL","@id":"https:\/\/www.campingchadeyron.com\/nl\/camping-ardeche\/#primaryimage","url":"https:\/\/www.campingchadeyron.com\/wp-content\/uploads\/2017\/01\/location-mobil-home-en-ardeche.jpg","contentUrl":"https:\/\/www.campingchadeyron.com\/wp-content\/uploads\/2017\/01\/location-mobil-home-en-ardeche.jpg","width":1900,"height":500,"caption":"Location mobil-home en Ard\u00e8che"},{"@type":"BreadcrumbList","@id":"https:\/\/www.campingchadeyron.com\/nl\/camping-ardeche\/#breadcrumb","itemListElement":[{"@type":"ListItem","position":1,"name":"Accueil","item":"https:\/\/www.campingchadeyron.com\/nl\/"},{"@type":"ListItem","position":2,"name":"Camping Ard\u00e8che"}]},{"@type":"WebSite","@id":"https:\/\/www.campingchadeyron.com\/#website","url":"https:\/\/www.campingchadeyron.com\/","name":"Camping Chadeyron","description":"","publisher":{"@id":"https:\/\/www.campingchadeyron.com\/#organization"},"potentialAction":[{"@type":"SearchAction","target":{"@type":"EntryPoint","urlTemplate":"https:\/\/www.campingchadeyron.com\/?s={search_term_string}"},"query-input":{"@type":"PropertyValueSpecification","valueRequired":true,"valueName":"search_term_string"}}],"inLanguage":"nl-NL"},{"@type":"Organization","@id":"https:\/\/www.campingchadeyron.com\/#organization","name":"Domaine de Chadeyron","url":"https:\/\/www.campingchadeyron.com\/","logo":{"@type":"ImageObject","inLanguage":"nl-NL","@id":"https:\/\/www.campingchadeyron.com\/#\/schema\/logo\/image\/","url":"https:\/\/www.campingchadeyron.com\/wp-content\/uploads\/2025\/05\/domaine-de-chadeyron.png","contentUrl":"https:\/\/www.campingchadeyron.com\/wp-content\/uploads\/2025\/05\/domaine-de-chadeyron.png","width":215,"height":112,"caption":"Domaine de Chadeyron"},"image":{"@id":"https:\/\/www.campingchadeyron.com\/#\/schema\/logo\/image\/"}}]}},"_links":{"self":[{"href":"https:\/\/www.campingchadeyron.com\/nl\/wp-json\/wp\/v2\/pages\/589"}],"collection":[{"href":"https:\/\/www.campingchadeyron.com\/nl\/wp-json\/wp\/v2\/pages"}],"about":[{"href":"https:\/\/www.campingchadeyron.com\/nl\/wp-json\/wp\/v2\/types\/page"}],"author":[{"embeddable":true,"href":"https:\/\/www.campingchadeyron.com\/nl\/wp-json\/wp\/v2\/users\/1"}],"replies":[{"embeddable":true,"href":"https:\/\/www.campingchadeyron.com\/nl\/wp-json\/wp\/v2\/comments?post=589"}],"version-history":[{"count":3,"href":"https:\/\/www.campingchadeyron.com\/nl\/wp-json\/wp\/v2\/pages\/589\/revisions"}],"predecessor-version":[{"id":592,"href":"https:\/\/www.campingchadeyron.com\/nl\/wp-json\/wp\/v2\/pages\/589\/revisions\/592"}],"wp:featuredmedia":[{"embeddable":true,"href":"https:\/\/www.campingchadeyron.com\/nl\/wp-json\/wp\/v2\/media\/391"}],"wp:attachment":[{"href":"https:\/\/www.campingchadeyron.com\/nl\/wp-json\/wp\/v2\/media?parent=589"}],"curies":[{"name":"wp","href":"https:\/\/api.w.org\/{rel}","templated":true}]}}