{"id":627,"date":"2017-01-18T11:48:45","date_gmt":"2017-01-18T10:48:45","guid":{"rendered":"http:\/\/www.campingchadeyron.com\/camping-ardeche\/camping-lagorce\/"},"modified":"2017-09-07T16:45:54","modified_gmt":"2017-09-07T14:45:54","slug":"camping-lagorce","status":"publish","type":"page","link":"https:\/\/www.campingchadeyron.com\/nl\/camping-ardeche\/camping-lagorce\/","title":{"rendered":"Camping Lagorce"},"content":{"rendered":"<p>[vc_row][vc_column width=&#8221;1\/2&#8243; css=&#8221;.vc_custom_1485875185457{padding-right: 4px !important;padding-left: 4px !important;}&#8221;][vc_column_text el_class=&#8221;block-slogan&#8221; css=&#8221;.vc_custom_1504795532570{margin-bottom: 8px !important;}&#8221;]Notre tr\u00e8s beau village est situ\u00e9 \u00e0 2 kms du <a href=\"\/camping-ardeche\/\">camping Ardeche<\/a>.[\/vc_column_text][vc_column_text el_class=&#8221;bg-txt&#8221; css=&#8221;.vc_custom_1486051757206{margin-bottom: 8px !important;}&#8221;]Vous pouvez vous y rendre \u00e0 pied en prenant un petit chemin qui traverse la propri\u00e9t\u00e9. Ce village proven\u00e7al est construit contre un \u00e9peron rocheux. Vous allez adorer ses petites ruelles tortueuses. Au centre du village, nous avons une \u00e9picerie multiservice tr\u00e8s bien achaland\u00e9e avec l\u00e9gumes frais, charcuterie, viande, fromages, vins, produits locaux\u2026[\/vc_column_text][\/vc_column][vc_column width=&#8221;1\/2&#8243; css=&#8221;.vc_custom_1485875195596{padding-right: 4px !important;padding-left: 4px !important;}&#8221;][vc_single_image image=&#8221;305&#8243; img_size=&#8221;full&#8221; alignment=&#8221;center&#8221; el_class=&#8221;border-img&#8221; css=&#8221;.vc_custom_1486051627194{margin-bottom: 8px !important;}&#8221;][\/vc_column][\/vc_row][vc_row][vc_column width=&#8221;1\/2&#8243; css=&#8221;.vc_custom_1485875207633{padding-right: 4px !important;padding-left: 4px !important;}&#8221;][vc_single_image image=&#8221;306&#8243; img_size=&#8221;full&#8221; alignment=&#8221;center&#8221; el_class=&#8221;border-img&#8221; css=&#8221;.vc_custom_1486051712050{margin-bottom: 8px !important;}&#8221;][\/vc_column][vc_column width=&#8221;1\/2&#8243; css=&#8221;.vc_custom_1485875218605{padding-right: 4px !important;padding-left: 4px !important;}&#8221;][vc_column_text el_class=&#8221;bg-txt&#8221; css=&#8221;.vc_custom_1487675786837{margin-bottom: 8px !important;}&#8221;]Une \u00e9tape s\u2019impose au restaurant \u00ab les Tilleuls \u00bb. D\u00e9licieuse cuisine \u00e0 appr\u00e9cier sur une magnifique terrasse panoramique.<br \/>\n<span style=\"font-weight: bold;\">La Magnanerie<\/span> : Mus\u00e9e du vers \u00e0 soie, r\u00e9cemment totalement r\u00e9nov\u00e9.<br \/>\n<span style=\"font-weight: bold;\">Chemin botanique<\/span> avec au sommet la charmante chapelle de \u00ab Notre Dame d\u2019Ajude \u00bb. Vue splendide sur le village.<br \/>\n<span style=\"font-weight: bold;\">Vall\u00e9e de l\u2019Ibie<\/span> : Allez vous rafraichir au \u00ab Trou de la Lune \u00bb ! Petits et grands vont adorer se baigner dans l\u2019eau pure de cette rivi\u00e8re au \u00be souterraine.<br \/>\n<span style=\"font-weight: bold;\">Cascade de la Sompe<\/span> : Apr\u00e8s un bel orage, \u00e0 30 minutes \u00e0 pied du camping, une majestueuse cascade ! Visite inoubliable ![\/vc_column_text][vc_column_text el_class=&#8221;bg-txt&#8221; css=&#8221;.vc_custom_1487771767540{padding-top: 37px !important;padding-bottom: 38px !important;}&#8221;]De nombreux jeunes agriculteurs font revivre notre village. Plusieurs vignerons passionn\u00e9s, 1 producteur d\u2019huile d\u2019olive, des \u00e9leveurs caprins et ovins\u2026 La plupart sont en agriculture biologique ou raisonn\u00e9e. Ils se feront un plaisir de vous faire d\u00e9guster leur production, soit au petit march\u00e9 hebdomadaire du village ou directement \u00e0 leur propri\u00e9t\u00e9.[\/vc_column_text][\/vc_column][\/vc_row]<\/p>\n","protected":false},"excerpt":{"rendered":"<p>[vc_row][vc_column width=&#8221;1\/2&#8243; css=&#8221;.vc_custom_1485875185457{padding-right: 4px !important;padding-left: 4px !important;}&#8221;][vc_column_text el_class=&#8221;block-slogan&#8221; css=&#8221;.vc_custom_1504795532570{margin-bottom: 8px [&hellip;]<\/p>\n<a href=\"https:\/\/www.campingchadeyron.com\/nl\/camping-ardeche\/camping-lagorce\/\">View Post<\/a>","protected":false},"author":1,"featured_media":1058,"parent":589,"menu_order":0,"comment_status":"closed","ping_status":"closed","template":"","meta":{"_acf_changed":false,"footnotes":""},"class_list":["post-627","page","type-page","status-publish","has-post-thumbnail","hentry"],"acf":[],"yoast_head":"<!-- This site is optimized with the Yoast SEO plugin v25.3 - https:\/\/yoast.com\/wordpress\/plugins\/seo\/ -->\n<title>Camping Lagorce - Vacances camping Lagorce - Location vacances Lagorce<\/title>\n<meta name=\"robots\" content=\"index, follow, max-snippet:-1, max-image-preview:large, max-video-preview:-1\" \/>\n<link rel=\"canonical\" href=\"https:\/\/www.campingchadeyron.com\/nl\/camping-ardeche\/camping-lagorce\/\" \/>\n<meta property=\"og:locale\" content=\"nl_NL\" \/>\n<meta property=\"og:type\" content=\"article\" \/>\n<meta property=\"og:title\" content=\"Camping Lagorce - Vacances camping Lagorce - Location vacances Lagorce\" \/>\n<meta property=\"og:description\" content=\"[vc_row][vc_column width=&#8221;1\/2&#8243; css=&#8221;.vc_custom_1485875185457{padding-right: 4px !important;padding-left: 4px !important;}&#8221;][vc_column_text el_class=&#8221;block-slogan&#8221; css=&#8221;.vc_custom_1504795532570{margin-bottom: 8px [&hellip;]\" \/>\n<meta property=\"og:url\" content=\"https:\/\/www.campingchadeyron.com\/nl\/camping-ardeche\/camping-lagorce\/\" \/>\n<meta property=\"og:site_name\" content=\"Camping Chadeyron\" \/>\n<meta property=\"article:modified_time\" content=\"2017-09-07T14:45:54+00:00\" \/>\n<meta property=\"og:image\" content=\"https:\/\/www.campingchadeyron.com\/wp-content\/uploads\/2017\/01\/vacances-camping-lagorce.jpg\" \/>\n\t<meta property=\"og:image:width\" content=\"1900\" \/>\n\t<meta property=\"og:image:height\" content=\"350\" \/>\n\t<meta property=\"og:image:type\" content=\"image\/jpeg\" \/>\n<meta name=\"twitter:card\" content=\"summary_large_image\" \/>\n<meta name=\"twitter:label1\" content=\"Geschatte leestijd\" \/>\n\t<meta name=\"twitter:data1\" content=\"2 minuten\" \/>\n<script type=\"application\/ld+json\" class=\"yoast-schema-graph\">{\"@context\":\"https:\/\/schema.org\",\"@graph\":[{\"@type\":\"WebPage\",\"@id\":\"https:\/\/www.campingchadeyron.com\/nl\/camping-ardeche\/camping-lagorce\/\",\"url\":\"https:\/\/www.campingchadeyron.com\/nl\/camping-ardeche\/camping-lagorce\/\",\"name\":\"Camping Lagorce - Vacances camping Lagorce - Location vacances Lagorce\",\"isPartOf\":{\"@id\":\"https:\/\/www.campingchadeyron.com\/#website\"},\"primaryImageOfPage\":{\"@id\":\"https:\/\/www.campingchadeyron.com\/nl\/camping-ardeche\/camping-lagorce\/#primaryimage\"},\"image\":{\"@id\":\"https:\/\/www.campingchadeyron.com\/nl\/camping-ardeche\/camping-lagorce\/#primaryimage\"},\"thumbnailUrl\":\"https:\/\/www.campingchadeyron.com\/wp-content\/uploads\/2017\/01\/vacances-camping-lagorce.jpg\",\"datePublished\":\"2017-01-18T10:48:45+00:00\",\"dateModified\":\"2017-09-07T14:45:54+00:00\",\"breadcrumb\":{\"@id\":\"https:\/\/www.campingchadeyron.com\/nl\/camping-ardeche\/camping-lagorce\/#breadcrumb\"},\"inLanguage\":\"nl-NL\",\"potentialAction\":[{\"@type\":\"ReadAction\",\"target\":[\"https:\/\/www.campingchadeyron.com\/nl\/camping-ardeche\/camping-lagorce\/\"]}]},{\"@type\":\"ImageObject\",\"inLanguage\":\"nl-NL\",\"@id\":\"https:\/\/www.campingchadeyron.com\/nl\/camping-ardeche\/camping-lagorce\/#primaryimage\",\"url\":\"https:\/\/www.campingchadeyron.com\/wp-content\/uploads\/2017\/01\/vacances-camping-lagorce.jpg\",\"contentUrl\":\"https:\/\/www.campingchadeyron.com\/wp-content\/uploads\/2017\/01\/vacances-camping-lagorce.jpg\",\"width\":1900,\"height\":350},{\"@type\":\"BreadcrumbList\",\"@id\":\"https:\/\/www.campingchadeyron.com\/nl\/camping-ardeche\/camping-lagorce\/#breadcrumb\",\"itemListElement\":[{\"@type\":\"ListItem\",\"position\":1,\"name\":\"Accueil\",\"item\":\"https:\/\/www.campingchadeyron.com\/nl\/\"},{\"@type\":\"ListItem\",\"position\":2,\"name\":\"Camping Ard\u00e8che\",\"item\":\"https:\/\/www.campingchadeyron.com\/nl\/camping-ardeche\/\"},{\"@type\":\"ListItem\",\"position\":3,\"name\":\"Camping Lagorce\"}]},{\"@type\":\"WebSite\",\"@id\":\"https:\/\/www.campingchadeyron.com\/#website\",\"url\":\"https:\/\/www.campingchadeyron.com\/\",\"name\":\"Camping Chadeyron\",\"description\":\"\",\"publisher\":{\"@id\":\"https:\/\/www.campingchadeyron.com\/#organization\"},\"potentialAction\":[{\"@type\":\"SearchAction\",\"target\":{\"@type\":\"EntryPoint\",\"urlTemplate\":\"https:\/\/www.campingchadeyron.com\/?s={search_term_string}\"},\"query-input\":{\"@type\":\"PropertyValueSpecification\",\"valueRequired\":true,\"valueName\":\"search_term_string\"}}],\"inLanguage\":\"nl-NL\"},{\"@type\":\"Organization\",\"@id\":\"https:\/\/www.campingchadeyron.com\/#organization\",\"name\":\"Domaine de Chadeyron\",\"url\":\"https:\/\/www.campingchadeyron.com\/\",\"logo\":{\"@type\":\"ImageObject\",\"inLanguage\":\"nl-NL\",\"@id\":\"https:\/\/www.campingchadeyron.com\/#\/schema\/logo\/image\/\",\"url\":\"https:\/\/www.campingchadeyron.com\/wp-content\/uploads\/2025\/05\/domaine-de-chadeyron.png\",\"contentUrl\":\"https:\/\/www.campingchadeyron.com\/wp-content\/uploads\/2025\/05\/domaine-de-chadeyron.png\",\"width\":215,\"height\":112,\"caption\":\"Domaine de Chadeyron\"},\"image\":{\"@id\":\"https:\/\/www.campingchadeyron.com\/#\/schema\/logo\/image\/\"}}]}<\/script>\n<!-- \/ Yoast SEO plugin. -->","yoast_head_json":{"title":"Camping Lagorce - Vacances camping Lagorce - Location vacances Lagorce","robots":{"index":"index","follow":"follow","max-snippet":"max-snippet:-1","max-image-preview":"max-image-preview:large","max-video-preview":"max-video-preview:-1"},"canonical":"https:\/\/www.campingchadeyron.com\/nl\/camping-ardeche\/camping-lagorce\/","og_locale":"nl_NL","og_type":"article","og_title":"Camping Lagorce - Vacances camping Lagorce - Location vacances Lagorce","og_description":"[vc_row][vc_column width=&#8221;1\/2&#8243; css=&#8221;.vc_custom_1485875185457{padding-right: 4px !important;padding-left: 4px !important;}&#8221;][vc_column_text el_class=&#8221;block-slogan&#8221; css=&#8221;.vc_custom_1504795532570{margin-bottom: 8px [&hellip;]","og_url":"https:\/\/www.campingchadeyron.com\/nl\/camping-ardeche\/camping-lagorce\/","og_site_name":"Camping Chadeyron","article_modified_time":"2017-09-07T14:45:54+00:00","og_image":[{"width":1900,"height":350,"url":"https:\/\/www.campingchadeyron.com\/wp-content\/uploads\/2017\/01\/vacances-camping-lagorce.jpg","type":"image\/jpeg"}],"twitter_card":"summary_large_image","twitter_misc":{"Geschatte leestijd":"2 minuten"},"schema":{"@context":"https:\/\/schema.org","@graph":[{"@type":"WebPage","@id":"https:\/\/www.campingchadeyron.com\/nl\/camping-ardeche\/camping-lagorce\/","url":"https:\/\/www.campingchadeyron.com\/nl\/camping-ardeche\/camping-lagorce\/","name":"Camping Lagorce - Vacances camping Lagorce - Location vacances Lagorce","isPartOf":{"@id":"https:\/\/www.campingchadeyron.com\/#website"},"primaryImageOfPage":{"@id":"https:\/\/www.campingchadeyron.com\/nl\/camping-ardeche\/camping-lagorce\/#primaryimage"},"image":{"@id":"https:\/\/www.campingchadeyron.com\/nl\/camping-ardeche\/camping-lagorce\/#primaryimage"},"thumbnailUrl":"https:\/\/www.campingchadeyron.com\/wp-content\/uploads\/2017\/01\/vacances-camping-lagorce.jpg","datePublished":"2017-01-18T10:48:45+00:00","dateModified":"2017-09-07T14:45:54+00:00","breadcrumb":{"@id":"https:\/\/www.campingchadeyron.com\/nl\/camping-ardeche\/camping-lagorce\/#breadcrumb"},"inLanguage":"nl-NL","potentialAction":[{"@type":"ReadAction","target":["https:\/\/www.campingchadeyron.com\/nl\/camping-ardeche\/camping-lagorce\/"]}]},{"@type":"ImageObject","inLanguage":"nl-NL","@id":"https:\/\/www.campingchadeyron.com\/nl\/camping-ardeche\/camping-lagorce\/#primaryimage","url":"https:\/\/www.campingchadeyron.com\/wp-content\/uploads\/2017\/01\/vacances-camping-lagorce.jpg","contentUrl":"https:\/\/www.campingchadeyron.com\/wp-content\/uploads\/2017\/01\/vacances-camping-lagorce.jpg","width":1900,"height":350},{"@type":"BreadcrumbList","@id":"https:\/\/www.campingchadeyron.com\/nl\/camping-ardeche\/camping-lagorce\/#breadcrumb","itemListElement":[{"@type":"ListItem","position":1,"name":"Accueil","item":"https:\/\/www.campingchadeyron.com\/nl\/"},{"@type":"ListItem","position":2,"name":"Camping Ard\u00e8che","item":"https:\/\/www.campingchadeyron.com\/nl\/camping-ardeche\/"},{"@type":"ListItem","position":3,"name":"Camping Lagorce"}]},{"@type":"WebSite","@id":"https:\/\/www.campingchadeyron.com\/#website","url":"https:\/\/www.campingchadeyron.com\/","name":"Camping Chadeyron","description":"","publisher":{"@id":"https:\/\/www.campingchadeyron.com\/#organization"},"potentialAction":[{"@type":"SearchAction","target":{"@type":"EntryPoint","urlTemplate":"https:\/\/www.campingchadeyron.com\/?s={search_term_string}"},"query-input":{"@type":"PropertyValueSpecification","valueRequired":true,"valueName":"search_term_string"}}],"inLanguage":"nl-NL"},{"@type":"Organization","@id":"https:\/\/www.campingchadeyron.com\/#organization","name":"Domaine de Chadeyron","url":"https:\/\/www.campingchadeyron.com\/","logo":{"@type":"ImageObject","inLanguage":"nl-NL","@id":"https:\/\/www.campingchadeyron.com\/#\/schema\/logo\/image\/","url":"https:\/\/www.campingchadeyron.com\/wp-content\/uploads\/2025\/05\/domaine-de-chadeyron.png","contentUrl":"https:\/\/www.campingchadeyron.com\/wp-content\/uploads\/2025\/05\/domaine-de-chadeyron.png","width":215,"height":112,"caption":"Domaine de Chadeyron"},"image":{"@id":"https:\/\/www.campingchadeyron.com\/#\/schema\/logo\/image\/"}}]}},"_links":{"self":[{"href":"https:\/\/www.campingchadeyron.com\/nl\/wp-json\/wp\/v2\/pages\/627"}],"collection":[{"href":"https:\/\/www.campingchadeyron.com\/nl\/wp-json\/wp\/v2\/pages"}],"about":[{"href":"https:\/\/www.campingchadeyron.com\/nl\/wp-json\/wp\/v2\/types\/page"}],"author":[{"embeddable":true,"href":"https:\/\/www.campingchadeyron.com\/nl\/wp-json\/wp\/v2\/users\/1"}],"replies":[{"embeddable":true,"href":"https:\/\/www.campingchadeyron.com\/nl\/wp-json\/wp\/v2\/comments?post=627"}],"version-history":[{"count":3,"href":"https:\/\/www.campingchadeyron.com\/nl\/wp-json\/wp\/v2\/pages\/627\/revisions"}],"predecessor-version":[{"id":1057,"href":"https:\/\/www.campingchadeyron.com\/nl\/wp-json\/wp\/v2\/pages\/627\/revisions\/1057"}],"up":[{"embeddable":true,"href":"https:\/\/www.campingchadeyron.com\/nl\/wp-json\/wp\/v2\/pages\/589"}],"wp:featuredmedia":[{"embeddable":true,"href":"https:\/\/www.campingchadeyron.com\/nl\/wp-json\/wp\/v2\/media\/1058"}],"wp:attachment":[{"href":"https:\/\/www.campingchadeyron.com\/nl\/wp-json\/wp\/v2\/media?parent=627"}],"curies":[{"name":"wp","href":"https:\/\/api.w.org\/{rel}","templated":true}]}}